{"id":7668,"date":"2024-10-24T00:59:26","date_gmt":"2024-10-23T22:59:26","guid":{"rendered":"http:\/\/billigtrikots.com\/?post_type=product&#038;p=7668"},"modified":"2024-10-24T01:01:13","modified_gmt":"2024-10-23T23:01:13","slug":"herren-fc-barcelona-22-23-heimtrikot-dunkelblau-trikotsatz-online-kaufen-messi-10","status":"publish","type":"product","link":"https:\/\/www.billigtrikotde.com\/fr\/herren-fc-barcelona-22-23-heimtrikot-dunkelblau-trikotsatz-online-kaufen-messi-10\/","title":{"rendered":"Hommes FC Barcelone 22\/23 Maillot domicile bleu fonc\u00e9 Jeu de maillots acheter en ligne MESSI 10"},"content":{"rendered":"<p>D\u00e9couvrez le maillot domicile Bar\u00e7a 2022\/2023. Portez fi\u00e8rement les couleurs des Blaugrana sur le terrain ou \u00e0 l'ext\u00e9rieur.<\/p>\n<p>Un maillot flexible et l\u00e9ger avec la technologie Nike Dri-FIT, un v\u00eatement qui emp\u00eache la transpiration de p\u00e9n\u00e9trer dans votre jeu ou votre entra\u00eenement. Restez au sec apr\u00e8s vos acc\u00e9l\u00e9rations.<\/p>\n<p>Imaginez que les spectateurs au Camp Nou vous encouragent apr\u00e8s un but exceptionnel. Excitant, n'est-ce pas ?<\/p>\n<p>Conseils pour l'impression : Si le nom et le num\u00e9ro figurant sur l'image correspondent exactement \u00e0 ce que vous souhaitez, vous ne devez pas les saisir \u00e0 nouveau. Si ce n'est pas le cas, vous devez saisir le nom et le num\u00e9ro que vous souhaitez.<\/p>\n<p>Conseils pour le lavage : Il est recommand\u00e9 de laver les maillots de football \u00e0 la main. Si vous souhaitez utiliser la machine \u00e0 laver, pensez \u00e0 retourner les maillots de football avant de les laver. Remplissez la machine avec de l'eau froide et utilisez un cycle de lavage d\u00e9licat pour mieux prot\u00e9ger les couleurs.<\/p>","protected":false},"excerpt":{"rendered":"<p>D\u00e9couvrez le maillot domicile Bar\u00e7a 2022\/2023. Portez fi\u00e8rement les couleurs des Blaugrana sur le terrain ou en dehors. Un maillot flexible et l\u00e9ger avec la technologie Nike Dri-Fit, un v\u00eatement qui emp\u00eache la transpiration d\u2019envahir votre jeu ou entra\u00eenement. Restez au sec apr\u00e8s vos acc\u00e9l\u00e9rations. Imaginez les spectateurs au Camp Nou \u2026<\/p>","protected":false},"featured_media":7705,"comment_status":"open","ping_status":"closed","template":"","meta":[],"product_brand":[],"product_cat":[31],"product_tag":[32,20,33,21,22,23,24],"class_list":{"0":"post-7668","1":"product","2":"type-product","3":"status-publish","4":"has-post-thumbnail","6":"product_cat-fc-barcelona","7":"product_tag-barcelona-heimtrikot","8":"product_tag-coole-fussballtrikots","9":"product_tag-fc-barcelona-trikots","10":"product_tag-fussballtrikot-fuer-herren","11":"product_tag-fussballtrikot-guenstig-kaufen","12":"product_tag-fussballtrikot-kurzarm","13":"product_tag-guenstiges-fussballtrikot","15":"first","16":"instock","17":"shipping-taxable","18":"purchasable","19":"product-type-variable"},"_links":{"self":[{"href":"https:\/\/www.billigtrikotde.com\/fr\/wp-json\/wp\/v2\/product\/7668","targetHints":{"allow":["GET"]}}],"collection":[{"href":"https:\/\/www.billigtrikotde.com\/fr\/wp-json\/wp\/v2\/product"}],"about":[{"href":"https:\/\/www.billigtrikotde.com\/fr\/wp-json\/wp\/v2\/types\/product"}],"replies":[{"embeddable":true,"href":"https:\/\/www.billigtrikotde.com\/fr\/wp-json\/wp\/v2\/comments?post=7668"}],"wp:featuredmedia":[{"embeddable":true,"href":"https:\/\/www.billigtrikotde.com\/fr\/wp-json\/wp\/v2\/media\/7705"}],"wp:attachment":[{"href":"https:\/\/www.billigtrikotde.com\/fr\/wp-json\/wp\/v2\/media?parent=7668"}],"wp:term":[{"taxonomy":"product_brand","embeddable":true,"href":"https:\/\/www.billigtrikotde.com\/fr\/wp-json\/wp\/v2\/product_brand?post=7668"},{"taxonomy":"product_cat","embeddable":true,"href":"https:\/\/www.billigtrikotde.com\/fr\/wp-json\/wp\/v2\/product_cat?post=7668"},{"taxonomy":"product_tag","embeddable":true,"href":"https:\/\/www.billigtrikotde.com\/fr\/wp-json\/wp\/v2\/product_tag?post=7668"}],"curies":[{"name":"wp","href":"https:\/\/api.w.org\/{rel}","templated":true}]}}