{"id":762,"date":"2024-10-23T13:03:01","date_gmt":"2024-10-23T11:03:01","guid":{"rendered":"http:\/\/billigtrikots.com\/?post_type=product&#038;p=762"},"modified":"2024-10-23T13:04:59","modified_gmt":"2024-10-23T11:04:59","slug":"herren-trikot-away-blau-real-madrid-auswaertstrikot-2022-mit-aufdruck-gutierrez-35","status":"publish","type":"product","link":"https:\/\/www.billigtrikotde.com\/fr\/herren-trikot-away-blau-real-madrid-auswaertstrikot-2022-mit-aufdruck-gutierrez-35\/","title":{"rendered":"Maillot ext\u00e9rieur homme bleu du Real Madrid Maillot ext\u00e9rieur 2022 avec impression Gutierrez 35"},"content":{"rendered":"<p>Montrez votre fiert\u00e9 d'\u00e9quipe et soutenez le Real Madrid lors de la saison 2021\/2022 avec le maillot ext\u00e9rieur officiel adidas. La version fan du maillot ext\u00e9rieur pour hommes ressemble au mod\u00e8le port\u00e9 par les professionnels du Real sur le terrain. Le mat\u00e9riau durable Primegreen est compos\u00e9 de polyester recycl\u00e9 et assure une sensation de confort sec gr\u00e2ce \u00e0 la technologie de gestion de l'humidit\u00e9 AEROREADY. Des d\u00e9tails authentiques de l'\u00e9quipe tels que le blason du club sur la poitrine t\u00e9moignent de votre attachement aux Royals.<\/p>\n<p>Conseils pour l'impression : Si le nom et le num\u00e9ro figurant sur l'image correspondent exactement \u00e0 ce que vous souhaitez, vous ne devez pas les saisir \u00e0 nouveau. Si ce n'est pas le cas, vous devez saisir le nom et le num\u00e9ro que vous souhaitez.<\/p>\n<p>Conseils pour le lavage : Il est recommand\u00e9 de laver les maillots de football \u00e0 la main. Si vous souhaitez utiliser la machine \u00e0 laver, pensez \u00e0 retourner les maillots de football avant de les laver. Remplissez la machine avec de l'eau froide et utilisez un cycle de lavage d\u00e9licat pour mieux prot\u00e9ger les couleurs.<\/p>","protected":false},"excerpt":{"rendered":"<p>Zeige deinen Teamstolz und unterst\u00fctze Real Madrid in der Saison 2021\/2022 im offiziellen adidas Ausw\u00e4rtstrikot. Die Fan-Version des Away Jerseys f\u00fcr Herren sieht aus wie das Modell, das die Real-Profis auf dem Platz tragen. Das nachhaltige Primegreen-Material besteht aus recyceltem Polyester und sorgt dank der feuchtigkeitsableitenden AEROREADY-Technologie f\u00fcr ein angenehm trockenes Tragegef\u00fchl. Authentische Teamdetails wie [&hellip;]<\/p>","protected":false},"featured_media":796,"comment_status":"open","ping_status":"closed","template":"","meta":[],"product_brand":[],"product_cat":[45],"product_tag":[20,21,22,23,24,49,47],"class_list":{"0":"post-762","1":"product","2":"type-product","3":"status-publish","4":"has-post-thumbnail","6":"product_cat-real-madrid","7":"product_tag-coole-fussballtrikots","8":"product_tag-fussballtrikot-fuer-herren","9":"product_tag-fussballtrikot-guenstig-kaufen","10":"product_tag-fussballtrikot-kurzarm","11":"product_tag-guenstiges-fussballtrikot","12":"product_tag-real-madrid-auswaertstrikot","13":"product_tag-real-madrid-trikots","15":"first","16":"instock","17":"shipping-taxable","18":"purchasable","19":"product-type-variable"},"_links":{"self":[{"href":"https:\/\/www.billigtrikotde.com\/fr\/wp-json\/wp\/v2\/product\/762","targetHints":{"allow":["GET"]}}],"collection":[{"href":"https:\/\/www.billigtrikotde.com\/fr\/wp-json\/wp\/v2\/product"}],"about":[{"href":"https:\/\/www.billigtrikotde.com\/fr\/wp-json\/wp\/v2\/types\/product"}],"replies":[{"embeddable":true,"href":"https:\/\/www.billigtrikotde.com\/fr\/wp-json\/wp\/v2\/comments?post=762"}],"wp:featuredmedia":[{"embeddable":true,"href":"https:\/\/www.billigtrikotde.com\/fr\/wp-json\/wp\/v2\/media\/796"}],"wp:attachment":[{"href":"https:\/\/www.billigtrikotde.com\/fr\/wp-json\/wp\/v2\/media?parent=762"}],"wp:term":[{"taxonomy":"product_brand","embeddable":true,"href":"https:\/\/www.billigtrikotde.com\/fr\/wp-json\/wp\/v2\/product_brand?post=762"},{"taxonomy":"product_cat","embeddable":true,"href":"https:\/\/www.billigtrikotde.com\/fr\/wp-json\/wp\/v2\/product_cat?post=762"},{"taxonomy":"product_tag","embeddable":true,"href":"https:\/\/www.billigtrikotde.com\/fr\/wp-json\/wp\/v2\/product_tag?post=762"}],"curies":[{"name":"wp","href":"https:\/\/api.w.org\/{rel}","templated":true}]}}