{"id":7560,"date":"2024-10-23T18:35:05","date_gmt":"2024-10-23T16:35:05","guid":{"rendered":"http:\/\/billigtrikots.com\/?post_type=product&#038;p=7560"},"modified":"2024-10-23T18:37:09","modified_gmt":"2024-10-23T16:37:09","slug":"herren-fc-barcelona-2022-23-ausweichtrikot-weiss-online-kaufen-coutinho-14","status":"publish","type":"product","link":"https:\/\/www.billigtrikotde.com\/fr\/herren-fc-barcelona-2022-23-ausweichtrikot-weiss-online-kaufen-coutinho-14\/","title":{"rendered":"Homme FC Barcelone 2022\/23 maillot d&#039;ext\u00e9rieur blanc En ligne Acheter COUTINHO 14"},"content":{"rendered":"<p>Le maillot de football third de Nike Barcelona 2022-2023 a un design frappant. Il combine une couleur de fond gris clair avec une croix Blaugrana sur le devant.<\/p>\n<p>La couleur officielle du troisi\u00e8me maillot de Nike FC Barcelona 2022-2023 est d\u00e9crite comme \u00ab gris ciel \u00bb et a suscit\u00e9 quelques inqui\u00e9tudes au sein du nouveau conseil d'administration, car elle est trop similaire au blanc, la couleur du Real Madrid.<\/p>\n<p>Cependant, Barcelone avait d\u00e9j\u00e0 en 1998-2001 un maillot ext\u00e9rieur tr\u00e8s similaire en argent. Cependant, le maillot \u00e9tait associ\u00e9 \u00e0 un pantalon bleu il y a 20 ans.<\/p>\n<p>La croix au centre repr\u00e9sente la croix de Sant Jordi (croix de Saint Georges), qui fait partie du blason du club.<\/p>\n<p>Ce maillot rappelle qu'en 2022, cela fera 30 ans que la Generalitat a d\u00e9cern\u00e9 au FC Barcelone la Creu de Sant Jordi.<\/p>\n<p>Conseils pour l'impression : Si le nom et le num\u00e9ro figurant sur l'image correspondent exactement \u00e0 ce que vous souhaitez, vous ne devez pas les saisir \u00e0 nouveau. Si ce n'est pas le cas, vous devez saisir le nom et le num\u00e9ro que vous souhaitez.<\/p>\n<p>Conseils pour le lavage : Il est recommand\u00e9 de laver les maillots de football \u00e0 la main. Si vous souhaitez utiliser la machine \u00e0 laver, pensez \u00e0 retourner les maillots de football avant de les laver. Remplissez la machine avec de l'eau froide et utilisez un cycle de lavage d\u00e9licat pour mieux prot\u00e9ger les couleurs.<\/p>","protected":false},"excerpt":{"rendered":"<p>Le maillot de football third de Nike Barcelone 2022-2023 a un design frappant. Il combine une couleur de fond gris clair avec une croix bleu et grenat sur le devant. La couleur officielle du troisi\u00e8me maillot de Nike FC Barcelone 2022-2023 est d\u00e9crite comme \u00ab gris ciel \u00bb et a suscit\u00e9 quelques inqui\u00e9tudes lors du nouveau comit\u00e9, car elle est trop similaire au blanc, la couleur du Real Madrid [...]<\/p>","protected":false},"featured_media":7598,"comment_status":"open","ping_status":"closed","template":"","meta":[],"product_brand":[],"product_cat":[31],"product_tag":[20,37,33,21,22,23,24],"class_list":{"0":"post-7560","1":"product","2":"type-product","3":"status-publish","4":"has-post-thumbnail","6":"product_cat-fc-barcelona","7":"product_tag-coole-fussballtrikots","8":"product_tag-fc-barcelona-ausweichtrikot","9":"product_tag-fc-barcelona-trikots","10":"product_tag-fussballtrikot-fuer-herren","11":"product_tag-fussballtrikot-guenstig-kaufen","12":"product_tag-fussballtrikot-kurzarm","13":"product_tag-guenstiges-fussballtrikot","15":"first","16":"instock","17":"shipping-taxable","18":"purchasable","19":"product-type-variable"},"_links":{"self":[{"href":"https:\/\/www.billigtrikotde.com\/fr\/wp-json\/wp\/v2\/product\/7560","targetHints":{"allow":["GET"]}}],"collection":[{"href":"https:\/\/www.billigtrikotde.com\/fr\/wp-json\/wp\/v2\/product"}],"about":[{"href":"https:\/\/www.billigtrikotde.com\/fr\/wp-json\/wp\/v2\/types\/product"}],"replies":[{"embeddable":true,"href":"https:\/\/www.billigtrikotde.com\/fr\/wp-json\/wp\/v2\/comments?post=7560"}],"wp:featuredmedia":[{"embeddable":true,"href":"https:\/\/www.billigtrikotde.com\/fr\/wp-json\/wp\/v2\/media\/7598"}],"wp:attachment":[{"href":"https:\/\/www.billigtrikotde.com\/fr\/wp-json\/wp\/v2\/media?parent=7560"}],"wp:term":[{"taxonomy":"product_brand","embeddable":true,"href":"https:\/\/www.billigtrikotde.com\/fr\/wp-json\/wp\/v2\/product_brand?post=7560"},{"taxonomy":"product_cat","embeddable":true,"href":"https:\/\/www.billigtrikotde.com\/fr\/wp-json\/wp\/v2\/product_cat?post=7560"},{"taxonomy":"product_tag","embeddable":true,"href":"https:\/\/www.billigtrikotde.com\/fr\/wp-json\/wp\/v2\/product_tag?post=7560"}],"curies":[{"name":"wp","href":"https:\/\/api.w.org\/{rel}","templated":true}]}}