{"id":7476,"date":"2024-10-23T18:31:07","date_gmt":"2024-10-23T16:31:07","guid":{"rendered":"http:\/\/billigtrikots.com\/?post_type=product&#038;p=7476"},"modified":"2024-10-23T18:33:12","modified_gmt":"2024-10-23T16:33:12","slug":"manchester-city-torwarttrikot-fuer-herren-2022-23-langarm-orange-trikotsatz","status":"publish","type":"product","link":"https:\/\/www.billigtrikotde.com\/fr\/manchester-city-torwarttrikot-fuer-herren-2022-23-langarm-orange-trikotsatz\/","title":{"rendered":"Maillot de gardien de but Manchester City homme 2022\/23 manches longues Orange Jeu de maillots"},"content":{"rendered":"<p>Le maillot de gardien du Manchester City Home pour la saison 22\/23 est un incontournable absolu pour toute jeune garde Cityzen. Il poss\u00e8de un col ras du cou et le \u00ab graphique rapide \u00bb unique de PUMA sur le devant du maillot. Ce maillot pour gar\u00e7ons et filles \u00e0 manches longues et coupe normale vous donne la m\u00eame coupe que Ederson.<\/p>\n<p>Conseils pour l'impression : Si le nom et le num\u00e9ro figurant sur l'image correspondent exactement \u00e0 ce que vous souhaitez, vous ne devez pas les saisir \u00e0 nouveau. Si ce n'est pas le cas, vous devez saisir le nom et le num\u00e9ro que vous souhaitez.<\/p>\n<p>Conseils pour le lavage : Il est recommand\u00e9 de laver les maillots de football \u00e0 la main. Si vous souhaitez utiliser la machine \u00e0 laver, pensez \u00e0 retourner les maillots de football avant de les laver. Remplissez la machine avec de l'eau froide et utilisez un cycle de lavage d\u00e9licat pour mieux prot\u00e9ger les couleurs.<\/p>","protected":false},"excerpt":{"rendered":"<p>Le maillot de gardien du Manchester City Home pour la saison 22\/23 est un incontournable absolu pour toute jeune garde Cityzen. Il poss\u00e8de un col ras du cou et le \u00ab graphique rapide \u00bb unique de PUMA sur le devant du maillot. Ce maillot pour gar\u00e7ons et filles \u00e0 manches longues et coupe normale vous donne la m\u00eame coupe que Ederson.<\/p>","protected":false},"featured_media":7514,"comment_status":"open","ping_status":"closed","template":"","meta":[],"product_brand":[],"product_cat":[82],"product_tag":[20,21,22,333,24,334,273,84],"class_list":{"0":"post-7476","1":"product","2":"type-product","3":"status-publish","4":"has-post-thumbnail","6":"product_cat-manchester-city","7":"product_tag-coole-fussballtrikots","8":"product_tag-fussballtrikot-fuer-herren","9":"product_tag-fussballtrikot-guenstig-kaufen","10":"product_tag-fussballtrikot-langaermeliges","11":"product_tag-guenstiges-fussballtrikot","12":"product_tag-manchester-city-torwarttrikot","13":"product_tag-manchester-city-trikot-22-23","14":"product_tag-manchester-city-trikots","16":"first","17":"instock","18":"shipping-taxable","19":"purchasable","20":"product-type-variable"},"_links":{"self":[{"href":"https:\/\/www.billigtrikotde.com\/fr\/wp-json\/wp\/v2\/product\/7476","targetHints":{"allow":["GET"]}}],"collection":[{"href":"https:\/\/www.billigtrikotde.com\/fr\/wp-json\/wp\/v2\/product"}],"about":[{"href":"https:\/\/www.billigtrikotde.com\/fr\/wp-json\/wp\/v2\/types\/product"}],"replies":[{"embeddable":true,"href":"https:\/\/www.billigtrikotde.com\/fr\/wp-json\/wp\/v2\/comments?post=7476"}],"wp:featuredmedia":[{"embeddable":true,"href":"https:\/\/www.billigtrikotde.com\/fr\/wp-json\/wp\/v2\/media\/7514"}],"wp:attachment":[{"href":"https:\/\/www.billigtrikotde.com\/fr\/wp-json\/wp\/v2\/media?parent=7476"}],"wp:term":[{"taxonomy":"product_brand","embeddable":true,"href":"https:\/\/www.billigtrikotde.com\/fr\/wp-json\/wp\/v2\/product_brand?post=7476"},{"taxonomy":"product_cat","embeddable":true,"href":"https:\/\/www.billigtrikotde.com\/fr\/wp-json\/wp\/v2\/product_cat?post=7476"},{"taxonomy":"product_tag","embeddable":true,"href":"https:\/\/www.billigtrikotde.com\/fr\/wp-json\/wp\/v2\/product_tag?post=7476"}],"curies":[{"name":"wp","href":"https:\/\/api.w.org\/{rel}","templated":true}]}}