{"id":746,"date":"2024-10-23T13:02:26","date_gmt":"2024-10-23T11:02:26","guid":{"rendered":"http:\/\/billigtrikots.com\/?post_type=product&#038;p=746"},"modified":"2024-10-23T13:04:28","modified_gmt":"2024-10-23T11:04:28","slug":"fussball-trikotsatz-real-madrid-ausweichtrikot-2021-22-gruen-mit-aufdruck-kroos-8","status":"publish","type":"product","link":"https:\/\/www.billigtrikotde.com\/fr\/fussball-trikotsatz-real-madrid-ausweichtrikot-2021-22-gruen-mit-aufdruck-kroos-8\/","title":{"rendered":"Football Jeu de maillots Real Madrid echapp\u00e9e 2021\/22 vert avec impression Kroos 8"},"content":{"rendered":"<p>Le t-shirt d'adidas en vert te permet de porter les couleurs de ton club et de montrer \u00e0 tous ce que ton c\u0153ur d\u00e9fend. En tant que vrai fan du Real Madrid, tu as besoin de ce maillot d\u2019ext\u00e9rieur que les joueurs portent en Primera Divisi\u00f3n. Il est respirant, confortable et rafra\u00eechissant. Ce t-shirt est parfaitement adapt\u00e9 \u00e0 ton entra\u00eenement et \u00e0 ton jeu et ne doit manquer dans aucune sacoche de sport. Il se distingue visuellement par un blason du club sur la poitrine.<\/p>\n<p>Conseils pour l'impression : Si le nom et le num\u00e9ro figurant sur l'image correspondent exactement \u00e0 ce que vous souhaitez, vous ne devez pas les saisir \u00e0 nouveau. Si ce n'est pas le cas, vous devez saisir le nom et le num\u00e9ro que vous souhaitez.<\/p>\n<p>Conseils pour le lavage : Il est recommand\u00e9 de laver les maillots de football \u00e0 la main. Si vous souhaitez utiliser la machine \u00e0 laver, pensez \u00e0 retourner les maillots de football avant de les laver. Remplissez la machine avec de l'eau froide et utilisez un cycle de lavage d\u00e9licat pour mieux prot\u00e9ger les couleurs.<\/p>","protected":false},"excerpt":{"rendered":"<p>Das Shirt von adidas in Gr\u00fcn l\u00e4sst dich die Farben deines Vereins tragen und allen zeigen, wof\u00fcr dein Herz schl\u00e4gt. Als echter Real Madrid-Fan brauchst du dieses Ausweich-Shirt, das die Spieler in der Primera Division tragen. Es ist atmungsaktiv, bequem und k\u00fchlend. Dieses Shirt ist optimal f\u00fcr dein Training und Spiel geeignet und darf in [&hellip;]<\/p>","protected":false},"featured_media":784,"comment_status":"open","ping_status":"closed","template":"","meta":[],"product_brand":[],"product_cat":[45],"product_tag":[20,21,22,23,24,48,47],"class_list":{"0":"post-746","1":"product","2":"type-product","3":"status-publish","4":"has-post-thumbnail","6":"product_cat-real-madrid","7":"product_tag-coole-fussballtrikots","8":"product_tag-fussballtrikot-fuer-herren","9":"product_tag-fussballtrikot-guenstig-kaufen","10":"product_tag-fussballtrikot-kurzarm","11":"product_tag-guenstiges-fussballtrikot","12":"product_tag-real-madrid-ausweichtrikot","13":"product_tag-real-madrid-trikots","15":"first","16":"instock","17":"shipping-taxable","18":"purchasable","19":"product-type-variable"},"_links":{"self":[{"href":"https:\/\/www.billigtrikotde.com\/fr\/wp-json\/wp\/v2\/product\/746","targetHints":{"allow":["GET"]}}],"collection":[{"href":"https:\/\/www.billigtrikotde.com\/fr\/wp-json\/wp\/v2\/product"}],"about":[{"href":"https:\/\/www.billigtrikotde.com\/fr\/wp-json\/wp\/v2\/types\/product"}],"replies":[{"embeddable":true,"href":"https:\/\/www.billigtrikotde.com\/fr\/wp-json\/wp\/v2\/comments?post=746"}],"wp:featuredmedia":[{"embeddable":true,"href":"https:\/\/www.billigtrikotde.com\/fr\/wp-json\/wp\/v2\/media\/784"}],"wp:attachment":[{"href":"https:\/\/www.billigtrikotde.com\/fr\/wp-json\/wp\/v2\/media?parent=746"}],"wp:term":[{"taxonomy":"product_brand","embeddable":true,"href":"https:\/\/www.billigtrikotde.com\/fr\/wp-json\/wp\/v2\/product_brand?post=746"},{"taxonomy":"product_cat","embeddable":true,"href":"https:\/\/www.billigtrikotde.com\/fr\/wp-json\/wp\/v2\/product_cat?post=746"},{"taxonomy":"product_tag","embeddable":true,"href":"https:\/\/www.billigtrikotde.com\/fr\/wp-json\/wp\/v2\/product_tag?post=746"}],"curies":[{"name":"wp","href":"https:\/\/api.w.org\/{rel}","templated":true}]}}