{"id":7428,"date":"2024-10-23T18:28:46","date_gmt":"2024-10-23T16:28:46","guid":{"rendered":"http:\/\/billigtrikots.com\/?post_type=product&#038;p=7428"},"modified":"2024-10-23T18:30:58","modified_gmt":"2024-10-23T16:30:58","slug":"kinder-heimtrikot-argentinien-wm-2022-weiss-blau-bestellen-mit-aufdruck-de-paul-7","status":"publish","type":"product","link":"https:\/\/www.billigtrikotde.com\/fr\/kinder-heimtrikot-argentinien-wm-2022-weiss-blau-bestellen-mit-aufdruck-de-paul-7\/","title":{"rendered":"Maillot domicile enfant Argentine Coupe du Monde 2022 blanc bleu commander avec impression DE PAUL 7"},"content":{"rendered":"<p>Le nouveau maillot de l'Argentine pour 2022 est principalement blanc avec des logos noirs \u2013 y compris le tout nouveau logo Adidas, qui fait ses d\u00e9buts en Coupe du Monde 2022.<\/p>\n<p>Les bandes sur le nouveau maillot de la Coupe du Monde 2022 de l'Argentine sont classiques, mais seulement sur le devant. Les bandes \u00e0 l'arri\u00e8re sont vraiment inhabituelles : au lieu d'\u00eatre de la m\u00eame largeur, il y a deux bandes bleu ciel plus fines au centre et deux bandes plus larges sur les c\u00f4t\u00e9s du maillot. Ces bandes plus larges font environ trois fois la largeur des bandes au centre.<\/p>\n<p>Il doit ressembler au drapeau argentin. \u00c9galement en r\u00e9f\u00e9rence au drapeau, \u00e0 l'arri\u00e8re sous le col se trouve le Sol de Mayo, l'embl\u00e8me national argentin.<\/p>\n<p>Un pantalon noir et des chaussettes blanches compl\u00e8tent le maillot de l'Argentine 2022.<\/p>\n<p>Conseils pour l'impression : Si le nom et le num\u00e9ro figurant sur l'image correspondent exactement \u00e0 ce que vous souhaitez, vous ne devez pas les saisir \u00e0 nouveau. Si ce n'est pas le cas, vous devez saisir le nom et le num\u00e9ro que vous souhaitez.<\/p>\n<p>Conseils pour le lavage : Il est recommand\u00e9 de laver les maillots de football \u00e0 la main. Si vous souhaitez utiliser la machine \u00e0 laver, pensez \u00e0 retourner les maillots de football avant de les laver. Remplissez la machine avec de l'eau froide et utilisez un cycle de lavage d\u00e9licat pour mieux prot\u00e9ger les couleurs.<\/p>","protected":false},"excerpt":{"rendered":"<p>Argentiniens neues Trikot f\u00fcr 2022 ist \u00fcberwiegend wei\u00df mit schwarzen Logos \u2013 darunter das brandneue Adidas-Logo, das mit den WM-Trikots 2022 sein Fu\u00dfballdeb\u00fct feiert. Die Streifen auf dem neuen Argentinien WM 2022 Trikot sind klassisch, aber nur auf der Vorderseite. Die Streifen auf der R\u00fcckseite sind wirklich ungew\u00f6hnlich: Anstatt gleich breit zu sein, gibt es [&hellip;]<\/p>","protected":false},"featured_media":7466,"comment_status":"open","ping_status":"closed","template":"","meta":[],"product_brand":[],"product_cat":[325,91],"product_tag":[231,326,20,222,21,22,23,24,94],"class_list":{"0":"post-7428","1":"product","2":"type-product","3":"status-publish","4":"has-post-thumbnail","6":"product_cat-argentinien-trikots","7":"product_cat-kindertrikots","8":"product_tag-argentina-trikots","9":"product_tag-argentina-trikotsatz-fuer-kinder","10":"product_tag-coole-fussballtrikots","11":"product_tag-fussball-wm-2022-trikots","12":"product_tag-fussballtrikot-fuer-herren","13":"product_tag-fussballtrikot-guenstig-kaufen","14":"product_tag-fussballtrikot-kurzarm","15":"product_tag-guenstiges-fussballtrikot","16":"product_tag-kinder-fussball-trikotsatz","18":"first","19":"instock","20":"shipping-taxable","21":"purchasable","22":"product-type-variable"},"_links":{"self":[{"href":"https:\/\/www.billigtrikotde.com\/fr\/wp-json\/wp\/v2\/product\/7428","targetHints":{"allow":["GET"]}}],"collection":[{"href":"https:\/\/www.billigtrikotde.com\/fr\/wp-json\/wp\/v2\/product"}],"about":[{"href":"https:\/\/www.billigtrikotde.com\/fr\/wp-json\/wp\/v2\/types\/product"}],"replies":[{"embeddable":true,"href":"https:\/\/www.billigtrikotde.com\/fr\/wp-json\/wp\/v2\/comments?post=7428"}],"wp:featuredmedia":[{"embeddable":true,"href":"https:\/\/www.billigtrikotde.com\/fr\/wp-json\/wp\/v2\/media\/7466"}],"wp:attachment":[{"href":"https:\/\/www.billigtrikotde.com\/fr\/wp-json\/wp\/v2\/media?parent=7428"}],"wp:term":[{"taxonomy":"product_brand","embeddable":true,"href":"https:\/\/www.billigtrikotde.com\/fr\/wp-json\/wp\/v2\/product_brand?post=7428"},{"taxonomy":"product_cat","embeddable":true,"href":"https:\/\/www.billigtrikotde.com\/fr\/wp-json\/wp\/v2\/product_cat?post=7428"},{"taxonomy":"product_tag","embeddable":true,"href":"https:\/\/www.billigtrikotde.com\/fr\/wp-json\/wp\/v2\/product_tag?post=7428"}],"curies":[{"name":"wp","href":"https:\/\/api.w.org\/{rel}","templated":true}]}}