{"id":7374,"date":"2024-10-23T18:26:24","date_gmt":"2024-10-23T16:26:24","guid":{"rendered":"http:\/\/billigtrikots.com\/?post_type=product&#038;p=7374"},"modified":"2024-10-23T18:28:02","modified_gmt":"2024-10-23T16:28:02","slug":"theo-19-ac-mailand-2022-23-heimtrikot-rot-schwarz-fuer-kinder","status":"publish","type":"product","link":"https:\/\/www.billigtrikotde.com\/fr\/theo-19-ac-mailand-2022-23-heimtrikot-rot-schwarz-fuer-kinder\/","title":{"rendered":"THEO 19 AC Milan 2022\/23 Maillot domicile rouge noir pour enfants"},"content":{"rendered":"<p>D\u00e9couvrez le nouveau maillot domicile Milan 2022\/2023. Portez fi\u00e8rement les couleurs de votre \u00e9quipe favorite sur le terrain ou \u00e0 l'ext\u00e9rieur.<\/p>\n<p>Un maillot flexible et l\u00e9ger avec la technologie Puma DryCELL, un v\u00eatement qui emp\u00eache la p\u00e9n\u00e9tration de la transpiration pendant votre match ou entra\u00eenement. Restez au sec apr\u00e8s vos acc\u00e9l\u00e9rations.<\/p>\n<p>Imaginez que les spectateurs de San Siro vous encouragent apr\u00e8s un superbe but.<\/p>\n<p>Le maillot est inspir\u00e9 de celui de l'\u00e9quipe professionnelle lors des matchs.<\/p>\n<p>RESTEZ SEC SOUS PRESSION<\/p>\n<p>Il est compos\u00e9 de la technologie Puma DryCELL et aide \u00e0 absorber la transpiration. Ainsi, vous restez au sec pendant vos efforts.<\/p>\n<p>Conseils pour l'impression : Si le nom et le num\u00e9ro figurant sur l'image correspondent exactement \u00e0 ce que vous souhaitez, vous ne devez pas les saisir \u00e0 nouveau. Si ce n'est pas le cas, vous devez saisir le nom et le num\u00e9ro que vous souhaitez.<\/p>\n<p>Conseils pour le lavage : Il est recommand\u00e9 de laver les maillots de football \u00e0 la main. Si vous souhaitez utiliser la machine \u00e0 laver, pensez \u00e0 retourner les maillots de football avant de les laver. Remplissez la machine avec de l'eau froide et utilisez un cycle de lavage d\u00e9licat pour mieux prot\u00e9ger les couleurs.<\/p>","protected":false},"excerpt":{"rendered":"<p>Entdecke das neue Milan 2022\/2023 Heimtrikot . Tragen Sie stolz die Farben Ihres Lieblingsteams auf dem Platz oder drau\u00dfen. Ein flexibles und leichtes Trikot mit Puma DryCELL -Technologie, ein Kleidungsst\u00fcck, das das Eindringen von Schwei\u00df w\u00e4hrend Ihres Spiels oder Trainings verhindert. Bleiben Sie nach Ihren Beschleunigungen trocken. Stellen Sie sich vor, die Zuschauer von San [&hellip;]<\/p>","protected":false},"featured_media":7407,"comment_status":"open","ping_status":"closed","template":"","meta":[],"product_brand":[],"product_cat":[92],"product_tag":[25,93,20,21,23,24,94],"class_list":{"0":"post-7374","1":"product","2":"type-product","3":"status-publish","4":"has-post-thumbnail","6":"product_cat-ac-mailand-kindertrikot","7":"product_tag-ac-milan-heimtrikot","8":"product_tag-ac-milan-trikotsatz-fuer-kinder","9":"product_tag-coole-fussballtrikots","10":"product_tag-fussballtrikot-fuer-herren","11":"product_tag-fussballtrikot-kurzarm","12":"product_tag-guenstiges-fussballtrikot","13":"product_tag-kinder-fussball-trikotsatz","15":"first","16":"instock","17":"shipping-taxable","18":"purchasable","19":"product-type-variable"},"_links":{"self":[{"href":"https:\/\/www.billigtrikotde.com\/fr\/wp-json\/wp\/v2\/product\/7374","targetHints":{"allow":["GET"]}}],"collection":[{"href":"https:\/\/www.billigtrikotde.com\/fr\/wp-json\/wp\/v2\/product"}],"about":[{"href":"https:\/\/www.billigtrikotde.com\/fr\/wp-json\/wp\/v2\/types\/product"}],"replies":[{"embeddable":true,"href":"https:\/\/www.billigtrikotde.com\/fr\/wp-json\/wp\/v2\/comments?post=7374"}],"wp:featuredmedia":[{"embeddable":true,"href":"https:\/\/www.billigtrikotde.com\/fr\/wp-json\/wp\/v2\/media\/7407"}],"wp:attachment":[{"href":"https:\/\/www.billigtrikotde.com\/fr\/wp-json\/wp\/v2\/media?parent=7374"}],"wp:term":[{"taxonomy":"product_brand","embeddable":true,"href":"https:\/\/www.billigtrikotde.com\/fr\/wp-json\/wp\/v2\/product_brand?post=7374"},{"taxonomy":"product_cat","embeddable":true,"href":"https:\/\/www.billigtrikotde.com\/fr\/wp-json\/wp\/v2\/product_cat?post=7374"},{"taxonomy":"product_tag","embeddable":true,"href":"https:\/\/www.billigtrikotde.com\/fr\/wp-json\/wp\/v2\/product_tag?post=7374"}],"curies":[{"name":"wp","href":"https:\/\/api.w.org\/{rel}","templated":true}]}}