{"id":73,"date":"2024-10-23T12:04:07","date_gmt":"2024-10-23T10:04:07","guid":{"rendered":"http:\/\/billigtrikots.com\/?post_type=product&#038;p=73"},"modified":"2024-10-23T12:05:44","modified_gmt":"2024-10-23T10:05:44","slug":"ac-mailand-2021-22-herren-auswaerts-trikot-beige-rot-guenstig-online-kaufen","status":"publish","type":"product","link":"https:\/\/www.billigtrikotde.com\/fr\/ac-mailand-2021-22-herren-auswaerts-trikot-beige-rot-guenstig-online-kaufen\/","title":{"rendered":"AC Milan 2021\/22 Maillot Ext\u00e9rieur Hommes beige\/rouge acheter en ligne \u00e0 bas prix"},"content":{"rendered":"<p>Das AC Milan Trikot besteht aus hochwertigem, recyceltem Polyester, das sehr weich zur Haut ist und auch durch seine Langlebigkeit und Strapazierf\u00e4higkeit \u00fcberzeugt. Gefertigt aus rein recycelten Materialien kann das Trikot mit seiner Nachhaltigkeit voll punkten! Ebenso profitiert man vom atmungsaktiven DryCELL Funktionsmaterial, das Feuchtigkeit sofort vom K\u00f6rper nach au\u00dfen transportiert und somit einen k\u00fchlen Tragekomfort mit sich bringt.<\/p>\n<p>Diese Replica-Version des Original Ausw\u00e4rtstrikots ist um eine Spur weiter geschnitten und l\u00e4dt dadurch zum Wohlf\u00fchlen ein. Die bew\u00e4hrten Raglan-\u00c4rmel tragen ebenfalls zu einer uneingeschr\u00e4nkten Bewegungsfreiheit bei.<\/p>\n<p>Conseils pour l'impression : Si le nom et le num\u00e9ro figurant sur l'image correspondent exactement \u00e0 ce que vous souhaitez, vous ne devez pas les saisir \u00e0 nouveau. Si ce n'est pas le cas, vous devez saisir le nom et le num\u00e9ro que vous souhaitez.<\/p>\n<p>Conseils pour le lavage : Il est recommand\u00e9 de laver les maillots de football \u00e0 la main. Si vous souhaitez utiliser la machine \u00e0 laver, pensez \u00e0 retourner les maillots de football avant de les laver. Remplissez la machine avec de l'eau froide et utilisez un cycle de lavage d\u00e9licat pour mieux prot\u00e9ger les couleurs.<\/p>","protected":false},"excerpt":{"rendered":"<p>Das AC Milan Trikot besteht aus hochwertigem, recyceltem Polyester, das sehr weich zur Haut ist und auch durch seine Langlebigkeit und Strapazierf\u00e4higkeit \u00fcberzeugt. Gefertigt aus rein recycelten Materialien kann das Trikot mit seiner Nachhaltigkeit voll punkten! Ebenso profitiert man vom atmungsaktiven DryCELL Funktionsmaterial, das Feuchtigkeit sofort vom K\u00f6rper nach au\u00dfen transportiert und somit einen k\u00fchlen Tragekomfort mit sich bringt.<\/p>","protected":false},"featured_media":104,"comment_status":"open","ping_status":"closed","template":"","meta":[],"product_brand":[],"product_cat":[15],"product_tag":[19,20,21,22,23,24],"class_list":{"0":"post-73","1":"product","2":"type-product","3":"status-publish","4":"has-post-thumbnail","6":"product_cat-unkategorisiert","7":"product_tag-ac-milan-auswaertstrikot","8":"product_tag-coole-fussballtrikots","9":"product_tag-fussballtrikot-fuer-herren","10":"product_tag-fussballtrikot-guenstig-kaufen","11":"product_tag-fussballtrikot-kurzarm","12":"product_tag-guenstiges-fussballtrikot","14":"first","15":"instock","16":"shipping-taxable","17":"purchasable","18":"product-type-variable"},"_links":{"self":[{"href":"https:\/\/www.billigtrikotde.com\/fr\/wp-json\/wp\/v2\/product\/73","targetHints":{"allow":["GET"]}}],"collection":[{"href":"https:\/\/www.billigtrikotde.com\/fr\/wp-json\/wp\/v2\/product"}],"about":[{"href":"https:\/\/www.billigtrikotde.com\/fr\/wp-json\/wp\/v2\/types\/product"}],"replies":[{"embeddable":true,"href":"https:\/\/www.billigtrikotde.com\/fr\/wp-json\/wp\/v2\/comments?post=73"}],"wp:featuredmedia":[{"embeddable":true,"href":"https:\/\/www.billigtrikotde.com\/fr\/wp-json\/wp\/v2\/media\/104"}],"wp:attachment":[{"href":"https:\/\/www.billigtrikotde.com\/fr\/wp-json\/wp\/v2\/media?parent=73"}],"wp:term":[{"taxonomy":"product_brand","embeddable":true,"href":"https:\/\/www.billigtrikotde.com\/fr\/wp-json\/wp\/v2\/product_brand?post=73"},{"taxonomy":"product_cat","embeddable":true,"href":"https:\/\/www.billigtrikotde.com\/fr\/wp-json\/wp\/v2\/product_cat?post=73"},{"taxonomy":"product_tag","embeddable":true,"href":"https:\/\/www.billigtrikotde.com\/fr\/wp-json\/wp\/v2\/product_tag?post=73"}],"curies":[{"name":"wp","href":"https:\/\/api.w.org\/{rel}","templated":true}]}}