{"id":7294,"date":"2024-10-23T18:22:29","date_gmt":"2024-10-23T16:22:29","guid":{"rendered":"http:\/\/billigtrikots.com\/?post_type=product&#038;p=7294"},"modified":"2024-10-23T18:24:35","modified_gmt":"2024-10-23T16:24:35","slug":"herren-castore-wolverhampton-wanderers-f-c-2022-23-heimtrikot-gelb-kurzarm-kurze-hosen-gibbs-white-17","status":"publish","type":"product","link":"https:\/\/www.billigtrikotde.com\/fr\/herren-castore-wolverhampton-wanderers-f-c-2022-23-heimtrikot-gelb-kurzarm-kurze-hosen-gibbs-white-17\/","title":{"rendered":"Hommes Castore Wolverhampton Wanderers F.C. 2022-23 Maillot domicile Jaune Manches Courtes + Cuissard GIBBS-WHITE 17"},"content":{"rendered":"<p>Ce maillot Castore avec des maillots et des chaussettes en or vieilli et un short noir a \u00e9t\u00e9 \u00e0 nouveau soigneusement assorti \u00e0 la couleur Pantone inimitable du club. Apr\u00e8s un ajustement pr\u00e9cis des couleurs et une teinture, le v\u00e9ritable or des Wolves a \u00e9t\u00e9 une fois de plus r\u00e9alis\u00e9, tandis que le tissu mat brillant \u00e0 l'arri\u00e8re imite le flux et le mouvement sur le terrain et le bandeau au cou apporte une touche plus personnelle.<\/p>\n<p>Conseils pour l'impression : Si le nom et le num\u00e9ro figurant sur l'image correspondent exactement \u00e0 ce que vous souhaitez, vous ne devez pas les saisir \u00e0 nouveau. Si ce n'est pas le cas, vous devez saisir le nom et le num\u00e9ro que vous souhaitez.<\/p>\n<p>Conseils pour le lavage : Il est recommand\u00e9 de laver les maillots de football \u00e0 la main. Si vous souhaitez utiliser la machine \u00e0 laver, pensez \u00e0 retourner les maillots de football avant de les laver. Remplissez la machine avec de l'eau froide et utilisez un cycle de lavage d\u00e9licat pour mieux prot\u00e9ger les couleurs.<\/p>","protected":false},"excerpt":{"rendered":"<p>Ce maillot Castore avec des maillots et des chaussettes en or vieilli et un short noir a \u00e9t\u00e9 \u00e0 nouveau soigneusement assorti \u00e0 la couleur Pantone inimitable du club. Apr\u00e8s un ajustement pr\u00e9cis des couleurs et une teinture, le v\u00e9ritable or des Wolves a \u00e9t\u00e9 une fois de plus r\u00e9alis\u00e9, tandis que le tissu mat brillant \u00e0 l'arri\u00e8re imite le flux et le mouvement sur le terrain et le bandeau au cou apporte une touche plus personnelle.<\/p>","protected":false},"featured_media":7333,"comment_status":"open","ping_status":"closed","template":"","meta":[],"product_brand":[],"product_cat":[69],"product_tag":[20,70,21,22,23,24,71],"class_list":{"0":"post-7294","1":"product","2":"type-product","3":"status-publish","4":"has-post-thumbnail","6":"product_cat-wolverhampton-wanderers","7":"product_tag-coole-fussballtrikots","8":"product_tag-castore-wolves-heimtrikot","9":"product_tag-fussballtrikot-fuer-herren","10":"product_tag-fussballtrikot-guenstig-kaufen","11":"product_tag-fussballtrikot-kurzarm","12":"product_tag-guenstiges-fussballtrikot","13":"product_tag-wolverhampton-wanderers-trikots","15":"first","16":"instock","17":"shipping-taxable","18":"purchasable","19":"product-type-variable"},"_links":{"self":[{"href":"https:\/\/www.billigtrikotde.com\/fr\/wp-json\/wp\/v2\/product\/7294","targetHints":{"allow":["GET"]}}],"collection":[{"href":"https:\/\/www.billigtrikotde.com\/fr\/wp-json\/wp\/v2\/product"}],"about":[{"href":"https:\/\/www.billigtrikotde.com\/fr\/wp-json\/wp\/v2\/types\/product"}],"replies":[{"embeddable":true,"href":"https:\/\/www.billigtrikotde.com\/fr\/wp-json\/wp\/v2\/comments?post=7294"}],"wp:featuredmedia":[{"embeddable":true,"href":"https:\/\/www.billigtrikotde.com\/fr\/wp-json\/wp\/v2\/media\/7333"}],"wp:attachment":[{"href":"https:\/\/www.billigtrikotde.com\/fr\/wp-json\/wp\/v2\/media?parent=7294"}],"wp:term":[{"taxonomy":"product_brand","embeddable":true,"href":"https:\/\/www.billigtrikotde.com\/fr\/wp-json\/wp\/v2\/product_brand?post=7294"},{"taxonomy":"product_cat","embeddable":true,"href":"https:\/\/www.billigtrikotde.com\/fr\/wp-json\/wp\/v2\/product_cat?post=7294"},{"taxonomy":"product_tag","embeddable":true,"href":"https:\/\/www.billigtrikotde.com\/fr\/wp-json\/wp\/v2\/product_tag?post=7294"}],"curies":[{"name":"wp","href":"https:\/\/api.w.org\/{rel}","templated":true}]}}