{"id":7268,"date":"2024-10-23T18:21:16","date_gmt":"2024-10-23T16:21:16","guid":{"rendered":"http:\/\/billigtrikots.com\/?post_type=product&#038;p=7268"},"modified":"2024-10-23T18:23:27","modified_gmt":"2024-10-23T16:23:27","slug":"neues-newcastle-united-22-23-heimtrikot-schwarzen-und-weissen-fuer-herren","status":"publish","type":"product","link":"https:\/\/www.billigtrikotde.com\/fr\/neues-newcastle-united-22-23-heimtrikot-schwarzen-und-weissen-fuer-herren\/","title":{"rendered":"Nouveau maillot domicile Newcastle United 22-23 noir et blanc pour homme"},"content":{"rendered":"<p>Le maillot Castore Newcastle 2022-2023 propose un look classique avec des rayures noires et blanches plus fines que celles de la saison actuelle, qui se poursuivent sur les manches et apparemment aussi dans le dos. Le col et les poignets du maillot domicile Castore Newcastle 22-23 sont blancs avec une ligne noire au milieu, tandis que le logo Castore est bleu.<\/p>\n<p>Conseils pour l'impression : Si le nom et le num\u00e9ro figurant sur l'image correspondent exactement \u00e0 ce que vous souhaitez, vous ne devez pas les saisir \u00e0 nouveau. Si ce n'est pas le cas, vous devez saisir le nom et le num\u00e9ro que vous souhaitez.<\/p>\n<p>Conseils pour le lavage : Il est recommand\u00e9 de laver les maillots de football \u00e0 la main. Si vous souhaitez utiliser la machine \u00e0 laver, pensez \u00e0 retourner les maillots de football avant de les laver. Remplissez la machine avec de l'eau froide et utilisez un cycle de lavage d\u00e9licat pour mieux prot\u00e9ger les couleurs.<\/p>","protected":false},"excerpt":{"rendered":"<p>Le maillot Castore Newcastle 2022-2023 propose un look classique avec des rayures noires et blanches plus fines que celles de la saison actuelle, qui se poursuivent sur les manches et apparemment aussi dans le dos. Le col et les poignets du maillot domicile Castore Newcastle 22-23 sont blancs avec une ligne noire au milieu, tandis que le logo Castore est bleu.<\/p>","protected":false},"featured_media":7300,"comment_status":"open","ping_status":"closed","template":"","meta":[],"product_brand":[],"product_cat":[313],"product_tag":[20,21,22,23,24,314,315],"class_list":{"0":"post-7268","1":"product","2":"type-product","3":"status-publish","4":"has-post-thumbnail","6":"product_cat-newcastle-united","7":"product_tag-coole-fussballtrikots","8":"product_tag-fussballtrikot-fuer-herren","9":"product_tag-fussballtrikot-guenstig-kaufen","10":"product_tag-fussballtrikot-kurzarm","11":"product_tag-guenstiges-fussballtrikot","12":"product_tag-newcastle-united-22-23-kit","13":"product_tag-newcastle-united-22-23-trikot","15":"first","16":"instock","17":"shipping-taxable","18":"purchasable","19":"product-type-variable"},"_links":{"self":[{"href":"https:\/\/www.billigtrikotde.com\/fr\/wp-json\/wp\/v2\/product\/7268","targetHints":{"allow":["GET"]}}],"collection":[{"href":"https:\/\/www.billigtrikotde.com\/fr\/wp-json\/wp\/v2\/product"}],"about":[{"href":"https:\/\/www.billigtrikotde.com\/fr\/wp-json\/wp\/v2\/types\/product"}],"replies":[{"embeddable":true,"href":"https:\/\/www.billigtrikotde.com\/fr\/wp-json\/wp\/v2\/comments?post=7268"}],"wp:featuredmedia":[{"embeddable":true,"href":"https:\/\/www.billigtrikotde.com\/fr\/wp-json\/wp\/v2\/media\/7300"}],"wp:attachment":[{"href":"https:\/\/www.billigtrikotde.com\/fr\/wp-json\/wp\/v2\/media?parent=7268"}],"wp:term":[{"taxonomy":"product_brand","embeddable":true,"href":"https:\/\/www.billigtrikotde.com\/fr\/wp-json\/wp\/v2\/product_brand?post=7268"},{"taxonomy":"product_cat","embeddable":true,"href":"https:\/\/www.billigtrikotde.com\/fr\/wp-json\/wp\/v2\/product_cat?post=7268"},{"taxonomy":"product_tag","embeddable":true,"href":"https:\/\/www.billigtrikotde.com\/fr\/wp-json\/wp\/v2\/product_tag?post=7268"}],"curies":[{"name":"wp","href":"https:\/\/api.w.org\/{rel}","templated":true}]}}