{"id":7230,"date":"2024-10-23T18:19:29","date_gmt":"2024-10-23T16:19:29","guid":{"rendered":"http:\/\/billigtrikots.com\/?post_type=product&#038;p=7230"},"modified":"2024-10-23T18:21:09","modified_gmt":"2024-10-23T16:21:09","slug":"neues-kinder-chelsea-fc-2022-23-heimtrikot-blau-trikotsatz-mit-aufdruck-havertz-29","status":"publish","type":"product","link":"https:\/\/www.billigtrikotde.com\/fr\/neues-kinder-chelsea-fc-2022-23-heimtrikot-blau-trikotsatz-mit-aufdruck-havertz-29\/","title":{"rendered":"Nouveau maillot domicile Chelsea FC 2022\/23 pour enfants bleu ensemble de maillots avec impression HAVERTZ 29"},"content":{"rendered":"<p>Comme d'autres maillots de notre collection Stadium, ce maillot combine des d\u00e9tails de design reproduits avec une technologie d'\u00e9vacuation de la transpiration pour vous offrir un look pr\u00eat \u00e0 jouer, inspir\u00e9 de votre \u00e9quipe favorite. Ce produit est compos\u00e9 \u00e0 100 % de fibres de polyester recycl\u00e9es.<br \/>\nLe maillot est dans le bleu domicile caract\u00e9ristique du six fois vainqueur de la Premier League anglaise et du double vainqueur de la Ligue des champions de l'UEFA. Il rend hommage \u00e0 l'entra\u00eeneur l\u00e9gendaire de Chelsea FC, Ted Drake. Cela inclut le surnom de CFC \u00ab The Blues \u00bb sur le d\u00e9tail du bouton de la chemise. Drake a dirig\u00e9 l'introduction du surnom \u00e0 la place de l'ancien nom informel du club \u00ab The Pensioners \u00bb. L'\u00e9quipe masculine de Chelsea d\u00e9voilera son maillot domicile 22\/23 lors de leur prochaine tourn\u00e9e aux \u00c9tats-Unis. Les Blues affrontent Club America, Charlotte FC et Arsenal, alors qu'ils se pr\u00e9parent pour leur premi\u00e8re saison sous direction am\u00e9ricaine.<\/p>\n<p>Conseils pour l'impression : Si le nom et le num\u00e9ro figurant sur l'image correspondent exactement \u00e0 ce que vous souhaitez, vous ne devez pas les saisir \u00e0 nouveau. Si ce n'est pas le cas, vous devez saisir le nom et le num\u00e9ro que vous souhaitez.<\/p>\n<p>Conseils pour le lavage : Il est recommand\u00e9 de laver les maillots de football \u00e0 la main. Si vous souhaitez utiliser la machine \u00e0 laver, pensez \u00e0 retourner les maillots de football avant de les laver. Remplissez la machine avec de l'eau froide et utilisez un cycle de lavage d\u00e9licat pour mieux prot\u00e9ger les couleurs.<\/p>","protected":false},"excerpt":{"rendered":"<p>Comme les autres maillots de notre collection Stadium, ce maillot associe \u00e9galement des d\u00e9tails de design reproduits \u00e0 une technologie qui \u00e9vacue la transpiration pour vous offrir un look pr\u00eat pour le jeu, inspir\u00e9 par votre \u00e9quipe favorite. Ce produit est compos\u00e9 \u00e0 100 % de fibres polyester recycl\u00e9es. Le maillot est dans le bleu domicile caract\u00e9ristique du six fois vainqueur de la Premier League anglaise et du double vainqueur de [\u2026]<\/p>","protected":false},"featured_media":7263,"comment_status":"open","ping_status":"closed","template":"","meta":[],"product_brand":[],"product_cat":[162],"product_tag":[20,311,164,73,163,21,22,23,24,94],"class_list":{"0":"post-7230","1":"product","2":"type-product","3":"status-publish","4":"has-post-thumbnail","6":"product_cat-chelsea-kindertrikot","7":"product_tag-coole-fussballtrikots","8":"product_tag-chelsea-fc-2022-23-kinder-trikot","9":"product_tag-chelsea-heimtrikot","10":"product_tag-chelsea-trikots","11":"product_tag-chelsea-trikotsatz-fuer-kinder","12":"product_tag-fussballtrikot-fuer-herren","13":"product_tag-fussballtrikot-guenstig-kaufen","14":"product_tag-fussballtrikot-kurzarm","15":"product_tag-guenstiges-fussballtrikot","16":"product_tag-kinder-fussball-trikotsatz","18":"first","19":"instock","20":"shipping-taxable","21":"purchasable","22":"product-type-variable"},"_links":{"self":[{"href":"https:\/\/www.billigtrikotde.com\/fr\/wp-json\/wp\/v2\/product\/7230","targetHints":{"allow":["GET"]}}],"collection":[{"href":"https:\/\/www.billigtrikotde.com\/fr\/wp-json\/wp\/v2\/product"}],"about":[{"href":"https:\/\/www.billigtrikotde.com\/fr\/wp-json\/wp\/v2\/types\/product"}],"replies":[{"embeddable":true,"href":"https:\/\/www.billigtrikotde.com\/fr\/wp-json\/wp\/v2\/comments?post=7230"}],"wp:featuredmedia":[{"embeddable":true,"href":"https:\/\/www.billigtrikotde.com\/fr\/wp-json\/wp\/v2\/media\/7263"}],"wp:attachment":[{"href":"https:\/\/www.billigtrikotde.com\/fr\/wp-json\/wp\/v2\/media?parent=7230"}],"wp:term":[{"taxonomy":"product_brand","embeddable":true,"href":"https:\/\/www.billigtrikotde.com\/fr\/wp-json\/wp\/v2\/product_brand?post=7230"},{"taxonomy":"product_cat","embeddable":true,"href":"https:\/\/www.billigtrikotde.com\/fr\/wp-json\/wp\/v2\/product_cat?post=7230"},{"taxonomy":"product_tag","embeddable":true,"href":"https:\/\/www.billigtrikotde.com\/fr\/wp-json\/wp\/v2\/product_tag?post=7230"}],"curies":[{"name":"wp","href":"https:\/\/api.w.org\/{rel}","templated":true}]}}