{"id":7200,"date":"2024-10-23T18:17:56","date_gmt":"2024-10-23T16:17:56","guid":{"rendered":"http:\/\/billigtrikots.com\/?post_type=product&#038;p=7200"},"modified":"2024-10-23T18:19:56","modified_gmt":"2024-10-23T16:19:56","slug":"herren-fussballtrikots-chelsea-fc-22-23-heimtrikot-blau-online-bestellen-mit-aufdruck-drogba-11","status":"publish","type":"product","link":"https:\/\/www.billigtrikotde.com\/fr\/herren-fussballtrikots-chelsea-fc-22-23-heimtrikot-blau-online-bestellen-mit-aufdruck-drogba-11\/","title":{"rendered":"Maillots de foot homme Chelsea FC 22-23 domicile bleu Commandez en ligne avec impression DROGBA 11"},"content":{"rendered":"<p>Le maillot Nike Chelsea 22-23 a \u00e9t\u00e9 officiellement pr\u00e9sent\u00e9 ce matin. La caract\u00e9ristique principale du nouveau maillot domicile de Chelsea est le col blanc avec une bande de d\u00e9coration turquoise. C'est le nouveau maillot Nike Chelsea pour 2022-23. Contrairement au maillot Chelsea 21-22, le maillot Nike Chelsea FC 2022-23 est enti\u00e8rement bleu avec un col Henley blanc\/turquoise. Sur le col blanc, on peut voir un motif de lion turquoise. Ce m\u00eame motif se retrouve \u00e9galement sur le haut de pr\u00e9-match Chelsea 22-23 ainsi que sur d'autres pi\u00e8ces de la collection.<\/p>\n<p>Conseils pour l'impression : Si le nom et le num\u00e9ro figurant sur l'image correspondent exactement \u00e0 ce que vous souhaitez, vous ne devez pas les saisir \u00e0 nouveau. Si ce n'est pas le cas, vous devez saisir le nom et le num\u00e9ro que vous souhaitez.<\/p>\n<p>Conseils pour le lavage : Il est recommand\u00e9 de laver les maillots de football \u00e0 la main. Si vous souhaitez utiliser la machine \u00e0 laver, pensez \u00e0 retourner les maillots de football avant de les laver. Remplissez la machine avec de l'eau froide et utilisez un cycle de lavage d\u00e9licat pour mieux prot\u00e9ger les couleurs.<\/p>","protected":false},"excerpt":{"rendered":"<p>Das Nike Chelsea 22-23 Trikot wurde heute Morgen offiziell vorgestellt. Das Hauptmerkmal des neuen Chelsea-Heimtrikots ist der wei\u00dfe Kragen mit t\u00fcrkisfarbener Zierleiste.Dies ist das neue Nike Chelsea Trikot f\u00fcr 2022-23.Im Gegensatz zum Chelsea 21-22 Trikot ist das Nike Chelsea FC 2022-23 Trikot komplett blau mit einem wei\u00df\/t\u00fcrkisfarbenen Henley-Ausschnitt.Auf dem wei\u00dfen Halsausschnitt ist ein t\u00fcrkisfarbenes L\u00f6wenmuster [&hellip;]<\/p>","protected":false},"featured_media":7238,"comment_status":"open","ping_status":"closed","template":"","meta":[],"product_brand":[],"product_cat":[72],"product_tag":[20,308,309,310,73,21,24],"class_list":{"0":"post-7200","1":"product","2":"type-product","3":"status-publish","4":"has-post-thumbnail","6":"product_cat-chelsea","7":"product_tag-coole-fussballtrikots","8":"product_tag-chelsea-fc-22-23-trikot-deutschland","9":"product_tag-chelsea-fc-22-23-trikot-guenstig","10":"product_tag-chelsea-fc-22-23-trikot-kaufen","11":"product_tag-chelsea-trikots","12":"product_tag-fussballtrikot-fuer-herren","13":"product_tag-guenstiges-fussballtrikot","15":"first","16":"instock","17":"shipping-taxable","18":"purchasable","19":"product-type-variable"},"_links":{"self":[{"href":"https:\/\/www.billigtrikotde.com\/fr\/wp-json\/wp\/v2\/product\/7200","targetHints":{"allow":["GET"]}}],"collection":[{"href":"https:\/\/www.billigtrikotde.com\/fr\/wp-json\/wp\/v2\/product"}],"about":[{"href":"https:\/\/www.billigtrikotde.com\/fr\/wp-json\/wp\/v2\/types\/product"}],"replies":[{"embeddable":true,"href":"https:\/\/www.billigtrikotde.com\/fr\/wp-json\/wp\/v2\/comments?post=7200"}],"wp:featuredmedia":[{"embeddable":true,"href":"https:\/\/www.billigtrikotde.com\/fr\/wp-json\/wp\/v2\/media\/7238"}],"wp:attachment":[{"href":"https:\/\/www.billigtrikotde.com\/fr\/wp-json\/wp\/v2\/media?parent=7200"}],"wp:term":[{"taxonomy":"product_brand","embeddable":true,"href":"https:\/\/www.billigtrikotde.com\/fr\/wp-json\/wp\/v2\/product_brand?post=7200"},{"taxonomy":"product_cat","embeddable":true,"href":"https:\/\/www.billigtrikotde.com\/fr\/wp-json\/wp\/v2\/product_cat?post=7200"},{"taxonomy":"product_tag","embeddable":true,"href":"https:\/\/www.billigtrikotde.com\/fr\/wp-json\/wp\/v2\/product_tag?post=7200"}],"curies":[{"name":"wp","href":"https:\/\/api.w.org\/{rel}","templated":true}]}}