{"id":7150,"date":"2024-10-23T18:15:40","date_gmt":"2024-10-23T16:15:40","guid":{"rendered":"http:\/\/billigtrikots.com\/?post_type=product&#038;p=7150"},"modified":"2024-11-18T15:48:08","modified_gmt":"2024-11-18T14:48:08","slug":"ajax-amsterdam-heimtrikot-2022-23-weiss-rot-trikotsatz-kurzarm-kurze-hosen-herren","status":"publish","type":"product","link":"https:\/\/www.billigtrikotde.com\/fr\/ajax-amsterdam-heimtrikot-2022-23-weiss-rot-trikotsatz-kurzarm-kurze-hosen-herren\/","title":{"rendered":"Ajax Bob Marley Acheter maillot 2022\/23 blanc rouge Jeu de maillots manches courtes + short hommes"},"content":{"rendered":"<p>Les couleurs d\u2019une communaut\u00e9. La version r\u00e9interpr\u00e9t\u00e9e de l\u2019un des clubs les plus l\u00e9gendaires du football est inspir\u00e9e par le drapeau d\u2019Amsterdam. Con\u00e7u pour la rue comme pour le terrain, ce maillot domicile d\u2019Ajax Amsterdam vous offre un confort exceptionnel gr\u00e2ce \u00e0 son tissu doux et absorbant la transpiration. L\u2019inscription \u00ab XXX \u00bb en ponctue la fin.<\/p>\n<p>Conseils pour l'impression : Si le nom et le num\u00e9ro figurant sur l'image correspondent exactement \u00e0 ce que vous souhaitez, vous ne devez pas les saisir \u00e0 nouveau. Si ce n'est pas le cas, vous devez saisir le nom et le num\u00e9ro que vous souhaitez.<\/p>\n<p>Conseils pour le lavage : Il est recommand\u00e9 de laver les maillots de football \u00e0 la main. Si vous souhaitez utiliser la machine \u00e0 laver, pensez \u00e0 retourner les maillots de football avant de les laver. Remplissez la machine avec de l'eau froide et utilisez un cycle de lavage d\u00e9licat pour mieux prot\u00e9ger les couleurs.<\/p>","protected":false},"excerpt":{"rendered":"<p>Die Farben einer Gemeinschaft. Die neu interpretierte Version eines der legend\u00e4rsten Vereine des Fu\u00dfballs ist von der Amsterdamer Flagge inspiriert. Entworfen f\u00fcr die Stra\u00dfe als auch das Feld, bietet dieses Ajax Amsterdam Heimtrikot Sie au\u00dfergew\u00f6hnlichen Komfort dank seiner weichen, schwei\u00dfableitenden Stoff. Der Schriftzug \u201eXXX\u201c setzt den Schlusspunkt. Tipps zum Drucken: Wenn der Name und die [\u2026]<\/p>","protected":false},"featured_media":7189,"comment_status":"open","ping_status":"closed","template":"","meta":[],"product_brand":[],"product_cat":[299],"product_tag":[1372,301,20,21,22,23,24],"class_list":{"0":"post-7150","1":"product","2":"type-product","3":"status-publish","4":"has-post-thumbnail","6":"product_cat-afc-ajax","7":"product_tag-ajax-amsterdam-trikot","8":"product_tag-ajax-trikots","9":"product_tag-coole-fussballtrikots","10":"product_tag-fussballtrikot-fuer-herren","11":"product_tag-fussballtrikot-guenstig-kaufen","12":"product_tag-fussballtrikot-kurzarm","13":"product_tag-guenstiges-fussballtrikot","15":"first","16":"instock","17":"shipping-taxable","18":"purchasable","19":"product-type-variable"},"_links":{"self":[{"href":"https:\/\/www.billigtrikotde.com\/fr\/wp-json\/wp\/v2\/product\/7150","targetHints":{"allow":["GET"]}}],"collection":[{"href":"https:\/\/www.billigtrikotde.com\/fr\/wp-json\/wp\/v2\/product"}],"about":[{"href":"https:\/\/www.billigtrikotde.com\/fr\/wp-json\/wp\/v2\/types\/product"}],"replies":[{"embeddable":true,"href":"https:\/\/www.billigtrikotde.com\/fr\/wp-json\/wp\/v2\/comments?post=7150"}],"wp:featuredmedia":[{"embeddable":true,"href":"https:\/\/www.billigtrikotde.com\/fr\/wp-json\/wp\/v2\/media\/7189"}],"wp:attachment":[{"href":"https:\/\/www.billigtrikotde.com\/fr\/wp-json\/wp\/v2\/media?parent=7150"}],"wp:term":[{"taxonomy":"product_brand","embeddable":true,"href":"https:\/\/www.billigtrikotde.com\/fr\/wp-json\/wp\/v2\/product_brand?post=7150"},{"taxonomy":"product_cat","embeddable":true,"href":"https:\/\/www.billigtrikotde.com\/fr\/wp-json\/wp\/v2\/product_cat?post=7150"},{"taxonomy":"product_tag","embeddable":true,"href":"https:\/\/www.billigtrikotde.com\/fr\/wp-json\/wp\/v2\/product_tag?post=7150"}],"curies":[{"name":"wp","href":"https:\/\/api.w.org\/{rel}","templated":true}]}}