{"id":7148,"date":"2024-10-23T18:15:38","date_gmt":"2024-10-23T16:15:38","guid":{"rendered":"http:\/\/billigtrikots.com\/?post_type=product&#038;p=7148"},"modified":"2024-11-18T15:54:50","modified_gmt":"2024-11-18T14:54:50","slug":"herren-fussball-ajax-amsterdam-trickot-2022-23-auswaertstrikot-navy-blau-online-kaufen","status":"publish","type":"product","link":"https:\/\/www.billigtrikotde.com\/fr\/herren-fussball-ajax-amsterdam-trickot-2022-23-auswaertstrikot-navy-blau-online-kaufen\/","title":{"rendered":"Hommes Football Ajax Amsterdam Maillot Away 2022-23 Navy bleu Acheter en ligne"},"content":{"rendered":"<p>Les logos Adidas et Ziggo sur le devant du nouveau maillot ext\u00e9rieur Ajax 2022-2023 sont de couleur jaune dor\u00e9, tandis que les 3 bandes sur les \u00e9paules sont rouges. L'embl\u00e8me Ajax lui-m\u00eame est divis\u00e9 entre les deux couleurs \u2013 jaune pour l'\u00e9cusson et rouge pour les \u00e9toiles.<\/p>\n<p>Alors que le devant du maillot ext\u00e9rieur Adidas Ajax 22-23 est monochrome, le col avec un motif g\u00e9om\u00e9trique en tricot, \u00e9galement en rouge et jaune, attire l'attention. Le m\u00eame motif se retrouve \u00e9galement sur les poignets des manches du nouveau maillot ext\u00e9rieur Ajax.<\/p>\n<p>Un jock-tag sp\u00e9cial avec le drapeau d'Amsterdam en tons bleus se trouve en bas \u00e0 droite du maillot ext\u00e9rieur Ajax 2022-2023.<\/p>\n<p>Conseils pour l'impression : Si le nom et le num\u00e9ro figurant sur l'image correspondent exactement \u00e0 ce que vous souhaitez, vous ne devez pas les saisir \u00e0 nouveau. Si ce n'est pas le cas, vous devez saisir le nom et le num\u00e9ro que vous souhaitez.<\/p>\n<p>Conseils pour le lavage : Il est recommand\u00e9 de laver les maillots de football \u00e0 la main. Si vous souhaitez utiliser la machine \u00e0 laver, pensez \u00e0 retourner les maillots de football avant de les laver. Remplissez la machine avec de l'eau froide et utilisez un cycle de lavage d\u00e9licat pour mieux prot\u00e9ger les couleurs.<\/p>","protected":false},"excerpt":{"rendered":"<p>Les logos Adidas et Ziggo sur le devant du nouvel away kit Ajax 2022-2023 sont jaune dor\u00e9, tandis que les 3 bandes sur les \u00e9paules sont rouges. Le blason Ajax lui-m\u00eame est divis\u00e9 entre les deux couleurs \u2013 jaune pour l\u2019embl\u00e8me et rouge pour les \u00e9toiles. Alors que le devant du maillot away Ajax 22-23 Adidas est monocolore, le col se d\u00e9marque \u2026<\/p>","protected":false},"featured_media":7180,"comment_status":"open","ping_status":"closed","template":"","meta":[],"product_brand":[],"product_cat":[299],"product_tag":[1372,300,301,20,21,22,23,24],"class_list":{"0":"post-7148","1":"product","2":"type-product","3":"status-publish","4":"has-post-thumbnail","6":"product_cat-afc-ajax","7":"product_tag-ajax-amsterdam-trikot","8":"product_tag-ajax-auswaertstrikot","9":"product_tag-ajax-trikots","10":"product_tag-coole-fussballtrikots","11":"product_tag-fussballtrikot-fuer-herren","12":"product_tag-fussballtrikot-guenstig-kaufen","13":"product_tag-fussballtrikot-kurzarm","14":"product_tag-guenstiges-fussballtrikot","16":"first","17":"instock","18":"shipping-taxable","19":"purchasable","20":"product-type-variable"},"_links":{"self":[{"href":"https:\/\/www.billigtrikotde.com\/fr\/wp-json\/wp\/v2\/product\/7148","targetHints":{"allow":["GET"]}}],"collection":[{"href":"https:\/\/www.billigtrikotde.com\/fr\/wp-json\/wp\/v2\/product"}],"about":[{"href":"https:\/\/www.billigtrikotde.com\/fr\/wp-json\/wp\/v2\/types\/product"}],"replies":[{"embeddable":true,"href":"https:\/\/www.billigtrikotde.com\/fr\/wp-json\/wp\/v2\/comments?post=7148"}],"wp:featuredmedia":[{"embeddable":true,"href":"https:\/\/www.billigtrikotde.com\/fr\/wp-json\/wp\/v2\/media\/7180"}],"wp:attachment":[{"href":"https:\/\/www.billigtrikotde.com\/fr\/wp-json\/wp\/v2\/media?parent=7148"}],"wp:term":[{"taxonomy":"product_brand","embeddable":true,"href":"https:\/\/www.billigtrikotde.com\/fr\/wp-json\/wp\/v2\/product_brand?post=7148"},{"taxonomy":"product_cat","embeddable":true,"href":"https:\/\/www.billigtrikotde.com\/fr\/wp-json\/wp\/v2\/product_cat?post=7148"},{"taxonomy":"product_tag","embeddable":true,"href":"https:\/\/www.billigtrikotde.com\/fr\/wp-json\/wp\/v2\/product_tag?post=7148"}],"curies":[{"name":"wp","href":"https:\/\/api.w.org\/{rel}","templated":true}]}}