{"id":7110,"date":"2024-10-23T18:13:56","date_gmt":"2024-10-23T16:13:56","guid":{"rendered":"http:\/\/billigtrikots.com\/?post_type=product&#038;p=7110"},"modified":"2024-10-23T18:15:33","modified_gmt":"2024-10-23T16:15:33","slug":"herren-inter-mailand-22-23-auswaertstrikot-deutschland-weiss-trikotsatz-lautaro-10","status":"publish","type":"product","link":"https:\/\/www.billigtrikotde.com\/fr\/herren-inter-mailand-22-23-auswaertstrikot-deutschland-weiss-trikotsatz-lautaro-10\/","title":{"rendered":"Homme Inter Milan 22-23 ext\u00e9rieur bleu clair, set de maillots Allemagne LAUTARO 10"},"content":{"rendered":"<p>Le maillot ext\u00e9rieur Nike Inter 22-23 combine un mat\u00e9riau de base blanc avec \u00ab Light Aqua \u00bb pour un graphique int\u00e9gral et du noir pour les logos de marque et de sponsors. Il comprend \u00e9galement l'embl\u00e8me de l'Inter, recolor\u00e9 en turquoise et blanc avec une bordure noire, en accord avec le sch\u00e9ma de couleurs de l'ensemble du maillot.<\/p>\n<p>La caract\u00e9ristique la plus remarquable du nouveau maillot ext\u00e9rieur Inter 22 est sans doute le graphique qui, en y regardant de plus pr\u00e8s, montre une carte du monde o\u00f9 l'Italie et Milan sont visibles directement sous l'embl\u00e8me du club. Il s'agit d'une r\u00e9f\u00e9rence \u00e0 l'histoire de l'Inter en tant que club qui a toujours accueilli aussi bien des joueurs italiens qu'\u00e9trangers sans restriction. Le maillot ext\u00e9rieur Inter 22-23 sera disponible \u00e0 partir de d\u00e9but septembre 2022.<\/p>\n<p>Le maillot ext\u00e9rieur Nike Inter 22-23 combine une base blanche avec \u00ab Light Aqua \u00bb pour un graphique continu et du noir pour les logos de marque et de sponsors.<\/p>\n<p>Conseils pour l'impression : Si le nom et le num\u00e9ro figurant sur l'image correspondent exactement \u00e0 ce que vous souhaitez, vous ne devez pas les saisir \u00e0 nouveau. Si ce n'est pas le cas, vous devez saisir le nom et le num\u00e9ro que vous souhaitez.<\/p>\n<p>Conseils pour le lavage : Il est recommand\u00e9 de laver les maillots de football \u00e0 la main. Si vous souhaitez utiliser la machine \u00e0 laver, pensez \u00e0 retourner les maillots de football avant de les laver. Remplissez la machine avec de l'eau froide et utilisez un cycle de lavage d\u00e9licat pour mieux prot\u00e9ger les couleurs.<\/p>","protected":false},"excerpt":{"rendered":"<p>Le maillot ext\u00e9rieur de l'Inter 22-23 de Nike combine un mat\u00e9riau blanc de base avec du \u00ab Light Aqua \u00bb pour un graphique int\u00e9gral et du noir pour les logos de la marque et des sponsors. Il comprend \u00e9galement l'embl\u00e8me de l'Inter, qui a \u00e9t\u00e9 recolor\u00e9 en turquoise et blanc avec une bordure noire, en accord avec le sch\u00e9ma de couleurs de l'ensemble du maillot. La caract\u00e9ristique la plus remarquable du nouveau maillot ext\u00e9rieur de l'Inter 22 est certainement le graphique, qui [...]<\/p>","protected":false},"featured_media":7143,"comment_status":"open","ping_status":"closed","template":"","meta":[],"product_brand":[],"product_cat":[77],"product_tag":[20,21,22,23,24,298,78],"class_list":{"0":"post-7110","1":"product","2":"type-product","3":"status-publish","4":"has-post-thumbnail","6":"product_cat-inter-milan","7":"product_tag-coole-fussballtrikots","8":"product_tag-fussballtrikot-fuer-herren","9":"product_tag-fussballtrikot-guenstig-kaufen","10":"product_tag-fussballtrikot-kurzarm","11":"product_tag-guenstiges-fussballtrikot","12":"product_tag-inter-mailand-22-23-auswaertstrikot","13":"product_tag-inter-milan-trikots","15":"first","16":"instock","17":"shipping-taxable","18":"purchasable","19":"product-type-variable"},"_links":{"self":[{"href":"https:\/\/www.billigtrikotde.com\/fr\/wp-json\/wp\/v2\/product\/7110","targetHints":{"allow":["GET"]}}],"collection":[{"href":"https:\/\/www.billigtrikotde.com\/fr\/wp-json\/wp\/v2\/product"}],"about":[{"href":"https:\/\/www.billigtrikotde.com\/fr\/wp-json\/wp\/v2\/types\/product"}],"replies":[{"embeddable":true,"href":"https:\/\/www.billigtrikotde.com\/fr\/wp-json\/wp\/v2\/comments?post=7110"}],"wp:featuredmedia":[{"embeddable":true,"href":"https:\/\/www.billigtrikotde.com\/fr\/wp-json\/wp\/v2\/media\/7143"}],"wp:attachment":[{"href":"https:\/\/www.billigtrikotde.com\/fr\/wp-json\/wp\/v2\/media?parent=7110"}],"wp:term":[{"taxonomy":"product_brand","embeddable":true,"href":"https:\/\/www.billigtrikotde.com\/fr\/wp-json\/wp\/v2\/product_brand?post=7110"},{"taxonomy":"product_cat","embeddable":true,"href":"https:\/\/www.billigtrikotde.com\/fr\/wp-json\/wp\/v2\/product_cat?post=7110"},{"taxonomy":"product_tag","embeddable":true,"href":"https:\/\/www.billigtrikotde.com\/fr\/wp-json\/wp\/v2\/product_tag?post=7110"}],"curies":[{"name":"wp","href":"https:\/\/api.w.org\/{rel}","templated":true}]}}