{"id":7052,"date":"2024-10-23T18:11:11","date_gmt":"2024-10-23T16:11:11","guid":{"rendered":"http:\/\/billigtrikots.com\/?post_type=product&#038;p=7052"},"modified":"2024-10-23T18:13:16","modified_gmt":"2024-10-23T16:13:16","slug":"neuen-inter-mailand-22-23-auswaertstrikot-in-tuerkis-und-weiss-guenstige-fussball-trikotsatz","status":"publish","type":"product","link":"https:\/\/www.billigtrikotde.com\/fr\/neuen-inter-mailand-22-23-auswaertstrikot-in-tuerkis-und-weiss-guenstige-fussball-trikotsatz\/","title":{"rendered":"Neuen Inter Mailand 22-23 Ausw\u00e4rtstrikot in T\u00fcrkis und Wei\u00df G\u00fcnstige Fu\u00dfball Trikotsatz"},"content":{"rendered":"<p>Das Nike Inter 22-23 Ausw\u00e4rtstrikot kombiniert ein wei\u00dfes Grundmaterial mit &#8222;Light Aqua&#8220; f\u00fcr eine All-Over-Grafik und Schwarz f\u00fcr die Marken- und Sponsorenlogos.Dazu geh\u00f6rt auch das Inter-Wappen, das in T\u00fcrkis und Wei\u00df mit schwarzer Umrandung neu eingef\u00e4rbt wurde, passend zum Farbschema des gesamten Trikots.<\/p>\n<p>La caract\u00e9ristique la plus remarquable du nouveau maillot ext\u00e9rieur Inter 22 est sans doute le graphique qui, en y regardant de plus pr\u00e8s, montre une carte du monde o\u00f9 l'Italie et Milan sont visibles directement sous l'embl\u00e8me du club. Il s'agit d'une r\u00e9f\u00e9rence \u00e0 l'histoire de l'Inter en tant que club qui a toujours accueilli aussi bien des joueurs italiens qu'\u00e9trangers sans restriction. Le maillot ext\u00e9rieur Inter 22-23 sera disponible \u00e0 partir de d\u00e9but septembre 2022.<\/p>\n<p>Das Nike Inter 22-23 Ausw\u00e4rtstrikot kombiniert eine wei\u00dfe Grundlage mit &#8222;Light Aqua&#8220; f\u00fcr eine durchgehende Grafik und Schwarz f\u00fcr die Marken- und Sponsorenlogos.<\/p>\n<p>Conseils pour l'impression : Si le nom et le num\u00e9ro figurant sur l'image correspondent exactement \u00e0 ce que vous souhaitez, vous ne devez pas les saisir \u00e0 nouveau. Si ce n'est pas le cas, vous devez saisir le nom et le num\u00e9ro que vous souhaitez.<\/p>\n<p>Conseils pour le lavage : Il est recommand\u00e9 de laver les maillots de football \u00e0 la main. Si vous souhaitez utiliser la machine \u00e0 laver, pensez \u00e0 retourner les maillots de football avant de les laver. Remplissez la machine avec de l'eau froide et utilisez un cycle de lavage d\u00e9licat pour mieux prot\u00e9ger les couleurs.<\/p>","protected":false},"excerpt":{"rendered":"<p>Le maillot ext\u00e9rieur de l'Inter 22-23 de Nike combine un mat\u00e9riau blanc de base avec du \u00ab Light Aqua \u00bb pour un graphique int\u00e9gral et du noir pour les logos de la marque et des sponsors. Il comprend \u00e9galement l'embl\u00e8me de l'Inter, qui a \u00e9t\u00e9 recolor\u00e9 en turquoise et blanc avec une bordure noire, en accord avec le sch\u00e9ma de couleurs de l'ensemble du maillot. La caract\u00e9ristique la plus remarquable du nouveau maillot ext\u00e9rieur de l'Inter 22 est certainement le graphique, qui [...]<\/p>","protected":false},"featured_media":7084,"comment_status":"open","ping_status":"closed","template":"","meta":[],"product_brand":[],"product_cat":[77],"product_tag":[20,21,22,23,24,298,78],"class_list":{"0":"post-7052","1":"product","2":"type-product","3":"status-publish","4":"has-post-thumbnail","6":"product_cat-inter-milan","7":"product_tag-coole-fussballtrikots","8":"product_tag-fussballtrikot-fuer-herren","9":"product_tag-fussballtrikot-guenstig-kaufen","10":"product_tag-fussballtrikot-kurzarm","11":"product_tag-guenstiges-fussballtrikot","12":"product_tag-inter-mailand-22-23-auswaertstrikot","13":"product_tag-inter-milan-trikots","15":"first","16":"instock","17":"shipping-taxable","18":"purchasable","19":"product-type-variable"},"_links":{"self":[{"href":"https:\/\/www.billigtrikotde.com\/fr\/wp-json\/wp\/v2\/product\/7052","targetHints":{"allow":["GET"]}}],"collection":[{"href":"https:\/\/www.billigtrikotde.com\/fr\/wp-json\/wp\/v2\/product"}],"about":[{"href":"https:\/\/www.billigtrikotde.com\/fr\/wp-json\/wp\/v2\/types\/product"}],"replies":[{"embeddable":true,"href":"https:\/\/www.billigtrikotde.com\/fr\/wp-json\/wp\/v2\/comments?post=7052"}],"wp:featuredmedia":[{"embeddable":true,"href":"https:\/\/www.billigtrikotde.com\/fr\/wp-json\/wp\/v2\/media\/7084"}],"wp:attachment":[{"href":"https:\/\/www.billigtrikotde.com\/fr\/wp-json\/wp\/v2\/media?parent=7052"}],"wp:term":[{"taxonomy":"product_brand","embeddable":true,"href":"https:\/\/www.billigtrikotde.com\/fr\/wp-json\/wp\/v2\/product_brand?post=7052"},{"taxonomy":"product_cat","embeddable":true,"href":"https:\/\/www.billigtrikotde.com\/fr\/wp-json\/wp\/v2\/product_cat?post=7052"},{"taxonomy":"product_tag","embeddable":true,"href":"https:\/\/www.billigtrikotde.com\/fr\/wp-json\/wp\/v2\/product_tag?post=7052"}],"curies":[{"name":"wp","href":"https:\/\/api.w.org\/{rel}","templated":true}]}}