{"id":6970,"date":"2024-10-23T18:07:16","date_gmt":"2024-10-23T16:07:16","guid":{"rendered":"http:\/\/billigtrikots.com\/?post_type=product&#038;p=6970"},"modified":"2024-10-23T18:09:25","modified_gmt":"2024-10-23T16:09:25","slug":"neues-inter-mailand-2022-2023-heimtrikot-blau-fuer-herren-trikotsatz-brozovic-77","status":"publish","type":"product","link":"https:\/\/www.billigtrikotde.com\/fr\/neues-inter-mailand-2022-2023-heimtrikot-blau-fuer-herren-trikotsatz-brozovic-77\/","title":{"rendered":"Nouveau Inter Milan 2022-2023 maillot domicile bleu pour hommes ensemble de maillots BROZOVI\u0106 77"},"content":{"rendered":"<p>Sur le nouveau maillot Nike Inter Milan 2022-2023, l'embl\u00e8me officiel du vainqueur de la Coppa Italia, la Coccarda, est plac\u00e9e de mani\u00e8re inhabituelle. En Italie, le gagnant de la coupe nationale (Coppa Italia) a le droit de porter la \u00ab Coccarda \u00bb lors de la saison suivante. La Coccarda (Rosette) est une d\u00e9coration ronde dans la c\u00e9l\u00e8bre tricolore italienne. La Coccarda est plac\u00e9e en haut \u00e0 droite. Cependant, elle n'est pas sym\u00e9triquement plac\u00e9e au-dessus du swoosh, mais d\u00e9cal\u00e9e. La saison pour cette position inhabituelle est probablement celle du mod\u00e8le avec le col roul\u00e9. Nous avons effectu\u00e9 deux corrections pour le placement de la Coccarda. L'une sym\u00e9trique au-dessus du swoosh, l'autre au centre.<br \/>\nDans le r\u00e8glement officiel de l'\u00e9quipement de la Serie A, le placement de la Coccarda et du Scudetto (insigne du vainqueur de la Serie A) n'est pas sp\u00e9cifi\u00e9. Les \u00e9quipes peuvent apposer les deux n'importe o\u00f9 sur le maillot, y compris au centre. Inter a peut-\u00eatre d\u00e9cid\u00e9 de ne pas placer la Coccarda au centre pour \u00e9viter toute confusion avec le Scudetto (insigne du vainqueur de la Serie A), qui est traditionnellement plac\u00e9 au centre. Dans les ann\u00e9es o\u00f9 la Juventus a remport\u00e9 \u00e0 la fois la Serie A et la Coppa Italia, un insigne \u00e9tait plac\u00e9 au-dessus du logo Adidas et l'autre au-dessus du blason.<\/p>\n<p>Conseils pour l'impression : Si le nom et le num\u00e9ro figurant sur l'image correspondent exactement \u00e0 ce que vous souhaitez, vous ne devez pas les saisir \u00e0 nouveau. Si ce n'est pas le cas, vous devez saisir le nom et le num\u00e9ro que vous souhaitez.<\/p>\n<p>Conseils pour le lavage : Il est recommand\u00e9 de laver les maillots de football \u00e0 la main. Si vous souhaitez utiliser la machine \u00e0 laver, pensez \u00e0 retourner les maillots de football avant de les laver. Remplissez la machine avec de l'eau froide et utilisez un cycle de lavage d\u00e9licat pour mieux prot\u00e9ger les couleurs.<\/p>","protected":false},"excerpt":{"rendered":"<p>Sur le nouveau maillot Nike d\u2019Inter Milan 2022-2023, l\u2019embl\u00e8me officiel du vainqueur de la Coppa Italia, la Coccarda, est plac\u00e9e de mani\u00e8re inhabituelle. En Italie, le gagnant de la coupe nationale (Coppa Italia) a le droit de porter la \u00ab Coccarda \u00bb lors de la saison suivante. La Coccarda (Rosette) est un insigne rond dans la c\u00e9l\u00e8bre tricolore italienne. La Coccarda est plac\u00e9e en haut \u00e0 droite. Cependant, il y a [\u2026]<\/p>","protected":false},"featured_media":7009,"comment_status":"open","ping_status":"closed","template":"","meta":[],"product_brand":[],"product_cat":[77],"product_tag":[20,21,22,23,24,297,78],"class_list":{"0":"post-6970","1":"product","2":"type-product","3":"status-publish","4":"has-post-thumbnail","6":"product_cat-inter-milan","7":"product_tag-coole-fussballtrikots","8":"product_tag-fussballtrikot-fuer-herren","9":"product_tag-fussballtrikot-guenstig-kaufen","10":"product_tag-fussballtrikot-kurzarm","11":"product_tag-guenstiges-fussballtrikot","12":"product_tag-inter-mailand-heimtrikot","13":"product_tag-inter-milan-trikots","15":"first","16":"instock","17":"shipping-taxable","18":"purchasable","19":"product-type-variable"},"_links":{"self":[{"href":"https:\/\/www.billigtrikotde.com\/fr\/wp-json\/wp\/v2\/product\/6970","targetHints":{"allow":["GET"]}}],"collection":[{"href":"https:\/\/www.billigtrikotde.com\/fr\/wp-json\/wp\/v2\/product"}],"about":[{"href":"https:\/\/www.billigtrikotde.com\/fr\/wp-json\/wp\/v2\/types\/product"}],"replies":[{"embeddable":true,"href":"https:\/\/www.billigtrikotde.com\/fr\/wp-json\/wp\/v2\/comments?post=6970"}],"wp:featuredmedia":[{"embeddable":true,"href":"https:\/\/www.billigtrikotde.com\/fr\/wp-json\/wp\/v2\/media\/7009"}],"wp:attachment":[{"href":"https:\/\/www.billigtrikotde.com\/fr\/wp-json\/wp\/v2\/media?parent=6970"}],"wp:term":[{"taxonomy":"product_brand","embeddable":true,"href":"https:\/\/www.billigtrikotde.com\/fr\/wp-json\/wp\/v2\/product_brand?post=6970"},{"taxonomy":"product_cat","embeddable":true,"href":"https:\/\/www.billigtrikotde.com\/fr\/wp-json\/wp\/v2\/product_cat?post=6970"},{"taxonomy":"product_tag","embeddable":true,"href":"https:\/\/www.billigtrikotde.com\/fr\/wp-json\/wp\/v2\/product_tag?post=6970"}],"curies":[{"name":"wp","href":"https:\/\/api.w.org\/{rel}","templated":true}]}}