{"id":6812,"date":"2024-10-23T17:59:42","date_gmt":"2024-10-23T15:59:42","guid":{"rendered":"http:\/\/billigtrikots.com\/?post_type=product&#038;p=6812"},"modified":"2024-10-23T18:01:56","modified_gmt":"2024-10-23T16:01:56","slug":"fussballtrikots-guenstig-real-madrid-2022-2023-auswaertstrikots-deutschland-kurzarm-mbappe-7","status":"publish","type":"product","link":"https:\/\/www.billigtrikotde.com\/fr\/fussballtrikots-guenstig-real-madrid-2022-2023-auswaertstrikots-deutschland-kurzarm-mbappe-7\/","title":{"rendered":"Maillots de football Bon march\u00e9 Real Madrid 2022-2023 maillots ext\u00e9rieur Allemagne \u00e0 manches courtes MBAPP\u00c9 7"},"content":{"rendered":"<p>Le maillot ext\u00e9rieur Real Madrid CF 22-23 est \u00ab Light Purple \u00bb. Light Purple est la m\u00eame couleur violette utilis\u00e9e \u00e9galement pour le maillot du Real Madrid 22-23. La couleur elle-m\u00eame est un violet plut\u00f4t p\u00e2le et clair. D\u00e9couvrez le maillot ext\u00e9rieur Real Madrid 2022\/2023. Portez fi\u00e8rement les couleurs Merengue sur le terrain ou en ext\u00e9rieur. Un maillot flexible et l\u00e9ger avec la technologie Adidas Aeroready, un v\u00eatement qui emp\u00eache la sueur de s'infiltrer dans votre jeu ou votre entra\u00eenement. Restez au sec apr\u00e8s vos acc\u00e9l\u00e9rations.<\/p>\n<p>Conseils pour l'impression : Si le nom et le num\u00e9ro figurant sur l'image correspondent exactement \u00e0 ce que vous souhaitez, vous ne devez pas les saisir \u00e0 nouveau. Si ce n'est pas le cas, vous devez saisir le nom et le num\u00e9ro que vous souhaitez.<\/p>\n<p>Conseils pour le lavage : Il est recommand\u00e9 de laver les maillots de football \u00e0 la main. Si vous souhaitez utiliser la machine \u00e0 laver, pensez \u00e0 retourner les maillots de football avant de les laver. Remplissez la machine avec de l'eau froide et utilisez un cycle de lavage d\u00e9licat pour mieux prot\u00e9ger les couleurs.<\/p>","protected":false},"excerpt":{"rendered":"<p>Le maillot ext\u00e9rieur du Real Madrid CF 22-23 est \u00ab Light Purple \u00bb. Light Purple est le m\u00eame violet utilis\u00e9 \u00e9galement pour le maillot du Real Madrid 22-23. La couleur elle-m\u00eame est un violet plut\u00f4t p\u00e2le et clair. D\u00e9couvrez le maillot ext\u00e9rieur du Real Madrid 2022\/2023. Portez fi\u00e8rement les couleurs merengues sur le terrain ou en plein air. Un tissu flexible et l\u00e9ger [\u2026]<\/p>","protected":false},"featured_media":6844,"comment_status":"open","ping_status":"closed","template":"","meta":[],"product_brand":[],"product_cat":[45],"product_tag":[20,38,21,228,24,291,271,267,47,268],"class_list":{"0":"post-6812","1":"product","2":"type-product","3":"status-publish","4":"has-post-thumbnail","6":"product_cat-real-madrid","7":"product_tag-coole-fussballtrikots","8":"product_tag-fussball-trikot-langarm","9":"product_tag-fussballtrikot-fuer-herren","10":"product_tag-guenstige-fussballtrikot","11":"product_tag-guenstiges-fussballtrikot","12":"product_tag-real-madrid-2022-2023-auswaertstrikots","13":"product_tag-real-madrid-trikot-herren-guenstig","14":"product_tag-real-madrid-trikot-langarm-herren","15":"product_tag-real-madrid-trikots","16":"product_tag-real-madrid-trikots-22-23","18":"first","19":"instock","20":"shipping-taxable","21":"purchasable","22":"product-type-variable"},"_links":{"self":[{"href":"https:\/\/www.billigtrikotde.com\/fr\/wp-json\/wp\/v2\/product\/6812","targetHints":{"allow":["GET"]}}],"collection":[{"href":"https:\/\/www.billigtrikotde.com\/fr\/wp-json\/wp\/v2\/product"}],"about":[{"href":"https:\/\/www.billigtrikotde.com\/fr\/wp-json\/wp\/v2\/types\/product"}],"replies":[{"embeddable":true,"href":"https:\/\/www.billigtrikotde.com\/fr\/wp-json\/wp\/v2\/comments?post=6812"}],"wp:featuredmedia":[{"embeddable":true,"href":"https:\/\/www.billigtrikotde.com\/fr\/wp-json\/wp\/v2\/media\/6844"}],"wp:attachment":[{"href":"https:\/\/www.billigtrikotde.com\/fr\/wp-json\/wp\/v2\/media?parent=6812"}],"wp:term":[{"taxonomy":"product_brand","embeddable":true,"href":"https:\/\/www.billigtrikotde.com\/fr\/wp-json\/wp\/v2\/product_brand?post=6812"},{"taxonomy":"product_cat","embeddable":true,"href":"https:\/\/www.billigtrikotde.com\/fr\/wp-json\/wp\/v2\/product_cat?post=6812"},{"taxonomy":"product_tag","embeddable":true,"href":"https:\/\/www.billigtrikotde.com\/fr\/wp-json\/wp\/v2\/product_tag?post=6812"}],"curies":[{"name":"wp","href":"https:\/\/api.w.org\/{rel}","templated":true}]}}