{"id":6659,"date":"2024-10-23T17:51:48","date_gmt":"2024-10-23T15:51:48","guid":{"rendered":"http:\/\/billigtrikots.com\/?post_type=product&#038;p=6659"},"modified":"2024-10-23T17:53:55","modified_gmt":"2024-10-23T15:53:55","slug":"herren-usa-heimtrikot-wm-2022-t-shirt-weiss-online-mit-aufdruck-steffen-1","status":"publish","type":"product","link":"https:\/\/www.billigtrikotde.com\/fr\/herren-usa-heimtrikot-wm-2022-t-shirt-weiss-online-mit-aufdruck-steffen-1\/","title":{"rendered":"Maillot domicile hommes USA WM 2022 T-shirt blanc en ligne avec impression STEFFEN 1"},"content":{"rendered":"<p>Le maillot Nike France 2022 combine les couleurs les plus traditionnelles de l'\u00e9quipe de football fran\u00e7aise \u2013 blanc et bleu marine. Officiellement, les couleurs sont \u00ab Blanc \/ Bleu Loyal \u00bb.<\/p>\n<p>La particularit\u00e9 du maillot Nike France 2022 Coupe du Monde est la position probable du swoosh. Au lieu du logo Nike sur le devant, les swooshes seront probablement visibles sur les manches.<\/p>\n<p>C'est le m\u00eame style de logo que celui que nous connaissons de la NFL. Il n'a jamais \u00e9t\u00e9 utilis\u00e9 pour un maillot de football Nike.<\/p>\n<p>Le num\u00e9ro sur le devant serait situ\u00e9 de l'autre c\u00f4t\u00e9 de l'embl\u00e8me de l'\u00e9quipe de football fran\u00e7aise.<\/p>\n<p>Conseils pour l'impression : Si le nom et le num\u00e9ro figurant sur l'image correspondent exactement \u00e0 ce que vous souhaitez, vous ne devez pas les saisir \u00e0 nouveau. Si ce n'est pas le cas, vous devez saisir le nom et le num\u00e9ro que vous souhaitez.<\/p>\n<p>Conseils pour le lavage : Il est recommand\u00e9 de laver les maillots de football \u00e0 la main. Si vous souhaitez utiliser la machine \u00e0 laver, pensez \u00e0 retourner les maillots de football avant de les laver. Remplissez la machine avec de l'eau froide et utilisez un cycle de lavage d\u00e9licat pour mieux prot\u00e9ger les couleurs.<\/p>","protected":false},"excerpt":{"rendered":"<p>Le maillot Nike France 2022 combine les couleurs les plus traditionnelles de l'\u00e9quipe de football fran\u00e7aise \u2013 blanc et bleu marine. Officiellement, les couleurs sont \u00ab Blanc \/ Bleu Loyal \u00bb. La particularit\u00e9 du maillot Nike France 2022 pour la Coupe du Monde est la position probable du swoosh. Au lieu du logo Nike sur le devant, les swooshes seront probablement sur les manches \u00e0 [\u2026]<\/p>","protected":false},"featured_media":6697,"comment_status":"open","ping_status":"closed","template":"","meta":[],"product_brand":[],"product_cat":[245],"product_tag":[20,43,21,22,23,24,246,287,247,248,249,250,288],"class_list":{"0":"post-6659","1":"product","2":"type-product","3":"status-publish","4":"has-post-thumbnail","6":"product_cat-usa-trikots","7":"product_tag-coole-fussballtrikots","8":"product_tag-fussballkleidung","9":"product_tag-fussballtrikot-fuer-herren","10":"product_tag-fussballtrikot-guenstig-kaufen","11":"product_tag-fussballtrikot-kurzarm","12":"product_tag-guenstiges-fussballtrikot","13":"product_tag-united-states-2022-trikot","14":"product_tag-united-states-heimtrikot","15":"product_tag-usa-fussball-shop","16":"product_tag-usa-fussball-trikot","17":"product_tag-usa-nationalmannschaft","18":"product_tag-usa-trikot-herren","19":"product_tag-usa-trikots","21":"first","22":"instock","23":"shipping-taxable","24":"purchasable","25":"product-type-variable"},"_links":{"self":[{"href":"https:\/\/www.billigtrikotde.com\/fr\/wp-json\/wp\/v2\/product\/6659","targetHints":{"allow":["GET"]}}],"collection":[{"href":"https:\/\/www.billigtrikotde.com\/fr\/wp-json\/wp\/v2\/product"}],"about":[{"href":"https:\/\/www.billigtrikotde.com\/fr\/wp-json\/wp\/v2\/types\/product"}],"replies":[{"embeddable":true,"href":"https:\/\/www.billigtrikotde.com\/fr\/wp-json\/wp\/v2\/comments?post=6659"}],"wp:featuredmedia":[{"embeddable":true,"href":"https:\/\/www.billigtrikotde.com\/fr\/wp-json\/wp\/v2\/media\/6697"}],"wp:attachment":[{"href":"https:\/\/www.billigtrikotde.com\/fr\/wp-json\/wp\/v2\/media?parent=6659"}],"wp:term":[{"taxonomy":"product_brand","embeddable":true,"href":"https:\/\/www.billigtrikotde.com\/fr\/wp-json\/wp\/v2\/product_brand?post=6659"},{"taxonomy":"product_cat","embeddable":true,"href":"https:\/\/www.billigtrikotde.com\/fr\/wp-json\/wp\/v2\/product_cat?post=6659"},{"taxonomy":"product_tag","embeddable":true,"href":"https:\/\/www.billigtrikotde.com\/fr\/wp-json\/wp\/v2\/product_tag?post=6659"}],"curies":[{"name":"wp","href":"https:\/\/api.w.org\/{rel}","templated":true}]}}