{"id":6626,"date":"2024-10-23T17:50:07","date_gmt":"2024-10-23T15:50:07","guid":{"rendered":"http:\/\/billigtrikots.com\/?post_type=product&#038;p=6626"},"modified":"2024-10-23T17:52:17","modified_gmt":"2024-10-23T15:52:17","slug":"guenstig-united-states-auswaertstrikot-wm-2022-in-blau-usa-trikotsatz-mit-aufdruck-williams-13","status":"publish","type":"product","link":"https:\/\/www.billigtrikotde.com\/fr\/guenstig-united-states-auswaertstrikot-wm-2022-in-blau-usa-trikotsatz-mit-aufdruck-williams-13\/","title":{"rendered":"Bon march\u00e9 away jersey United States Coupe du monde 2022 bleu maillots Tricots manche courte + pantalons courts avec impression WILLIAMS 13"},"content":{"rendered":"<p>Nous pouvons publier les premi\u00e8res informations sur le nouveau maillot 2022 des \u00c9tats-Unis par Nike. Merci \u00e0 Gol de Sergio. Les \u00c9tats-Unis occupent actuellement la deuxi\u00e8me place dans le dernier tour des qualifications CONCACAF pour la Coupe du Monde FIFA de football 2022. Les trois premi\u00e8res \u00e9quipes se qualifient directement, la quatri\u00e8me place disputera des barrages entre les conf\u00e9d\u00e9rations. Cette image montre les couleurs du nouveau maillot domicile Nike pour les \u00c9tats-Unis pour la Coupe du Monde 2022.<br \/>\nLe maillot Nike des \u00c9tats-Unis 2022 combine les couleurs les plus traditionnelles de l'\u00e9quipe de football am\u00e9ricaine \u2013 blanc et bleu marine. Officiellement, les couleurs sont \u00ab White \/ Loyal Blue \u00bb. Le Loyal Blue est la m\u00eame couleur utilis\u00e9e aussi pour le maillot ext\u00e9rieur 2020. Ce qui est sp\u00e9cial avec le maillot mondial 2022 des \u00c9tats-Unis chez Nike, c'est le positionnement probable du Swoosh. Au lieu du logo Nike sur le devant, les Swoosh appara\u00eetront probablement sur les manches. C\u2019est le m\u00eame style de logo que nous connaissons de la NFL. Il n\u2019a jamais \u00e9t\u00e9 utilis\u00e9 sur un maillot de football Nike. Le num\u00e9ro sur le devant serait de l\u2019autre c\u00f4t\u00e9 du blason de la Football Association.<\/p>\n<p>Conseils pour l'impression : Si le nom et le num\u00e9ro figurant sur l'image correspondent exactement \u00e0 ce que vous souhaitez, vous ne devez pas les saisir \u00e0 nouveau. Si ce n'est pas le cas, vous devez saisir le nom et le num\u00e9ro que vous souhaitez.<\/p>\n<p>Conseils pour le lavage : Il est recommand\u00e9 de laver les maillots de football \u00e0 la main. Si vous souhaitez utiliser la machine \u00e0 laver, pensez \u00e0 retourner les maillots de football avant de les laver. Remplissez la machine avec de l'eau froide et utilisez un cycle de lavage d\u00e9licat pour mieux prot\u00e9ger les couleurs.<\/p>","protected":false},"excerpt":{"rendered":"<p>Nous pouvons publier les premi\u00e8res informations sur le nouveau maillot 2022 de l'\u00e9quipe nationale d'Am\u00e9rique. Merci \u00e0 Gol de Sergio. L'\u00e9quipe est actuellement deuxi\u00e8me lors de la derni\u00e8re \u00e9tape de la qualification CONCACAF pour la Coupe du Monde de la FIFA 2022. Les trois premi\u00e8res \u00e9quipes se qualifient directement, la quatri\u00e8me place sera d\u00e9termin\u00e9e lors de barrages entre les conf\u00e9d\u00e9rations. Ce [\u2026]<\/p>","protected":false},"featured_media":6664,"comment_status":"open","ping_status":"closed","template":"","meta":[],"product_brand":[],"product_cat":[245],"product_tag":[20,43,21,22,23,24,246,287,247,248,249,250,288],"class_list":{"0":"post-6626","1":"product","2":"type-product","3":"status-publish","4":"has-post-thumbnail","6":"product_cat-usa-trikots","7":"product_tag-coole-fussballtrikots","8":"product_tag-fussballkleidung","9":"product_tag-fussballtrikot-fuer-herren","10":"product_tag-fussballtrikot-guenstig-kaufen","11":"product_tag-fussballtrikot-kurzarm","12":"product_tag-guenstiges-fussballtrikot","13":"product_tag-united-states-2022-trikot","14":"product_tag-united-states-heimtrikot","15":"product_tag-usa-fussball-shop","16":"product_tag-usa-fussball-trikot","17":"product_tag-usa-nationalmannschaft","18":"product_tag-usa-trikot-herren","19":"product_tag-usa-trikots","21":"first","22":"instock","23":"shipping-taxable","24":"purchasable","25":"product-type-variable"},"_links":{"self":[{"href":"https:\/\/www.billigtrikotde.com\/fr\/wp-json\/wp\/v2\/product\/6626","targetHints":{"allow":["GET"]}}],"collection":[{"href":"https:\/\/www.billigtrikotde.com\/fr\/wp-json\/wp\/v2\/product"}],"about":[{"href":"https:\/\/www.billigtrikotde.com\/fr\/wp-json\/wp\/v2\/types\/product"}],"replies":[{"embeddable":true,"href":"https:\/\/www.billigtrikotde.com\/fr\/wp-json\/wp\/v2\/comments?post=6626"}],"wp:featuredmedia":[{"embeddable":true,"href":"https:\/\/www.billigtrikotde.com\/fr\/wp-json\/wp\/v2\/media\/6664"}],"wp:attachment":[{"href":"https:\/\/www.billigtrikotde.com\/fr\/wp-json\/wp\/v2\/media?parent=6626"}],"wp:term":[{"taxonomy":"product_brand","embeddable":true,"href":"https:\/\/www.billigtrikotde.com\/fr\/wp-json\/wp\/v2\/product_brand?post=6626"},{"taxonomy":"product_cat","embeddable":true,"href":"https:\/\/www.billigtrikotde.com\/fr\/wp-json\/wp\/v2\/product_cat?post=6626"},{"taxonomy":"product_tag","embeddable":true,"href":"https:\/\/www.billigtrikotde.com\/fr\/wp-json\/wp\/v2\/product_tag?post=6626"}],"curies":[{"name":"wp","href":"https:\/\/api.w.org\/{rel}","templated":true}]}}