{"id":6450,"date":"2024-10-23T17:41:38","date_gmt":"2024-10-23T15:41:38","guid":{"rendered":"http:\/\/billigtrikots.com\/?post_type=product&#038;p=6450"},"modified":"2024-10-23T17:43:43","modified_gmt":"2024-10-23T15:43:43","slug":"neues-fc-barcelona-2022-23-home-kit-heimtrikot-kurzarm-fuer-herren","status":"publish","type":"product","link":"https:\/\/www.billigtrikotde.com\/fr\/neues-fc-barcelona-2022-23-home-kit-heimtrikot-kurzarm-fuer-herren\/","title":{"rendered":"Nouveau FC Barcelone 2022\/23 Maillot domicile Maillot \u00e0 manches courtes pour hommes"},"content":{"rendered":"<p>Le maillot domicile FC Barcelone 2022-23 introduit un look \u00e9l\u00e9gant et ajoute la rayure traditionnelle Blaugrana en bleu fonc\u00e9. Les manches et le col du maillot Barcelone 22-23 sont d'une couleur unie bleu fonc\u00e9, tandis que le devant pr\u00e9sente des rayures assez larges en bleu fonc\u00e9, bleu royal et rouge. Le nom officiel du bleu fonc\u00e9 utilis\u00e9 sur le maillot est \u00ab Obsidien \u00bb, ce qui correspond \u00e9galement \u00e0 la couleur des logos sur le maillot ext\u00e9rieur dor\u00e9.<br \/>\nLe maillot domicile de Barcelone 2022\/23 ajoute deux rayures verticales bleu fonc\u00e9 aux rayures embl\u00e9matiques bleu royal et rouge du club. Les couleurs du drapeau catalan sont plac\u00e9es sur son cou. Pour la premi\u00e8re fois, pour l'ancien champion d'Europe, un bloc bleu marine est utilis\u00e9 pour la partie sup\u00e9rieure de la poitrine, les \u00e9paules et la manche.<\/p>\n<p>Conseils pour l'impression : Si le nom et le num\u00e9ro figurant sur l'image correspondent exactement \u00e0 ce que vous souhaitez, vous ne devez pas les saisir \u00e0 nouveau. Si ce n'est pas le cas, vous devez saisir le nom et le num\u00e9ro que vous souhaitez.<\/p>\n<p>Conseils pour le lavage : Il est recommand\u00e9 de laver les maillots de football \u00e0 la main. Si vous souhaitez utiliser la machine \u00e0 laver, pensez \u00e0 retourner les maillots de football avant de les laver. Remplissez la machine avec de l'eau froide et utilisez un cycle de lavage d\u00e9licat pour mieux prot\u00e9ger les couleurs.<\/p>","protected":false},"excerpt":{"rendered":"<p>Das FC Barcelona 2022-23 Heimtrikot f\u00fchrt einen stylischen Look ein und f\u00fcgt den traditionellen Blaugrana-Streifen Dunkelblau hinzu. Die \u00c4rmel und der Kragen des Barcelona 22-23 Trikots sind einfarbig dunkelblau, w\u00e4hrend die Vorderseite ziemlich breite Streifen in Dunkelblau, K\u00f6nigsblau und Rot aufweist. Der offizielle Name des auf dem Trikot verwendeten Dunkelblaus ist &#8222;Obsidian&#8220;, was auch die [&hellip;]<\/p>","protected":false},"featured_media":6488,"comment_status":"open","ping_status":"closed","template":"","meta":[],"product_brand":[],"product_cat":[31],"product_tag":[20,282,283,33,21,22,23,24],"class_list":{"0":"post-6450","1":"product","2":"type-product","3":"status-publish","4":"has-post-thumbnail","6":"product_cat-fc-barcelona","7":"product_tag-coole-fussballtrikots","8":"product_tag-fc-barcelona-2022-23-trikots","9":"product_tag-fc-barcelona-22-23-auswaertstrikot","10":"product_tag-fc-barcelona-trikots","11":"product_tag-fussballtrikot-fuer-herren","12":"product_tag-fussballtrikot-guenstig-kaufen","13":"product_tag-fussballtrikot-kurzarm","14":"product_tag-guenstiges-fussballtrikot","16":"first","17":"instock","18":"shipping-taxable","19":"purchasable","20":"product-type-variable"},"_links":{"self":[{"href":"https:\/\/www.billigtrikotde.com\/fr\/wp-json\/wp\/v2\/product\/6450","targetHints":{"allow":["GET"]}}],"collection":[{"href":"https:\/\/www.billigtrikotde.com\/fr\/wp-json\/wp\/v2\/product"}],"about":[{"href":"https:\/\/www.billigtrikotde.com\/fr\/wp-json\/wp\/v2\/types\/product"}],"replies":[{"embeddable":true,"href":"https:\/\/www.billigtrikotde.com\/fr\/wp-json\/wp\/v2\/comments?post=6450"}],"wp:featuredmedia":[{"embeddable":true,"href":"https:\/\/www.billigtrikotde.com\/fr\/wp-json\/wp\/v2\/media\/6488"}],"wp:attachment":[{"href":"https:\/\/www.billigtrikotde.com\/fr\/wp-json\/wp\/v2\/media?parent=6450"}],"wp:term":[{"taxonomy":"product_brand","embeddable":true,"href":"https:\/\/www.billigtrikotde.com\/fr\/wp-json\/wp\/v2\/product_brand?post=6450"},{"taxonomy":"product_cat","embeddable":true,"href":"https:\/\/www.billigtrikotde.com\/fr\/wp-json\/wp\/v2\/product_cat?post=6450"},{"taxonomy":"product_tag","embeddable":true,"href":"https:\/\/www.billigtrikotde.com\/fr\/wp-json\/wp\/v2\/product_tag?post=6450"}],"curies":[{"name":"wp","href":"https:\/\/api.w.org\/{rel}","templated":true}]}}