{"id":6448,"date":"2024-10-23T17:41:36","date_gmt":"2024-10-23T15:41:36","guid":{"rendered":"http:\/\/billigtrikots.com\/?post_type=product&#038;p=6448"},"modified":"2024-10-23T17:43:42","modified_gmt":"2024-10-23T15:43:42","slug":"fc-barcelona-2022-23-auswaertstrikots-goldene-kurzarm-mit-aufdruck-r-araujo-4","status":"publish","type":"product","link":"https:\/\/www.billigtrikotde.com\/fr\/fc-barcelona-2022-23-auswaertstrikots-goldene-kurzarm-mit-aufdruck-r-araujo-4\/","title":{"rendered":"FC Barcelone 2022\/23 Maillots ext\u00e9rieurs Or \u00e0 manches courtes avec impression R.ARAUJO 4"},"content":{"rendered":"<p>Der FC Barcelona hat am Montag sein neues Ausw\u00e4rtstrikot f\u00fcr die Spielzeit 2022\/23 der \u00d6ffentlichkeit vorgestellt. Durch mehrere Leaks war bereits seit Monaten klar, wie dieser Dress im Gro\u00dfen und Ganzen aussehen w\u00fcrde, nun gab es die ersten offiziellen Bilder. Das zweite Trikot der Katalanen ist komplett in Gold gehalten, eine Hommage an die Olympischen Spiele, die 1992 \u2013 also vor 30 Jahren \u2013 in Barcelona stattgefunden haben und das Stadtbild sowie die internationale Wahrnehmung der Mittelmeermetropole nachhaltig positiv beeinflussten. Eine weitere Anspielung auf dieses sportliche Gro\u00dfereignis sind die in den Farben der Olympischen Ringe gehaltenen Verzierungen auf den \u00c4rmeln und Stutzen. Dar\u00fcber hinaus ziert das Trikot das Layout der Stadt Barcelona.<\/p>\n<p>Conseils pour l'impression : Si le nom et le num\u00e9ro figurant sur l'image correspondent exactement \u00e0 ce que vous souhaitez, vous ne devez pas les saisir \u00e0 nouveau. Si ce n'est pas le cas, vous devez saisir le nom et le num\u00e9ro que vous souhaitez.<\/p>\n<p>Conseils pour le lavage : Il est recommand\u00e9 de laver les maillots de football \u00e0 la main. Si vous souhaitez utiliser la machine \u00e0 laver, pensez \u00e0 retourner les maillots de football avant de les laver. Remplissez la machine avec de l'eau froide et utilisez un cycle de lavage d\u00e9licat pour mieux prot\u00e9ger les couleurs.<\/p>","protected":false},"excerpt":{"rendered":"<p>Le FC Barcelone a pr\u00e9sent\u00e9 lundi son nouveau maillot ext\u00e9rieur pour la saison 2022\/23 au public. Gr\u00e2ce \u00e0 plusieurs fuites, il \u00e9tait d\u00e9j\u00e0 clair depuis des mois \u00e0 quoi ressemblerait globalement cette tenue, maintenant il y a eu les premi\u00e8res images officielles. Le deuxi\u00e8me maillot des Catalans est enti\u00e8rement en or, un hommage aux Jeux Olympiques [\u2026]<\/p>","protected":false},"featured_media":6487,"comment_status":"open","ping_status":"closed","template":"","meta":[],"product_brand":[],"product_cat":[31],"product_tag":[20,282,283,33,21,22,23,24],"class_list":{"0":"post-6448","1":"product","2":"type-product","3":"status-publish","4":"has-post-thumbnail","6":"product_cat-fc-barcelona","7":"product_tag-coole-fussballtrikots","8":"product_tag-fc-barcelona-2022-23-trikots","9":"product_tag-fc-barcelona-22-23-auswaertstrikot","10":"product_tag-fc-barcelona-trikots","11":"product_tag-fussballtrikot-fuer-herren","12":"product_tag-fussballtrikot-guenstig-kaufen","13":"product_tag-fussballtrikot-kurzarm","14":"product_tag-guenstiges-fussballtrikot","16":"first","17":"instock","18":"shipping-taxable","19":"purchasable","20":"product-type-variable"},"_links":{"self":[{"href":"https:\/\/www.billigtrikotde.com\/fr\/wp-json\/wp\/v2\/product\/6448","targetHints":{"allow":["GET"]}}],"collection":[{"href":"https:\/\/www.billigtrikotde.com\/fr\/wp-json\/wp\/v2\/product"}],"about":[{"href":"https:\/\/www.billigtrikotde.com\/fr\/wp-json\/wp\/v2\/types\/product"}],"replies":[{"embeddable":true,"href":"https:\/\/www.billigtrikotde.com\/fr\/wp-json\/wp\/v2\/comments?post=6448"}],"wp:featuredmedia":[{"embeddable":true,"href":"https:\/\/www.billigtrikotde.com\/fr\/wp-json\/wp\/v2\/media\/6487"}],"wp:attachment":[{"href":"https:\/\/www.billigtrikotde.com\/fr\/wp-json\/wp\/v2\/media?parent=6448"}],"wp:term":[{"taxonomy":"product_brand","embeddable":true,"href":"https:\/\/www.billigtrikotde.com\/fr\/wp-json\/wp\/v2\/product_brand?post=6448"},{"taxonomy":"product_cat","embeddable":true,"href":"https:\/\/www.billigtrikotde.com\/fr\/wp-json\/wp\/v2\/product_cat?post=6448"},{"taxonomy":"product_tag","embeddable":true,"href":"https:\/\/www.billigtrikotde.com\/fr\/wp-json\/wp\/v2\/product_tag?post=6448"}],"curies":[{"name":"wp","href":"https:\/\/api.w.org\/{rel}","templated":true}]}}