{"id":6302,"date":"2024-10-23T17:34:42","date_gmt":"2024-10-23T15:34:42","guid":{"rendered":"http:\/\/billigtrikots.com\/?post_type=product&#038;p=6302"},"modified":"2024-10-23T17:36:58","modified_gmt":"2024-10-23T15:36:58","slug":"lewandowski-9-kinder-fc-barcelona-22-23-auswaertstrikot-goldene-grundfarbe-trikotsatz","status":"publish","type":"product","link":"https:\/\/www.billigtrikotde.com\/fr\/lewandowski-9-kinder-fc-barcelona-22-23-auswaertstrikot-goldene-grundfarbe-trikotsatz\/","title":{"rendered":"LEWANDOWSKI 9 Maillot ext\u00e9rieur pour enfants FC Barcelone 22-23 couleur de base or ensemble de maillots"},"content":{"rendered":"<p>Le maillot ext\u00e9rieur FC Barcelone 22-23 a une couleur de base or, \u00e9voquant les d\u00e9buts des ann\u00e9es 2000. Tous les logos sont en bleu marine fonc\u00e9. La couleur et le design des manches du nouveau maillot font r\u00e9f\u00e9rence aux m\u00e9dailles d'or que les athl\u00e8tes re\u00e7oivent lors des Jeux Olympiques, 30 ans apr\u00e8s la tenue des Jeux Olympiques de 1992 \u00e0 Barcelone. Les Jeux ont \u00e9t\u00e9 inaugur\u00e9s le 25 juillet 1992. De plus, les couleurs des cinq anneaux olympiques sont visibles sur les poignets des manches et sur les chaussettes.<\/p>\n<p>Comme d'autres maillots de notre collection Stadium, ce maillot avec des d\u00e9tails de conception en replica et une technologie d'\u00e9vacuation de la transpiration offre un look pr\u00eat pour le jeu, inspir\u00e9 par votre \u00e9quipe favorite.<\/p>\n<p>Conseils pour l'impression : Si le nom et le num\u00e9ro figurant sur l'image correspondent exactement \u00e0 ce que vous souhaitez, vous ne devez pas les saisir \u00e0 nouveau. Si ce n'est pas le cas, vous devez saisir le nom et le num\u00e9ro que vous souhaitez.<\/p>\n<p>Conseils pour le lavage : Il est recommand\u00e9 de laver les maillots de football \u00e0 la main. Si vous souhaitez utiliser la machine \u00e0 laver, pensez \u00e0 retourner les maillots de football avant de les laver. Remplissez la machine avec de l'eau froide et utilisez un cycle de lavage d\u00e9licat pour mieux prot\u00e9ger les couleurs.<\/p>","protected":false},"excerpt":{"rendered":"<p>Le maillot ext\u00e9rieur FC Barcelone 22-23 a une couleur de fond dor\u00e9e, \u00e9voquant les souvenirs des ann\u00e9es 2000. Tous les logos sont en bleu marine fonc\u00e9. La couleur et le design des manches du nouveau maillot font r\u00e9f\u00e9rence aux m\u00e9dailles d'or que les athl\u00e8tes re\u00e7oivent lors des Jeux Olympiques, 30 ans apr\u00e8s les Jeux Olympiques de 1992 \u00e0 Barcelone [...]<\/p>","protected":false},"featured_media":6334,"comment_status":"open","ping_status":"closed","template":"","meta":[],"product_brand":[],"product_cat":[146],"product_tag":[147,20,279,280,33,35,21,22,23,24,94],"class_list":{"0":"post-6302","1":"product","2":"type-product","3":"status-publish","4":"has-post-thumbnail","6":"product_cat-barcelona-kindertrikot","7":"product_tag-barcelona-trikotsatz-fuer-kinder","8":"product_tag-coole-fussballtrikots","9":"product_tag-fc-barcelona-2022-23-trikot-kaufen","10":"product_tag-fc-barcelona-2022-23-trikot-kinder","11":"product_tag-fc-barcelona-trikots","12":"product_tag-fussball-torwarttrikots","13":"product_tag-fussballtrikot-fuer-herren","14":"product_tag-fussballtrikot-guenstig-kaufen","15":"product_tag-fussballtrikot-kurzarm","16":"product_tag-guenstiges-fussballtrikot","17":"product_tag-kinder-fussball-trikotsatz","19":"first","20":"instock","21":"shipping-taxable","22":"purchasable","23":"product-type-variable"},"_links":{"self":[{"href":"https:\/\/www.billigtrikotde.com\/fr\/wp-json\/wp\/v2\/product\/6302","targetHints":{"allow":["GET"]}}],"collection":[{"href":"https:\/\/www.billigtrikotde.com\/fr\/wp-json\/wp\/v2\/product"}],"about":[{"href":"https:\/\/www.billigtrikotde.com\/fr\/wp-json\/wp\/v2\/types\/product"}],"replies":[{"embeddable":true,"href":"https:\/\/www.billigtrikotde.com\/fr\/wp-json\/wp\/v2\/comments?post=6302"}],"wp:featuredmedia":[{"embeddable":true,"href":"https:\/\/www.billigtrikotde.com\/fr\/wp-json\/wp\/v2\/media\/6334"}],"wp:attachment":[{"href":"https:\/\/www.billigtrikotde.com\/fr\/wp-json\/wp\/v2\/media?parent=6302"}],"wp:term":[{"taxonomy":"product_brand","embeddable":true,"href":"https:\/\/www.billigtrikotde.com\/fr\/wp-json\/wp\/v2\/product_brand?post=6302"},{"taxonomy":"product_cat","embeddable":true,"href":"https:\/\/www.billigtrikotde.com\/fr\/wp-json\/wp\/v2\/product_cat?post=6302"},{"taxonomy":"product_tag","embeddable":true,"href":"https:\/\/www.billigtrikotde.com\/fr\/wp-json\/wp\/v2\/product_tag?post=6302"}],"curies":[{"name":"wp","href":"https:\/\/api.w.org\/{rel}","templated":true}]}}