{"id":6225,"date":"2024-10-23T17:30:42","date_gmt":"2024-10-23T15:30:42","guid":{"rendered":"http:\/\/billigtrikots.com\/?post_type=product&#038;p=6225"},"modified":"2024-10-23T17:32:54","modified_gmt":"2024-10-23T15:32:54","slug":"fc-barcelona-kinderheim-trikot-2022-23-trikotsatz-navy-blau-billige-fussballtrikots","status":"publish","type":"product","link":"https:\/\/www.billigtrikotde.com\/fr\/fc-barcelona-kinderheim-trikot-2022-23-trikotsatz-navy-blau-billige-fussballtrikots\/","title":{"rendered":"FC Barcelone domicile Maillot 2022\/23 Lot de maillots Navy Bleu Football Maillots Bon march\u00e9"},"content":{"rendered":"<p>Le maillot domicile FC Barcelone 2022\/23 pr\u00e9sente les embl\u00e9matiques rayures Blaugrana en orientation courb\u00e9e. Il compl\u00e8te un th\u00e8me bleu fonc\u00e9 en haut, avec le nouveau sponsor de Barcelone, Spotify, visible au centre. Comme pr\u00e9vu par les fuites, le logo Spotify a une apparence dor\u00e9e, s'harmonisant parfaitement avec les couleurs du maillot et lui donnant un look vintage. La majorit\u00e9 des fans de Barcelone accueillerait certainement favorablement ce changement, surtout apr\u00e8s la r\u00e9action n\u00e9gative re\u00e7ue par le maillot domicile de la saison derni\u00e8re. Le maillot de coupe pour Barcelone pourrait ne pas r\u00e9pondre aux attentes de la saison derni\u00e8re. Mais il pourrait arborer la croix de Saint-Georges en couleurs Blaugrana, compl\u00e9tant une chemise blanche et lui conf\u00e9rant un style simple et classique.<\/p>\n<p>Conseils pour l'impression : Si le nom et le num\u00e9ro figurant sur l'image correspondent exactement \u00e0 ce que vous souhaitez, vous ne devez pas les saisir \u00e0 nouveau. Si ce n'est pas le cas, vous devez saisir le nom et le num\u00e9ro que vous souhaitez.<\/p>\n<p>Conseils pour le lavage : Il est recommand\u00e9 de laver les maillots de football \u00e0 la main. Si vous souhaitez utiliser la machine \u00e0 laver, pensez \u00e0 retourner les maillots de football avant de les laver. Remplissez la machine avec de l'eau froide et utilisez un cycle de lavage d\u00e9licat pour mieux prot\u00e9ger les couleurs.<\/p>","protected":false},"excerpt":{"rendered":"<p>Le maillot domicile FC Barcelone 2022\/23 pr\u00e9sente les c\u00e9l\u00e8bres rayures Blaugrana dans une disposition courb\u00e9e. Il compl\u00e8te un th\u00e8me bleu fonc\u00e9 en haut, avec le nouveau sponsor de Barcelone, Spotify, visible au centre. Comme pr\u00e9vu par les fuites, le logo Spotify a une apparence dor\u00e9e, qui s'harmonise parfaitement avec les couleurs du maillot et lui donne un look vintage. La majorit\u00e9 [\u2026]<\/p>","protected":false},"featured_media":6263,"comment_status":"open","ping_status":"closed","template":"","meta":[],"product_brand":[],"product_cat":[146],"product_tag":[147,20,279,280,33,35,21,22,23,24,94],"class_list":{"0":"post-6225","1":"product","2":"type-product","3":"status-publish","4":"has-post-thumbnail","6":"product_cat-barcelona-kindertrikot","7":"product_tag-barcelona-trikotsatz-fuer-kinder","8":"product_tag-coole-fussballtrikots","9":"product_tag-fc-barcelona-2022-23-trikot-kaufen","10":"product_tag-fc-barcelona-2022-23-trikot-kinder","11":"product_tag-fc-barcelona-trikots","12":"product_tag-fussball-torwarttrikots","13":"product_tag-fussballtrikot-fuer-herren","14":"product_tag-fussballtrikot-guenstig-kaufen","15":"product_tag-fussballtrikot-kurzarm","16":"product_tag-guenstiges-fussballtrikot","17":"product_tag-kinder-fussball-trikotsatz","19":"first","20":"instock","21":"shipping-taxable","22":"purchasable","23":"product-type-variable"},"_links":{"self":[{"href":"https:\/\/www.billigtrikotde.com\/fr\/wp-json\/wp\/v2\/product\/6225","targetHints":{"allow":["GET"]}}],"collection":[{"href":"https:\/\/www.billigtrikotde.com\/fr\/wp-json\/wp\/v2\/product"}],"about":[{"href":"https:\/\/www.billigtrikotde.com\/fr\/wp-json\/wp\/v2\/types\/product"}],"replies":[{"embeddable":true,"href":"https:\/\/www.billigtrikotde.com\/fr\/wp-json\/wp\/v2\/comments?post=6225"}],"wp:featuredmedia":[{"embeddable":true,"href":"https:\/\/www.billigtrikotde.com\/fr\/wp-json\/wp\/v2\/media\/6263"}],"wp:attachment":[{"href":"https:\/\/www.billigtrikotde.com\/fr\/wp-json\/wp\/v2\/media?parent=6225"}],"wp:term":[{"taxonomy":"product_brand","embeddable":true,"href":"https:\/\/www.billigtrikotde.com\/fr\/wp-json\/wp\/v2\/product_brand?post=6225"},{"taxonomy":"product_cat","embeddable":true,"href":"https:\/\/www.billigtrikotde.com\/fr\/wp-json\/wp\/v2\/product_cat?post=6225"},{"taxonomy":"product_tag","embeddable":true,"href":"https:\/\/www.billigtrikotde.com\/fr\/wp-json\/wp\/v2\/product_tag?post=6225"}],"curies":[{"name":"wp","href":"https:\/\/api.w.org\/{rel}","templated":true}]}}