{"id":6195,"date":"2024-10-23T17:29:29","date_gmt":"2024-10-23T15:29:29","guid":{"rendered":"http:\/\/billigtrikots.com\/?post_type=product&#038;p=6195"},"modified":"2024-10-23T17:31:09","modified_gmt":"2024-10-23T15:31:09","slug":"kinder-fussballtrikots-liverpool-heimtrikot-2022-23-rot-kurzarm-kurze-hosen-henderson-14","status":"publish","type":"product","link":"https:\/\/www.billigtrikotde.com\/fr\/kinder-fussballtrikots-liverpool-heimtrikot-2022-23-rot-kurzarm-kurze-hosen-henderson-14\/","title":{"rendered":"Maillots de football pour enfants Liverpool maillot domicile 2022\/23 rouge manches courtes + short bleu clair HENDERSON 14"},"content":{"rendered":"<p>Un maillot doux et l\u00e9ger dot\u00e9 de la technologie Nike Dri-Fit, un v\u00eatement qui emp\u00eache la transpiration de s\u2019inviter lors de votre match ou entra\u00eenement. Rester au sec apr\u00e8s vos acc\u00e9l\u00e9rations. Liverpool compte parmi les fans les plus passionn\u00e9s du monde et c\u2019est une exp\u00e9rience tr\u00e8s sp\u00e9ciale lorsque les fans des Reds se rendent sur The Kop et sur le reste du stade d\u2019Anfield, o\u00f9 le club est chez lui, pour entamer le c\u00e9l\u00e8bre \u00ab You\u2019ll Never Walk Alone \u00bb. Liverpool a jusqu\u2019\u00e0 pr\u00e9sent remport\u00e9 19 championnats, mais il reste avide de nouvelles victoires et de troph\u00e9es.<\/p>\n<p>Conseils pour l'impression : Si le nom et le num\u00e9ro figurant sur l'image correspondent exactement \u00e0 ce que vous souhaitez, vous ne devez pas les saisir \u00e0 nouveau. Si ce n'est pas le cas, vous devez saisir le nom et le num\u00e9ro que vous souhaitez.<\/p>\n<p>Conseils pour le lavage : Il est recommand\u00e9 de laver les maillots de football \u00e0 la main. Si vous souhaitez utiliser la machine \u00e0 laver, pensez \u00e0 retourner les maillots de football avant de les laver. Remplissez la machine avec de l'eau froide et utilisez un cycle de lavage d\u00e9licat pour mieux prot\u00e9ger les couleurs.<\/p>","protected":false},"excerpt":{"rendered":"<p>Un maillot souple et l\u00e9ger dot\u00e9 de la technologie Nike Dri-Fit, un v\u00eatement qui emp\u00eache la transpiration de s\u2019inviter lors de votre match ou entra\u00eenement. Rester au sec apr\u00e8s vos acc\u00e9l\u00e9rations. Liverpool compte parmi les supporters les plus passionn\u00e9s du monde et c\u2019est une exp\u00e9rience tr\u00e8s particuli\u00e8re lorsque les supporters des Reds se retrouvent sur The Kop et [\u2026]<\/p>","protected":false},"featured_media":6228,"comment_status":"open","ping_status":"closed","template":"","meta":[],"product_brand":[],"product_cat":[151],"product_tag":[20,21,22,23,24,94,152,277,153,154],"class_list":{"0":"post-6195","1":"product","2":"type-product","3":"status-publish","4":"has-post-thumbnail","6":"product_cat-liverpool-kindertrikot","7":"product_tag-coole-fussballtrikots","8":"product_tag-fussballtrikot-fuer-herren","9":"product_tag-fussballtrikot-guenstig-kaufen","10":"product_tag-fussballtrikot-kurzarm","11":"product_tag-guenstiges-fussballtrikot","12":"product_tag-kinder-fussball-trikotsatz","13":"product_tag-liverpool-heimtrikot","14":"product_tag-liverpool-kinder-trikot-set","15":"product_tag-liverpool-trikots","16":"product_tag-liverpool-trikotsatz-fuer-kinder","18":"first","19":"instock","20":"shipping-taxable","21":"purchasable","22":"product-type-variable"},"_links":{"self":[{"href":"https:\/\/www.billigtrikotde.com\/fr\/wp-json\/wp\/v2\/product\/6195","targetHints":{"allow":["GET"]}}],"collection":[{"href":"https:\/\/www.billigtrikotde.com\/fr\/wp-json\/wp\/v2\/product"}],"about":[{"href":"https:\/\/www.billigtrikotde.com\/fr\/wp-json\/wp\/v2\/types\/product"}],"replies":[{"embeddable":true,"href":"https:\/\/www.billigtrikotde.com\/fr\/wp-json\/wp\/v2\/comments?post=6195"}],"wp:featuredmedia":[{"embeddable":true,"href":"https:\/\/www.billigtrikotde.com\/fr\/wp-json\/wp\/v2\/media\/6228"}],"wp:attachment":[{"href":"https:\/\/www.billigtrikotde.com\/fr\/wp-json\/wp\/v2\/media?parent=6195"}],"wp:term":[{"taxonomy":"product_brand","embeddable":true,"href":"https:\/\/www.billigtrikotde.com\/fr\/wp-json\/wp\/v2\/product_brand?post=6195"},{"taxonomy":"product_cat","embeddable":true,"href":"https:\/\/www.billigtrikotde.com\/fr\/wp-json\/wp\/v2\/product_cat?post=6195"},{"taxonomy":"product_tag","embeddable":true,"href":"https:\/\/www.billigtrikotde.com\/fr\/wp-json\/wp\/v2\/product_tag?post=6195"}],"curies":[{"name":"wp","href":"https:\/\/api.w.org\/{rel}","templated":true}]}}