{"id":6161,"date":"2024-10-23T17:27:57","date_gmt":"2024-10-23T15:27:57","guid":{"rendered":"http:\/\/billigtrikots.com\/?post_type=product&#038;p=6161"},"modified":"2025-06-16T16:03:31","modified_gmt":"2025-06-16T14:03:31","slug":"kinder-juventus-fc-2022-23-heimtrikot-schwarz-weiss-kurzarm-kurze-hosen-bonucci-19","status":"publish","type":"product","link":"https:\/\/www.billigtrikotde.com\/fr\/kinder-juventus-fc-2022-23-heimtrikot-schwarz-weiss-kurzarm-kurze-hosen-bonucci-19\/","title":{"rendered":"Maillot domicile FC Juventus pour enfants 2022-23 Noir Blanc \u00e0 manches courtes + short pour petite taille BONUCCI 19"},"content":{"rendered":"<p>Le d\u00e9but pourrait avoir lieu lors d'un des derniers matchs de la Serie A ou m\u00eame en finale de la Coppa Italia contre l'Inter \u2013 comme l'ann\u00e9e derni\u00e8re. Le maillot Juventus 2022-23 est disponible \u00e0 partir d'aujourd'hui chez certains d\u00e9taillants et \u00e0 partir du 27 mai partout, et sera pr\u00e9sent\u00e9 pour la premi\u00e8re fois lors du match de Serie A contre la Lazio le 16 mai. [...]<\/p>\n<p>Le maillot domicile Adidas Juventus 2022-23 adopte une approche tr\u00e8s unique des rayures classiques en blanc et noir du club. Les rayures sont compos\u00e9es de petits triangles. Adidas utilise pour le maillot Juventus 22-23 un col rond simple et des trois bandes noires. Apr\u00e8s que les maillots Juventus 21-22 aient \u00e9t\u00e9 \u00e9quip\u00e9s du logo Jeep 4xe, le maillot Juventus 22-23 pr\u00e9sente une marque Jeep \u00ab \u00e9lectrifi\u00e9e \u00bb. Il contient des \u00e9clairs.<\/p>\n<p>Conseils pour l'impression : Si le nom et le num\u00e9ro figurant sur l'image correspondent exactement \u00e0 ce que vous souhaitez, vous ne devez pas les saisir \u00e0 nouveau. Si ce n'est pas le cas, vous devez saisir le nom et le num\u00e9ro que vous souhaitez.<\/p>\n<p>Conseils pour le lavage : Il est recommand\u00e9 de laver les maillots de football \u00e0 la main. Si vous souhaitez utiliser la machine \u00e0 laver, pensez \u00e0 retourner les maillots de football avant de les laver. Remplissez la machine avec de l'eau froide et utilisez un cycle de lavage d\u00e9licat pour mieux prot\u00e9ger les couleurs.<\/p>","protected":false},"excerpt":{"rendered":"<p>Le d\u00e9but pourrait avoir lieu lors d'un des derniers matchs de la Serie A ou m\u00eame en finale de la Coppa Italia contre l'Inter \u2013 comme l'ann\u00e9e derni\u00e8re. Le maillot Juventus 2022-23 est disponible \u00e0 partir d'aujourd'hui chez certains d\u00e9taillants et \u00e0 partir du 27 mai partout, et sera pr\u00e9sent\u00e9 pour la premi\u00e8re fois lors du match de Serie A contre la Lazio le 16 mai. [...]<\/p>","protected":false},"featured_media":6193,"comment_status":"open","ping_status":"closed","template":"","meta":[],"product_brand":[],"product_cat":[148],"product_tag":[20,38,24,276,149,94],"class_list":{"0":"post-6161","1":"product","2":"type-product","3":"status-publish","4":"has-post-thumbnail","6":"product_cat-juventus-kindertrikot","7":"product_tag-coole-fussballtrikots","8":"product_tag-fussball-trikot-langarm","9":"product_tag-guenstiges-fussballtrikot","10":"product_tag-juventus-2022-23-trikot","11":"product_tag-juventus-trikotsatz-fuer-kinder","12":"product_tag-kinder-fussball-trikotsatz","14":"first","15":"instock","16":"shipping-taxable","17":"purchasable","18":"product-type-variable"},"_links":{"self":[{"href":"https:\/\/www.billigtrikotde.com\/fr\/wp-json\/wp\/v2\/product\/6161","targetHints":{"allow":["GET"]}}],"collection":[{"href":"https:\/\/www.billigtrikotde.com\/fr\/wp-json\/wp\/v2\/product"}],"about":[{"href":"https:\/\/www.billigtrikotde.com\/fr\/wp-json\/wp\/v2\/types\/product"}],"replies":[{"embeddable":true,"href":"https:\/\/www.billigtrikotde.com\/fr\/wp-json\/wp\/v2\/comments?post=6161"}],"wp:featuredmedia":[{"embeddable":true,"href":"https:\/\/www.billigtrikotde.com\/fr\/wp-json\/wp\/v2\/media\/6193"}],"wp:attachment":[{"href":"https:\/\/www.billigtrikotde.com\/fr\/wp-json\/wp\/v2\/media?parent=6161"}],"wp:term":[{"taxonomy":"product_brand","embeddable":true,"href":"https:\/\/www.billigtrikotde.com\/fr\/wp-json\/wp\/v2\/product_brand?post=6161"},{"taxonomy":"product_cat","embeddable":true,"href":"https:\/\/www.billigtrikotde.com\/fr\/wp-json\/wp\/v2\/product_cat?post=6161"},{"taxonomy":"product_tag","embeddable":true,"href":"https:\/\/www.billigtrikotde.com\/fr\/wp-json\/wp\/v2\/product_tag?post=6161"}],"curies":[{"name":"wp","href":"https:\/\/api.w.org\/{rel}","templated":true}]}}