{"id":6113,"date":"2024-10-23T17:25:45","date_gmt":"2024-10-23T15:25:45","guid":{"rendered":"http:\/\/billigtrikots.com\/?post_type=product&#038;p=6113"},"modified":"2024-10-23T17:27:49","modified_gmt":"2024-10-23T15:27:49","slug":"kinder-manchester-city-fc-2022-23-heimtrikots-blau-kurzarm-weiss-kurze-hosen-kun-agueero-10","status":"publish","type":"product","link":"https:\/\/www.billigtrikotde.com\/fr\/kinder-manchester-city-fc-2022-23-heimtrikots-blau-kurzarm-weiss-kurze-hosen-kun-agueero-10\/","title":{"rendered":"Enfants Manchester City FC 2022\/23 Maillots domicile bleu manches courtes + blanc short KUN AG\u00dcERO 10"},"content":{"rendered":"<p>Ce short \u00e0 coupe normale en couleur blanche est con\u00e7u en polyester l\u00e9ger et respirant pour un confort frais. Il dispose d'une taille \u00e9lastique et d'un cordon de serrage r\u00e9glable pour un ajustement d\u00e9contract\u00e9, et est \u00e9quip\u00e9 de la technologie dryCELL qui \u00e9vacue la transpiration pour vous garder au sec et au frais. Compl\u00e9t\u00e9 par le logo PUMA et l'embl\u00e8me de la ville sur la jambe. R\u00e9sistant \u00e0 la machine \u00e0 laver. Conseils [\u2026]<\/p>\n<p>Conseils pour l'impression : Si le nom et le num\u00e9ro figurant sur l'image correspondent exactement \u00e0 ce que vous souhaitez, vous ne devez pas les saisir \u00e0 nouveau. Si ce n'est pas le cas, vous devez saisir le nom et le num\u00e9ro que vous souhaitez.<\/p>\n<p>Conseils pour le lavage : Il est recommand\u00e9 de laver les maillots de football \u00e0 la main. Si vous souhaitez utiliser la machine \u00e0 laver, pensez \u00e0 retourner les maillots de football avant de les laver. Remplissez la machine avec de l'eau froide et utilisez un cycle de lavage d\u00e9licat pour mieux prot\u00e9ger les couleurs.<\/p>","protected":false},"excerpt":{"rendered":"<p>Ce short \u00e0 coupe normale en couleur blanche est con\u00e7u en polyester l\u00e9ger et respirant pour un confort frais. Il dispose d'une taille \u00e9lastique et d'un cordon de serrage r\u00e9glable pour un ajustement d\u00e9contract\u00e9, et est \u00e9quip\u00e9 de la technologie dryCELL qui \u00e9vacue la transpiration pour vous garder au sec et au frais. Compl\u00e9t\u00e9 par le logo PUMA et l'embl\u00e8me de la ville sur la jambe. R\u00e9sistant \u00e0 la machine \u00e0 laver. Conseils [\u2026]<\/p>","protected":false},"featured_media":6145,"comment_status":"open","ping_status":"closed","template":"","meta":[],"product_brand":[],"product_cat":[82],"product_tag":[20,94,275,203,84,145],"class_list":{"0":"post-6113","1":"product","2":"type-product","3":"status-publish","4":"has-post-thumbnail","6":"product_cat-manchester-city","7":"product_tag-coole-fussballtrikots","8":"product_tag-kinder-fussball-trikotsatz","9":"product_tag-kinder-trikot-manchester-city","10":"product_tag-manchester-city-ausweichtrikot","11":"product_tag-manchester-city-trikots","12":"product_tag-manchester-city-trikotsatz-fuer-kinder","14":"first","15":"instock","16":"shipping-taxable","17":"purchasable","18":"product-type-variable"},"_links":{"self":[{"href":"https:\/\/www.billigtrikotde.com\/fr\/wp-json\/wp\/v2\/product\/6113","targetHints":{"allow":["GET"]}}],"collection":[{"href":"https:\/\/www.billigtrikotde.com\/fr\/wp-json\/wp\/v2\/product"}],"about":[{"href":"https:\/\/www.billigtrikotde.com\/fr\/wp-json\/wp\/v2\/types\/product"}],"replies":[{"embeddable":true,"href":"https:\/\/www.billigtrikotde.com\/fr\/wp-json\/wp\/v2\/comments?post=6113"}],"wp:featuredmedia":[{"embeddable":true,"href":"https:\/\/www.billigtrikotde.com\/fr\/wp-json\/wp\/v2\/media\/6145"}],"wp:attachment":[{"href":"https:\/\/www.billigtrikotde.com\/fr\/wp-json\/wp\/v2\/media?parent=6113"}],"wp:term":[{"taxonomy":"product_brand","embeddable":true,"href":"https:\/\/www.billigtrikotde.com\/fr\/wp-json\/wp\/v2\/product_brand?post=6113"},{"taxonomy":"product_cat","embeddable":true,"href":"https:\/\/www.billigtrikotde.com\/fr\/wp-json\/wp\/v2\/product_cat?post=6113"},{"taxonomy":"product_tag","embeddable":true,"href":"https:\/\/www.billigtrikotde.com\/fr\/wp-json\/wp\/v2\/product_tag?post=6113"}],"curies":[{"name":"wp","href":"https:\/\/api.w.org\/{rel}","templated":true}]}}