{"id":601,"date":"2024-10-23T12:56:06","date_gmt":"2024-10-23T10:56:06","guid":{"rendered":"http:\/\/billigtrikots.com\/?post_type=product&#038;p=601"},"modified":"2024-10-23T12:58:02","modified_gmt":"2024-10-23T10:58:02","slug":"fussball-trikotsatz-psg-ausweichtrikot-2021-2022-schwarz-grau-mit-aufdruck-kurzawa-20","status":"publish","type":"product","link":"https:\/\/www.billigtrikotde.com\/fr\/fussball-trikotsatz-psg-ausweichtrikot-2021-2022-schwarz-grau-mit-aufdruck-kurzawa-20\/","title":{"rendered":"Ensemble de maillots de football PSG Maillot d\\'\u00e9change 2021\/2022 noir\/gris avec impression Kurzawa 20"},"content":{"rendered":"<p>Le maillot de Nike en noir montre ton amour inconditionnel et ton appartenance \u00e0 ton club. Aucune collection de supporters ne peut se passer de ce maillot d'\u00e9vasion du Paris Saint-Germain, tel que le portent les joueurs de Ligue 1. Nous recommandons ce mod\u00e8le confortable, respirant, qui \u00e9vacue la transpiration et qui est l\u00e9ger et agr\u00e9able \u00e0 porter. Ce maillot est le compagnon id\u00e9al de tes activit\u00e9s sportives. Il se distingue visuellement par le blason du club sur la poitrine.<\/p>\n<p>Conseils pour l'impression : Si le nom et le num\u00e9ro figurant sur l'image correspondent exactement \u00e0 ce que vous souhaitez, vous ne devez pas les saisir \u00e0 nouveau. Si ce n'est pas le cas, vous devez saisir le nom et le num\u00e9ro que vous souhaitez.<\/p>\n<p>Conseils pour le lavage : Il est recommand\u00e9 de laver les maillots de football \u00e0 la main. Si vous souhaitez utiliser la machine \u00e0 laver, pensez \u00e0 retourner les maillots de football avant de les laver. Remplissez la machine avec de l'eau froide et utilisez un cycle de lavage d\u00e9licat pour mieux prot\u00e9ger les couleurs.<\/p>","protected":false},"excerpt":{"rendered":"<p>Le maillot de Nike en noir montre votre amour inconditionnel et votre appartenance \u00e0 votre club. Aucun collection de fans ne serait compl\u00e8te sans ce maillot de substitution du Paris Saint-Germain, port\u00e9 par les joueurs en Ligue 1. Nous recommandons ce mod\u00e8le confortable, respirant, \u00e9vacuant la transpiration et l\u00e9ger, avec une sensation agr\u00e9able au port\u00e9. Ce maillot est le compagnon id\u00e9al pour vos activit\u00e9s sportives. [...]<\/p>","protected":false},"featured_media":638,"comment_status":"open","ping_status":"closed","template":"","meta":[],"product_brand":[],"product_cat":[39],"product_tag":[20,21,22,23,24,42,41],"class_list":{"0":"post-601","1":"product","2":"type-product","3":"status-publish","4":"has-post-thumbnail","6":"product_cat-paris-saint-germain","7":"product_tag-coole-fussballtrikots","8":"product_tag-fussballtrikot-fuer-herren","9":"product_tag-fussballtrikot-guenstig-kaufen","10":"product_tag-fussballtrikot-kurzarm","11":"product_tag-guenstiges-fussballtrikot","12":"product_tag-paris-saint-germain-ausweichtrikot","13":"product_tag-paris-saint-germain-trikots","15":"first","16":"instock","17":"shipping-taxable","18":"purchasable","19":"product-type-variable"},"_links":{"self":[{"href":"https:\/\/www.billigtrikotde.com\/fr\/wp-json\/wp\/v2\/product\/601","targetHints":{"allow":["GET"]}}],"collection":[{"href":"https:\/\/www.billigtrikotde.com\/fr\/wp-json\/wp\/v2\/product"}],"about":[{"href":"https:\/\/www.billigtrikotde.com\/fr\/wp-json\/wp\/v2\/types\/product"}],"replies":[{"embeddable":true,"href":"https:\/\/www.billigtrikotde.com\/fr\/wp-json\/wp\/v2\/comments?post=601"}],"wp:featuredmedia":[{"embeddable":true,"href":"https:\/\/www.billigtrikotde.com\/fr\/wp-json\/wp\/v2\/media\/638"}],"wp:attachment":[{"href":"https:\/\/www.billigtrikotde.com\/fr\/wp-json\/wp\/v2\/media?parent=601"}],"wp:term":[{"taxonomy":"product_brand","embeddable":true,"href":"https:\/\/www.billigtrikotde.com\/fr\/wp-json\/wp\/v2\/product_brand?post=601"},{"taxonomy":"product_cat","embeddable":true,"href":"https:\/\/www.billigtrikotde.com\/fr\/wp-json\/wp\/v2\/product_cat?post=601"},{"taxonomy":"product_tag","embeddable":true,"href":"https:\/\/www.billigtrikotde.com\/fr\/wp-json\/wp\/v2\/product_tag?post=601"}],"curies":[{"name":"wp","href":"https:\/\/api.w.org\/{rel}","templated":true}]}}