{"id":6005,"date":"2024-10-23T17:20:45","date_gmt":"2024-10-23T15:20:45","guid":{"rendered":"http:\/\/billigtrikots.com\/?post_type=product&#038;p=6005"},"modified":"2024-10-23T17:22:51","modified_gmt":"2024-10-23T15:22:51","slug":"stones-5-manchester-city-heimtrikot-2022-2023-blau-kurzarm-weiss-kurze-hosen","status":"publish","type":"product","link":"https:\/\/www.billigtrikotde.com\/fr\/stones-5-manchester-city-heimtrikot-2022-2023-blau-kurzarm-weiss-kurze-hosen\/","title":{"rendered":"STONES 5 Manchester City Maillot domicile 2022\/2023 bleu manches courtes + blanc short"},"content":{"rendered":"<p>D\u00e9couvrez le maillot domicile Manchester City 2022\/2023. Portez fi\u00e8rement les couleurs de votre \u00e9quipe favorite sur le terrain ou \u00e0 l'ext\u00e9rieur. Un maillot flexible et l\u00e9ger avec la technologie DryCELL de Puma, un v\u00eatement qui emp\u00eache de transpirer pendant votre match ou votre entra\u00eenement. Restez au sec apr\u00e8s vos acc\u00e9l\u00e9rations.<\/p>\n<p>Conseils pour l'impression : Si le nom et le num\u00e9ro figurant sur l'image correspondent exactement \u00e0 ce que vous souhaitez, vous ne devez pas les saisir \u00e0 nouveau. Si ce n'est pas le cas, vous devez saisir le nom et le num\u00e9ro que vous souhaitez.<\/p>\n<p>Conseils pour le lavage : Il est recommand\u00e9 de laver les maillots de football \u00e0 la main. Si vous souhaitez utiliser la machine \u00e0 laver, pensez \u00e0 retourner les maillots de football avant de les laver. Remplissez la machine avec de l'eau froide et utilisez un cycle de lavage d\u00e9licat pour mieux prot\u00e9ger les couleurs.<\/p>","protected":false},"excerpt":{"rendered":"<p>D\u00e9couvrez le maillot domicile Manchester City 2022\/2023. Portez fi\u00e8rement les couleurs de votre \u00e9quipe favorite sur le terrain ou \u00e0 l'ext\u00e9rieur. Un maillot flexible et l\u00e9ger avec la technologie DryCELL de Puma, un v\u00eatement qui emp\u00eache de transpirer pendant votre jeu ou entra\u00eenement. Restez au sec apr\u00e8s vos acc\u00e9l\u00e9rations. Conseils d'impression : lorsque le nom et le num\u00e9ro figurent sur l'image [\u2026]<\/p>","protected":false},"featured_media":6037,"comment_status":"open","ping_status":"closed","template":"","meta":[],"product_brand":[],"product_cat":[82],"product_tag":[20,21,22,23,24,272,273,84],"class_list":{"0":"post-6005","1":"product","2":"type-product","3":"status-publish","4":"has-post-thumbnail","6":"product_cat-manchester-city","7":"product_tag-coole-fussballtrikots","8":"product_tag-fussballtrikot-fuer-herren","9":"product_tag-fussballtrikot-guenstig-kaufen","10":"product_tag-fussballtrikot-kurzarm","11":"product_tag-guenstiges-fussballtrikot","12":"product_tag-manchester-city-heimtrikot","13":"product_tag-manchester-city-trikot-22-23","14":"product_tag-manchester-city-trikots","16":"first","17":"instock","18":"shipping-taxable","19":"purchasable","20":"product-type-variable"},"_links":{"self":[{"href":"https:\/\/www.billigtrikotde.com\/fr\/wp-json\/wp\/v2\/product\/6005","targetHints":{"allow":["GET"]}}],"collection":[{"href":"https:\/\/www.billigtrikotde.com\/fr\/wp-json\/wp\/v2\/product"}],"about":[{"href":"https:\/\/www.billigtrikotde.com\/fr\/wp-json\/wp\/v2\/types\/product"}],"replies":[{"embeddable":true,"href":"https:\/\/www.billigtrikotde.com\/fr\/wp-json\/wp\/v2\/comments?post=6005"}],"wp:featuredmedia":[{"embeddable":true,"href":"https:\/\/www.billigtrikotde.com\/fr\/wp-json\/wp\/v2\/media\/6037"}],"wp:attachment":[{"href":"https:\/\/www.billigtrikotde.com\/fr\/wp-json\/wp\/v2\/media?parent=6005"}],"wp:term":[{"taxonomy":"product_brand","embeddable":true,"href":"https:\/\/www.billigtrikotde.com\/fr\/wp-json\/wp\/v2\/product_brand?post=6005"},{"taxonomy":"product_cat","embeddable":true,"href":"https:\/\/www.billigtrikotde.com\/fr\/wp-json\/wp\/v2\/product_cat?post=6005"},{"taxonomy":"product_tag","embeddable":true,"href":"https:\/\/www.billigtrikotde.com\/fr\/wp-json\/wp\/v2\/product_tag?post=6005"}],"curies":[{"name":"wp","href":"https:\/\/api.w.org\/{rel}","templated":true}]}}