{"id":5967,"date":"2024-10-23T17:19:03","date_gmt":"2024-10-23T15:19:03","guid":{"rendered":"http:\/\/billigtrikots.com\/?post_type=product&#038;p=5967"},"modified":"2025-10-16T16:04:10","modified_gmt":"2025-10-16T14:04:10","slug":"herren-real-madrid-trikots-2022-23-heimtrikot-weiss-fussballtrikots-set-lunin-13","status":"publish","type":"product","link":"https:\/\/www.billigtrikotde.com\/fr\/herren-real-madrid-trikots-2022-23-heimtrikot-weiss-fussballtrikots-set-lunin-13\/","title":{"rendered":"Hommes Real Madrid Maillots 2022-23 domicile Blanc Maillots de football Set LUNIN 13"},"content":{"rendered":"<p>Simple, classique et con\u00e7u pour marquer les esprits. Le look intemporel de ce maillot \u00e0 manches longues adidas de Real Madrid est accentu\u00e9 par des d\u00e9tails violet clair et un blason du club r\u00e9p\u00e9t\u00e9 en relief sur le tissu blanc. Cette version du maillot offre aux fans un confort agr\u00e9able gr\u00e2ce \u00e0 la technologie de gestion de l'humidit\u00e9 AEROREADY et aux manches longues. Conseils d'impression : lorsque le [\u2026]<\/p>\n<p>Conseils pour l'impression : Si le nom et le num\u00e9ro figurant sur l'image correspondent exactement \u00e0 ce que vous souhaitez, vous ne devez pas les saisir \u00e0 nouveau. Si ce n'est pas le cas, vous devez saisir le nom et le num\u00e9ro que vous souhaitez.<\/p>\n<p>Conseils pour le lavage : Il est recommand\u00e9 de laver les maillots de football \u00e0 la main. Si vous souhaitez utiliser la machine \u00e0 laver, pensez \u00e0 retourner les maillots de football avant de les laver. Remplissez la machine avec de l'eau froide et utilisez un cycle de lavage d\u00e9licat pour mieux prot\u00e9ger les couleurs.<\/p>","protected":false},"excerpt":{"rendered":"<p>Simple, classique et con\u00e7u pour marquer les esprits. Le look intemporel de ce maillot \u00e0 manches longues adidas de Real Madrid est accentu\u00e9 par des d\u00e9tails violet clair et un blason du club r\u00e9p\u00e9t\u00e9 en relief sur le tissu blanc. Cette version du maillot offre aux fans un confort agr\u00e9able gr\u00e2ce \u00e0 la technologie de gestion de l'humidit\u00e9 AEROREADY et aux manches longues. Conseils d'impression : lorsque le [\u2026]<\/p>","protected":false},"featured_media":6000,"comment_status":"open","ping_status":"closed","template":"","meta":[],"product_brand":[],"product_cat":[45],"product_tag":[20,38,21,228,24,270,267,47,268],"class_list":{"0":"post-5967","1":"product","2":"type-product","3":"status-publish","4":"has-post-thumbnail","6":"product_cat-real-madrid","7":"product_tag-coole-fussballtrikots","8":"product_tag-fussball-trikot-langarm","9":"product_tag-fussballtrikot-fuer-herren","10":"product_tag-guenstige-fussballtrikot","11":"product_tag-guenstiges-fussballtrikot","12":"product_tag-real-madrid-trikot-deutschland","13":"product_tag-real-madrid-trikot-langarm-herren","14":"product_tag-real-madrid-trikots","15":"product_tag-real-madrid-trikots-22-23","17":"first","18":"instock","19":"shipping-taxable","20":"purchasable","21":"product-type-variable"},"_links":{"self":[{"href":"https:\/\/www.billigtrikotde.com\/fr\/wp-json\/wp\/v2\/product\/5967","targetHints":{"allow":["GET"]}}],"collection":[{"href":"https:\/\/www.billigtrikotde.com\/fr\/wp-json\/wp\/v2\/product"}],"about":[{"href":"https:\/\/www.billigtrikotde.com\/fr\/wp-json\/wp\/v2\/types\/product"}],"replies":[{"embeddable":true,"href":"https:\/\/www.billigtrikotde.com\/fr\/wp-json\/wp\/v2\/comments?post=5967"}],"wp:featuredmedia":[{"embeddable":true,"href":"https:\/\/www.billigtrikotde.com\/fr\/wp-json\/wp\/v2\/media\/6000"}],"wp:attachment":[{"href":"https:\/\/www.billigtrikotde.com\/fr\/wp-json\/wp\/v2\/media?parent=5967"}],"wp:term":[{"taxonomy":"product_brand","embeddable":true,"href":"https:\/\/www.billigtrikotde.com\/fr\/wp-json\/wp\/v2\/product_brand?post=5967"},{"taxonomy":"product_cat","embeddable":true,"href":"https:\/\/www.billigtrikotde.com\/fr\/wp-json\/wp\/v2\/product_cat?post=5967"},{"taxonomy":"product_tag","embeddable":true,"href":"https:\/\/www.billigtrikotde.com\/fr\/wp-json\/wp\/v2\/product_tag?post=5967"}],"curies":[{"name":"wp","href":"https:\/\/api.w.org\/{rel}","templated":true}]}}