{"id":5911,"date":"2024-10-23T17:16:18","date_gmt":"2024-10-23T15:16:18","guid":{"rendered":"http:\/\/billigtrikots.com\/?post_type=product&#038;p=5911"},"modified":"2025-06-16T16:03:44","modified_gmt":"2025-06-16T14:03:44","slug":"neues-juventus-2022-23-heimtrikot-schwarz-weiss-kurzarm-kurze-hosen-pogba-10","status":"publish","type":"product","link":"https:\/\/www.billigtrikotde.com\/fr\/neues-juventus-2022-23-heimtrikot-schwarz-weiss-kurzarm-kurze-hosen-pogba-10\/","title":{"rendered":"Nouveau maillot domicile Juventus 2022-23 noir et blanc \u00e0 manches courtes + Short POGBA 10"},"content":{"rendered":"<p>Le maillot Adidas Juventus 2022-23 propose une interpr\u00e9tation tr\u00e8s personnelle des classiques rayures blanches et noires du club. Les rayures sont compos\u00e9es de petits triangles. Adidas utilise pour le maillot Juventus 22-23 un col rond simple et des bandes noires. Apr\u00e8s que les maillots Juventus 21-22 aient \u00e9t\u00e9 \u00e9quip\u00e9s du logo Jeep 4xe, le maillot Juventus 22-23 arbore une marque Jeep \u00ab \u00e9lectrifi\u00e9e \u00bb avec des \u00e9clairs.<\/p>\n<p>Conseils pour l'impression : Si le nom et le num\u00e9ro figurant sur l'image correspondent exactement \u00e0 ce que vous souhaitez, vous ne devez pas les saisir \u00e0 nouveau. Si ce n'est pas le cas, vous devez saisir le nom et le num\u00e9ro que vous souhaitez.<\/p>\n<p>Conseils pour le lavage : Il est recommand\u00e9 de laver les maillots de football \u00e0 la main. Si vous souhaitez utiliser la machine \u00e0 laver, pensez \u00e0 retourner les maillots de football avant de les laver. Remplissez la machine avec de l'eau froide et utilisez un cycle de lavage d\u00e9licat pour mieux prot\u00e9ger les couleurs.<\/p>","protected":false},"excerpt":{"rendered":"<p>Le maillot Adidas Juventus 2022-23 propose une interpr\u00e9tation tr\u00e8s personnelle des rayures classiques blanches et noires du club. Les rayures sont compos\u00e9es de petits triangles. Adidas utilise pour le maillot Juventus 22-23 un col rond simple et des bandes noires. Apr\u00e8s que les maillots Juventus 21-22 aient \u00e9t\u00e9 \u00e9quip\u00e9s du logo Jeep 4xe, le maillot Juventus [...]<\/p>","protected":false},"featured_media":5950,"comment_status":"open","ping_status":"closed","template":"","meta":[],"product_brand":[],"product_cat":[59],"product_tag":[20,38,43,21,22,24,265,266],"class_list":{"0":"post-5911","1":"product","2":"type-product","3":"status-publish","4":"has-post-thumbnail","6":"product_cat-juventus","7":"product_tag-coole-fussballtrikots","8":"product_tag-fussball-trikot-langarm","9":"product_tag-fussballkleidung","10":"product_tag-fussballtrikot-fuer-herren","11":"product_tag-fussballtrikot-guenstig-kaufen","12":"product_tag-guenstiges-fussballtrikot","13":"product_tag-juventus-2022-23-heimtrikot","14":"product_tag-juventus-trikots-set","16":"first","17":"instock","18":"shipping-taxable","19":"purchasable","20":"product-type-variable"},"_links":{"self":[{"href":"https:\/\/www.billigtrikotde.com\/fr\/wp-json\/wp\/v2\/product\/5911","targetHints":{"allow":["GET"]}}],"collection":[{"href":"https:\/\/www.billigtrikotde.com\/fr\/wp-json\/wp\/v2\/product"}],"about":[{"href":"https:\/\/www.billigtrikotde.com\/fr\/wp-json\/wp\/v2\/types\/product"}],"replies":[{"embeddable":true,"href":"https:\/\/www.billigtrikotde.com\/fr\/wp-json\/wp\/v2\/comments?post=5911"}],"wp:featuredmedia":[{"embeddable":true,"href":"https:\/\/www.billigtrikotde.com\/fr\/wp-json\/wp\/v2\/media\/5950"}],"wp:attachment":[{"href":"https:\/\/www.billigtrikotde.com\/fr\/wp-json\/wp\/v2\/media?parent=5911"}],"wp:term":[{"taxonomy":"product_brand","embeddable":true,"href":"https:\/\/www.billigtrikotde.com\/fr\/wp-json\/wp\/v2\/product_brand?post=5911"},{"taxonomy":"product_cat","embeddable":true,"href":"https:\/\/www.billigtrikotde.com\/fr\/wp-json\/wp\/v2\/product_cat?post=5911"},{"taxonomy":"product_tag","embeddable":true,"href":"https:\/\/www.billigtrikotde.com\/fr\/wp-json\/wp\/v2\/product_tag?post=5911"}],"curies":[{"name":"wp","href":"https:\/\/api.w.org\/{rel}","templated":true}]}}