{"id":5827,"date":"2024-10-23T17:12:25","date_gmt":"2024-10-23T15:12:25","guid":{"rendered":"http:\/\/billigtrikots.com\/?post_type=product&#038;p=5827"},"modified":"2024-10-23T17:14:32","modified_gmt":"2024-10-23T15:14:32","slug":"herren-kroatien-heimtrikot-wm-2022-weiss-rot-kaufen-kurzarm-kurze-hosen-anpassbare-name","status":"publish","type":"product","link":"https:\/\/www.billigtrikotde.com\/fr\/herren-kroatien-heimtrikot-wm-2022-weiss-rot-kaufen-kurzarm-kurze-hosen-anpassbare-name\/","title":{"rendered":"Hommes Croatie Maillot domicile Coupe du Monde-2022 blanc rouge Acheter manches courtes + short Nom personnalisable"},"content":{"rendered":"<p>Nous avons re\u00e7u de nouvelles informations sur le maillot de la Croatie pour la Coupe du Monde 2022. La couleur du swoosh \u00ab Battle Blue \u00bb est en r\u00e9alit\u00e9 un bleu royal. Nous avons cr\u00e9\u00e9 une maquette d\u2019un look complet possible, bas\u00e9 sur le mod\u00e8le Nike pour la Coupe du Monde 2022 et inspir\u00e9 par les maillots leak\u00e9s 22-23.<\/p>\n<p>Le maillot Nike Croatie 2022 ne combine que deux couleurs principales dans les donn\u00e9es internes de Nike \u2013 blanc et Battle Blue. Le rouge, utilis\u00e9 pour le motif \u00e0 carreaux c\u00e9l\u00e8bre, manque. Le maillot Barcelone 22-23 n\u2019a pas non plus de rouge dans les donn\u00e9es de Nike \u2013 il est uniquement \u00ab Obsidian \/ S\u00e9same \u00bb. Le maillot final de Barcelone 22-23 est rouge, marine et ray\u00e9 bleu. Battle Blue est en fait nouveau pour la Croatie. C\u2019est un bleu royal l\u00e9g\u00e8rement plus clair que le bleu des maillots domicile pr\u00e9c\u00e9dents.<br \/>\nIl semble certain que le blanc sera la couleur principale et que Battle Blue sera utilis\u00e9 pour les logos. Tout comme pour le maillot de Barcelone, les manches pourraient \u00eatre unies (blanches).<\/p>\n<p>Conseils pour l'impression : Si le nom et le num\u00e9ro figurant sur l'image correspondent exactement \u00e0 ce que vous souhaitez, vous ne devez pas les saisir \u00e0 nouveau. Si ce n'est pas le cas, vous devez saisir le nom et le num\u00e9ro que vous souhaitez.<\/p>\n<p>Conseils pour le lavage : Il est recommand\u00e9 de laver les maillots de football \u00e0 la main. Si vous souhaitez utiliser la machine \u00e0 laver, pensez \u00e0 retourner les maillots de football avant de les laver. Remplissez la machine avec de l'eau froide et utilisez un cycle de lavage d\u00e9licat pour mieux prot\u00e9ger les couleurs.<\/p>","protected":false},"excerpt":{"rendered":"<p>Nous avons re\u00e7u de nouvelles informations sur le maillot de la Croatie pour la Coupe du Monde 2022. La couleur du swoosh \u00ab Battle Blue \u00bb est en r\u00e9alit\u00e9 un bleu royal. Nous avons cr\u00e9\u00e9 une maquette d\u2019un look complet possible, bas\u00e9e sur le mod\u00e8le Nike pour la Coupe du Monde 2022 et inspir\u00e9e par les maillots leak\u00e9s 22-23. Le maillot Nike Croatie 2022 combine seulement [...]<\/p>","protected":false},"featured_media":5866,"comment_status":"open","ping_status":"closed","template":"","meta":[],"product_brand":[],"product_cat":[261],"product_tag":[20,35,21,22,23,24,262,263,264],"class_list":{"0":"post-5827","1":"product","2":"type-product","3":"status-publish","4":"has-post-thumbnail","6":"product_cat-kroatien-trikots","7":"product_tag-coole-fussballtrikots","8":"product_tag-fussball-torwarttrikots","9":"product_tag-fussballtrikot-fuer-herren","10":"product_tag-fussballtrikot-guenstig-kaufen","11":"product_tag-fussballtrikot-kurzarm","12":"product_tag-guenstiges-fussballtrikot","13":"product_tag-kroatien-heimtrikot","14":"product_tag-kroatien-trikot-herren","15":"product_tag-kroatien-trikots","17":"first","18":"instock","19":"shipping-taxable","20":"purchasable","21":"product-type-variable"},"_links":{"self":[{"href":"https:\/\/www.billigtrikotde.com\/fr\/wp-json\/wp\/v2\/product\/5827","targetHints":{"allow":["GET"]}}],"collection":[{"href":"https:\/\/www.billigtrikotde.com\/fr\/wp-json\/wp\/v2\/product"}],"about":[{"href":"https:\/\/www.billigtrikotde.com\/fr\/wp-json\/wp\/v2\/types\/product"}],"replies":[{"embeddable":true,"href":"https:\/\/www.billigtrikotde.com\/fr\/wp-json\/wp\/v2\/comments?post=5827"}],"wp:featuredmedia":[{"embeddable":true,"href":"https:\/\/www.billigtrikotde.com\/fr\/wp-json\/wp\/v2\/media\/5866"}],"wp:attachment":[{"href":"https:\/\/www.billigtrikotde.com\/fr\/wp-json\/wp\/v2\/media?parent=5827"}],"wp:term":[{"taxonomy":"product_brand","embeddable":true,"href":"https:\/\/www.billigtrikotde.com\/fr\/wp-json\/wp\/v2\/product_brand?post=5827"},{"taxonomy":"product_cat","embeddable":true,"href":"https:\/\/www.billigtrikotde.com\/fr\/wp-json\/wp\/v2\/product_cat?post=5827"},{"taxonomy":"product_tag","embeddable":true,"href":"https:\/\/www.billigtrikotde.com\/fr\/wp-json\/wp\/v2\/product_tag?post=5827"}],"curies":[{"name":"wp","href":"https:\/\/api.w.org\/{rel}","templated":true}]}}