{"id":5779,"date":"2024-10-23T17:10:12","date_gmt":"2024-10-23T15:10:12","guid":{"rendered":"http:\/\/billigtrikots.com\/?post_type=product&#038;p=5779"},"modified":"2024-10-23T17:12:16","modified_gmt":"2024-10-23T15:12:16","slug":"pique-3-fc-barcelona-2020-2021-ausweichtrikot-set-rosa-kurzarm-schwarz-kurze-hosen","status":"publish","type":"product","link":"https:\/\/www.billigtrikotde.com\/fr\/pique-3-fc-barcelona-2020-2021-ausweichtrikot-set-rosa-kurzarm-schwarz-kurze-hosen\/","title":{"rendered":"PIQUE 3 FC Barcelone 2020-2021 Ensemble away maillot rosa Manche courte + short noir"},"content":{"rendered":"<p>Le nouveau maillot du FC Barcelone 2020-21 combine une base rose (officiellement \u00ab Pink Beam \u00bb) avec du noir et du vert bleu pour les logos et les d\u00e9corations, inspir\u00e9 par la mer et la plage de la ville. Alors que Barcelone a eu de nombreux maillots roses au fil des ans (comme le troisi\u00e8me maillot 2018\/19), ils \u00e9taient g\u00e9n\u00e9ralement un m\u00e9lange de rose et d'orange, tandis que le maillot de football FC Barcelone 2020-21 sera le premier vraiment rose pour le club.<br \/>\nTant le col que les poignets des manches sont \u00e0 moiti\u00e9 noir et \u00e0 moiti\u00e9 vert bleu. Le swoosh sur la poitrine droite du nouveau maillot de remplacement du Bar\u00e7a est noir, ce qui compl\u00e8te le look simple mais inhabituel. Il y a une version noir-vert bleu du blason du club de l'autre c\u00f4t\u00e9. Un d\u00e9tail du drapeau catalan se trouve \u00e0 l'arri\u00e8re sup\u00e9rieur.<\/p>\n<p>Conseils pour l'impression : Si le nom et le num\u00e9ro figurant sur l'image correspondent exactement \u00e0 ce que vous souhaitez, vous ne devez pas les saisir \u00e0 nouveau. Si ce n'est pas le cas, vous devez saisir le nom et le num\u00e9ro que vous souhaitez.<\/p>\n<p>Conseils pour le lavage : Il est recommand\u00e9 de laver les maillots de football \u00e0 la main. Si vous souhaitez utiliser la machine \u00e0 laver, pensez \u00e0 retourner les maillots de football avant de les laver. Remplissez la machine avec de l'eau froide et utilisez un cycle de lavage d\u00e9licat pour mieux prot\u00e9ger les couleurs.<\/p>","protected":false},"excerpt":{"rendered":"<p>Le nouveau maillot de Barcelone 2020-21 combine une base rose (officiellement \u00ab Pink Beam \u00bb) avec du noir et du vert-bleu pour les logos et les d\u00e9corations, inspir\u00e9 par la mer et la plage de la ville. Alors que Barcelone a port\u00e9 de nombreux maillots roses au fil des ans (comme par exemple le troisi\u00e8me maillot 2018\/19), ils \u00e9taient g\u00e9n\u00e9ralement un m\u00e9lange de rose et d'orange, o\u00f9 le FC [...]<\/p>","protected":false},"featured_media":5818,"comment_status":"open","ping_status":"closed","template":"","meta":[],"product_brand":[],"product_cat":[146],"product_tag":[260,147,20,33,35,21,22,23,24,94],"class_list":{"0":"post-5779","1":"product","2":"type-product","3":"status-publish","4":"has-post-thumbnail","6":"product_cat-barcelona-kindertrikot","7":"product_tag-barcelona-ausweichtrikot","8":"product_tag-barcelona-trikotsatz-fuer-kinder","9":"product_tag-coole-fussballtrikots","10":"product_tag-fc-barcelona-trikots","11":"product_tag-fussball-torwarttrikots","12":"product_tag-fussballtrikot-fuer-herren","13":"product_tag-fussballtrikot-guenstig-kaufen","14":"product_tag-fussballtrikot-kurzarm","15":"product_tag-guenstiges-fussballtrikot","16":"product_tag-kinder-fussball-trikotsatz","18":"first","19":"instock","20":"shipping-taxable","21":"purchasable","22":"product-type-variable"},"_links":{"self":[{"href":"https:\/\/www.billigtrikotde.com\/fr\/wp-json\/wp\/v2\/product\/5779","targetHints":{"allow":["GET"]}}],"collection":[{"href":"https:\/\/www.billigtrikotde.com\/fr\/wp-json\/wp\/v2\/product"}],"about":[{"href":"https:\/\/www.billigtrikotde.com\/fr\/wp-json\/wp\/v2\/types\/product"}],"replies":[{"embeddable":true,"href":"https:\/\/www.billigtrikotde.com\/fr\/wp-json\/wp\/v2\/comments?post=5779"}],"wp:featuredmedia":[{"embeddable":true,"href":"https:\/\/www.billigtrikotde.com\/fr\/wp-json\/wp\/v2\/media\/5818"}],"wp:attachment":[{"href":"https:\/\/www.billigtrikotde.com\/fr\/wp-json\/wp\/v2\/media?parent=5779"}],"wp:term":[{"taxonomy":"product_brand","embeddable":true,"href":"https:\/\/www.billigtrikotde.com\/fr\/wp-json\/wp\/v2\/product_brand?post=5779"},{"taxonomy":"product_cat","embeddable":true,"href":"https:\/\/www.billigtrikotde.com\/fr\/wp-json\/wp\/v2\/product_cat?post=5779"},{"taxonomy":"product_tag","embeddable":true,"href":"https:\/\/www.billigtrikotde.com\/fr\/wp-json\/wp\/v2\/product_tag?post=5779"}],"curies":[{"name":"wp","href":"https:\/\/api.w.org\/{rel}","templated":true}]}}