{"id":5733,"date":"2024-10-23T17:08:03","date_gmt":"2024-10-23T15:08:03","guid":{"rendered":"http:\/\/billigtrikots.com\/?post_type=product&#038;p=5733"},"modified":"2024-10-23T17:10:03","modified_gmt":"2024-10-23T15:10:03","slug":"spanien-heimtrikot-wm-2022-rot-trikotsatz-kurzarm-kurze-hosen-mit-aufdruck-koke-8","status":"publish","type":"product","link":"https:\/\/www.billigtrikotde.com\/fr\/spanien-heimtrikot-wm-2022-rot-trikotsatz-kurzarm-kurze-hosen-mit-aufdruck-koke-8\/","title":{"rendered":"Espagne Maillot domicile Coupe du Monde 2022 Rouge Jeu de maillots manches courtes + short avec impression KOKE 8"},"content":{"rendered":"<p>Vers environ l'\u00e9t\u00e9 2022, l'\u00e9quipe nationale de football espagnole utilisera un nouveau logo. Nous avons imagin\u00e9 \u00e0 quoi pourraient ressembler les maillots de l'Espagne avec le nouveau logo. Les nouveaux logos de la RFEF (F\u00e9d\u00e9ration espagnole de football) et de l'\u00e9quipe nationale de football espagnole ont \u00e9t\u00e9 publi\u00e9s en mars 2021. Ils seront pour la premi\u00e8re fois visibles sur les maillots de l'\u00e9quipe nationale de football espagnole lors de la Coupe du Monde 2022.<\/p>\n<p>Conseils pour l'impression : Si le nom et le num\u00e9ro figurant sur l'image correspondent exactement \u00e0 ce que vous souhaitez, vous ne devez pas les saisir \u00e0 nouveau. Si ce n'est pas le cas, vous devez saisir le nom et le num\u00e9ro que vous souhaitez.<\/p>\n<p>Conseils pour le lavage : Il est recommand\u00e9 de laver les maillots de football \u00e0 la main. Si vous souhaitez utiliser la machine \u00e0 laver, pensez \u00e0 retourner les maillots de football avant de les laver. Remplissez la machine avec de l'eau froide et utilisez un cycle de lavage d\u00e9licat pour mieux prot\u00e9ger les couleurs.<\/p>","protected":false},"excerpt":{"rendered":"<p>Vers environ l'\u00e9t\u00e9 2022, l'\u00e9quipe nationale de football espagnole utilisera un nouveau logo. Nous avons imagin\u00e9 \u00e0 quoi pourraient ressembler les maillots de l'Espagne avec le nouveau logo. Les nouveaux logos de la RFEF (F\u00e9d\u00e9ration espagnole de football) et de l'\u00e9quipe nationale de football espagnole ont \u00e9t\u00e9 publi\u00e9s en mars 2021. Ils seront pour la premi\u00e8re fois visibles sur les maillots de l'\u00e9quipe nationale de football espagnole lors de la Coupe du Monde 2022.<\/p>","protected":false},"featured_media":5771,"comment_status":"open","ping_status":"closed","template":"","meta":[],"product_brand":[],"product_cat":[131],"product_tag":[20,21,22,23,24,258,259],"class_list":{"0":"post-5733","1":"product","2":"type-product","3":"status-publish","4":"has-post-thumbnail","6":"product_cat-spanien-trikots","7":"product_tag-coole-fussballtrikots","8":"product_tag-fussballtrikot-fuer-herren","9":"product_tag-fussballtrikot-guenstig-kaufen","10":"product_tag-fussballtrikot-kurzarm","11":"product_tag-guenstiges-fussballtrikot","12":"product_tag-spanien-heimtrikot-wm-2022","13":"product_tag-spanien-heimtrikot-spanien-trikot-schwarz","15":"first","16":"instock","17":"shipping-taxable","18":"purchasable","19":"product-type-variable"},"_links":{"self":[{"href":"https:\/\/www.billigtrikotde.com\/fr\/wp-json\/wp\/v2\/product\/5733","targetHints":{"allow":["GET"]}}],"collection":[{"href":"https:\/\/www.billigtrikotde.com\/fr\/wp-json\/wp\/v2\/product"}],"about":[{"href":"https:\/\/www.billigtrikotde.com\/fr\/wp-json\/wp\/v2\/types\/product"}],"replies":[{"embeddable":true,"href":"https:\/\/www.billigtrikotde.com\/fr\/wp-json\/wp\/v2\/comments?post=5733"}],"wp:featuredmedia":[{"embeddable":true,"href":"https:\/\/www.billigtrikotde.com\/fr\/wp-json\/wp\/v2\/media\/5771"}],"wp:attachment":[{"href":"https:\/\/www.billigtrikotde.com\/fr\/wp-json\/wp\/v2\/media?parent=5733"}],"wp:term":[{"taxonomy":"product_brand","embeddable":true,"href":"https:\/\/www.billigtrikotde.com\/fr\/wp-json\/wp\/v2\/product_brand?post=5733"},{"taxonomy":"product_cat","embeddable":true,"href":"https:\/\/www.billigtrikotde.com\/fr\/wp-json\/wp\/v2\/product_cat?post=5733"},{"taxonomy":"product_tag","embeddable":true,"href":"https:\/\/www.billigtrikotde.com\/fr\/wp-json\/wp\/v2\/product_tag?post=5733"}],"curies":[{"name":"wp","href":"https:\/\/api.w.org\/{rel}","templated":true}]}}