{"id":557,"date":"2024-10-23T12:54:26","date_gmt":"2024-10-23T10:54:26","guid":{"rendered":"http:\/\/billigtrikots.com\/?post_type=product&#038;p=557"},"modified":"2024-10-23T12:55:58","modified_gmt":"2024-10-23T10:55:58","slug":"herren-fussballtrikot-fc-barcelona-junior-firpo-24-home-trikotsatz-langarm-kurze-hosen","status":"publish","type":"product","link":"https:\/\/www.billigtrikotde.com\/fr\/herren-fussballtrikot-fc-barcelona-junior-firpo-24-home-trikotsatz-langarm-kurze-hosen\/","title":{"rendered":"Maillot de football homme FC Barcelone Junior Firpo 24# Maillot domicile \u00e0 manches longues + Short"},"content":{"rendered":"<p>Montrez votre appartenance \u00e0 votre \u00e9quipe via le mod\u00e8le l\u00e9ger en bleu. Le maillot Nike est le choix id\u00e9al. Pour les vrais fans du FC Barcelone, un incontournable : le maillot domicile dans son design original, tels que les joueurs le portent en Primera Divisi\u00f3n. Le mod\u00e8le confortable, l\u00e9ger, respirant et qui \u00e9vacue la transpiration convainc sur toute la ligne. Peu importe \u00e0 quel point l\u2019entra\u00eenement ou le match est difficile, avec ce mod\u00e8le, vous \u00eates toujours bien v\u00eatus. Le superbe rendu de ce maillot est soutenu par un blason du club sur la poitrine. Dans ce mod\u00e8le bleu \u00e0 l\u2019allure ray\u00e9e, vous deviendrez un v\u00e9ritable eye-catcher.<\/p>\n<p>Conseils pour l'impression : Si le nom et le num\u00e9ro figurant sur l'image correspondent exactement \u00e0 ce que vous souhaitez, vous ne devez pas les saisir \u00e0 nouveau. Si ce n'est pas le cas, vous devez saisir le nom et le num\u00e9ro que vous souhaitez.<\/p>\n<p>Conseils pour le lavage : Il est recommand\u00e9 de laver les maillots de football \u00e0 la main. Si vous souhaitez utiliser la machine \u00e0 laver, pensez \u00e0 retourner les maillots de football avant de les laver. Remplissez la machine avec de l'eau froide et utilisez un cycle de lavage d\u00e9licat pour mieux prot\u00e9ger les couleurs.<\/p>","protected":false},"excerpt":{"rendered":"<p>Zeige deine Zugeh\u00f6rigkeit zu deinem Team durch das leichte Modell in Blau. Das Nike Shirt ist die richtige Wahl. F\u00fcr wahre FC Barcelona-Fans ein Must-Have: das Heim-Shirt im Originaldesign, wie es die Spieler in der Primera Division tragen. Das bequeme, leichte, atmungsaktive und schwei\u00dfableitende Modell \u00fcberzeugt auf ganzer Linie. Egal, wie hart das Training oder [&hellip;]<\/p>","protected":false},"featured_media":589,"comment_status":"open","ping_status":"closed","template":"","meta":[],"product_brand":[],"product_cat":[31],"product_tag":[20,33,38,21,24],"class_list":{"0":"post-557","1":"product","2":"type-product","3":"status-publish","4":"has-post-thumbnail","6":"product_cat-fc-barcelona","7":"product_tag-coole-fussballtrikots","8":"product_tag-fc-barcelona-trikots","9":"product_tag-fussball-trikot-langarm","10":"product_tag-fussballtrikot-fuer-herren","11":"product_tag-guenstiges-fussballtrikot","13":"first","14":"instock","15":"shipping-taxable","16":"purchasable","17":"product-type-variable"},"_links":{"self":[{"href":"https:\/\/www.billigtrikotde.com\/fr\/wp-json\/wp\/v2\/product\/557","targetHints":{"allow":["GET"]}}],"collection":[{"href":"https:\/\/www.billigtrikotde.com\/fr\/wp-json\/wp\/v2\/product"}],"about":[{"href":"https:\/\/www.billigtrikotde.com\/fr\/wp-json\/wp\/v2\/types\/product"}],"replies":[{"embeddable":true,"href":"https:\/\/www.billigtrikotde.com\/fr\/wp-json\/wp\/v2\/comments?post=557"}],"wp:featuredmedia":[{"embeddable":true,"href":"https:\/\/www.billigtrikotde.com\/fr\/wp-json\/wp\/v2\/media\/589"}],"wp:attachment":[{"href":"https:\/\/www.billigtrikotde.com\/fr\/wp-json\/wp\/v2\/media?parent=557"}],"wp:term":[{"taxonomy":"product_brand","embeddable":true,"href":"https:\/\/www.billigtrikotde.com\/fr\/wp-json\/wp\/v2\/product_brand?post=557"},{"taxonomy":"product_cat","embeddable":true,"href":"https:\/\/www.billigtrikotde.com\/fr\/wp-json\/wp\/v2\/product_cat?post=557"},{"taxonomy":"product_tag","embeddable":true,"href":"https:\/\/www.billigtrikotde.com\/fr\/wp-json\/wp\/v2\/product_tag?post=557"}],"curies":[{"name":"wp","href":"https:\/\/api.w.org\/{rel}","templated":true}]}}