{"id":553,"date":"2024-10-23T12:54:23","date_gmt":"2024-10-23T10:54:23","guid":{"rendered":"http:\/\/billigtrikots.com\/?post_type=product&#038;p=553"},"modified":"2024-10-23T12:55:57","modified_gmt":"2024-10-23T10:55:57","slug":"fc-barcelona-samuel-umtiti23-herren-home-fussballtrikot-langarm-kurze-hosen","status":"publish","type":"product","link":"https:\/\/www.billigtrikotde.com\/fr\/fc-barcelona-samuel-umtiti23-herren-home-fussballtrikot-langarm-kurze-hosen\/","title":{"rendered":"FC Barcelone Samuel Umtiti 23# Maillot de football domicile homme \u00e0 manches longues + Short"},"content":{"rendered":"<p>Avec le mod\u00e8le \u00e9vacuant la sueur en bleu, tu montres ton amour inconditionnel pour ton club. Nike publie avec le maillot un produit v\u00e9ritablement unique. Tout vrai supporter du FC Barcelone a besoin de ce maillot domicile, car les joueurs le portent \u00e9galement en Primera Divisi\u00f3n. Le mod\u00e8le \u00e9vacuant la sueur, respirant, ultra-confortable et l\u00e9ger convainc sur toute la ligne. Le bel aspect de ce d\u00e9bardeur sportif est soulign\u00e9 par un blason du club sur la poitrine. Tu es ainsi encore plus performant et tu peux tout donner \u00e0 chaque s\u00e9ance. Fais une d\u00e9claration dans ta tenue avec ce d\u00e9bardeur bleu au look ray\u00e9.<\/p>\n<p>Conseils pour l'impression : Si le nom et le num\u00e9ro figurant sur l'image correspondent exactement \u00e0 ce que vous souhaitez, vous ne devez pas les saisir \u00e0 nouveau. Si ce n'est pas le cas, vous devez saisir le nom et le num\u00e9ro que vous souhaitez.<\/p>\n<p>Conseils pour le lavage : Il est recommand\u00e9 de laver les maillots de football \u00e0 la main. Si vous souhaitez utiliser la machine \u00e0 laver, pensez \u00e0 retourner les maillots de football avant de les laver. Remplissez la machine avec de l'eau froide et utilisez un cycle de lavage d\u00e9licat pour mieux prot\u00e9ger les couleurs.<\/p>","protected":false},"excerpt":{"rendered":"<p>Mit dem schwei\u00dfableitenden Modell in Blau zeigst du deine bedingungslose Liebe zu deinem Verein. Nike ver\u00f6ffentlicht mit dem Trikot ein wahrhaft einmaliges Produkt. Jeder wahre FC Barcelona-Supporter braucht dieses Heim-Trikot, denn auch die Spieler tragen es in der Primera Division. Das schwei\u00dfableitende, atmungsaktive, super bequeme und leichte Modell \u00fcberzeugt auf ganzer Linie. Die tolle Optik [&hellip;]<\/p>","protected":false},"featured_media":587,"comment_status":"open","ping_status":"closed","template":"","meta":[],"product_brand":[],"product_cat":[31],"product_tag":[20,33,38,21,24],"class_list":{"0":"post-553","1":"product","2":"type-product","3":"status-publish","4":"has-post-thumbnail","6":"product_cat-fc-barcelona","7":"product_tag-coole-fussballtrikots","8":"product_tag-fc-barcelona-trikots","9":"product_tag-fussball-trikot-langarm","10":"product_tag-fussballtrikot-fuer-herren","11":"product_tag-guenstiges-fussballtrikot","13":"first","14":"instock","15":"shipping-taxable","16":"purchasable","17":"product-type-variable"},"_links":{"self":[{"href":"https:\/\/www.billigtrikotde.com\/fr\/wp-json\/wp\/v2\/product\/553","targetHints":{"allow":["GET"]}}],"collection":[{"href":"https:\/\/www.billigtrikotde.com\/fr\/wp-json\/wp\/v2\/product"}],"about":[{"href":"https:\/\/www.billigtrikotde.com\/fr\/wp-json\/wp\/v2\/types\/product"}],"replies":[{"embeddable":true,"href":"https:\/\/www.billigtrikotde.com\/fr\/wp-json\/wp\/v2\/comments?post=553"}],"wp:featuredmedia":[{"embeddable":true,"href":"https:\/\/www.billigtrikotde.com\/fr\/wp-json\/wp\/v2\/media\/587"}],"wp:attachment":[{"href":"https:\/\/www.billigtrikotde.com\/fr\/wp-json\/wp\/v2\/media?parent=553"}],"wp:term":[{"taxonomy":"product_brand","embeddable":true,"href":"https:\/\/www.billigtrikotde.com\/fr\/wp-json\/wp\/v2\/product_brand?post=553"},{"taxonomy":"product_cat","embeddable":true,"href":"https:\/\/www.billigtrikotde.com\/fr\/wp-json\/wp\/v2\/product_cat?post=553"},{"taxonomy":"product_tag","embeddable":true,"href":"https:\/\/www.billigtrikotde.com\/fr\/wp-json\/wp\/v2\/product_tag?post=553"}],"curies":[{"name":"wp","href":"https:\/\/api.w.org\/{rel}","templated":true}]}}