{"id":5500,"date":"2024-10-23T16:57:37","date_gmt":"2024-10-23T14:57:37","guid":{"rendered":"http:\/\/billigtrikots.com\/?post_type=product&#038;p=5500"},"modified":"2024-10-23T16:59:44","modified_gmt":"2024-10-23T14:59:44","slug":"paris-saint-germain-heimtrikot-2022-23-blau-fussballtrikot-kurzarm-florenzi-24","status":"publish","type":"product","link":"https:\/\/www.billigtrikotde.com\/fr\/paris-saint-germain-heimtrikot-2022-23-blau-fussballtrikot-kurzarm-florenzi-24\/","title":{"rendered":"Paris Saint Germain maillot domicile 2022\/23 bleu maillot de football \u00e0 manches courtes FLORENZI #24"},"content":{"rendered":"<p>Le maillot PSG 22-23 a un look inspir\u00e9 du classique Hechter, mais avec le blanc et le rouge \u00e9chang\u00e9s. Le nouveau maillot PSG 22-23 est le dernier d'une longue liste de maillots 22-23 qui ont \u00e9t\u00e9 r\u00e9cemment divulgu\u00e9s, la plupart plus d'un an avant leur sortie. Consultez \u00e9galement les fuites de Chelsea, Liverpool et Tottenham. C'est un design \u00e9l\u00e9gant, interrompu seulement par un aper\u00e7u du Hechter... Le designer de maillots Franco Carabajal a imagin\u00e9 \u00e0 quoi pourrait ressembler le maillot sans cela. Le maillot PSG 22-23 pr\u00e9sente une rayure Hechter continue au lieu d'une grande coupe au centre. Cela rend le design beaucoup plus esth\u00e9tique.<br \/>\nFranco a \u00e9galement cr\u00e9\u00e9 deux versions avec le logo Accor Live Limitless. Nous aimons particuli\u00e8rement la version avec le petit ACC \u00e0 l'int\u00e9rieur du maillot blanc. En r\u00e9alit\u00e9, l'encolure devrait \u00eatre encore plus grande, car le logo ACC contient \u00e9galement le texte Accor Live Limitless en dessous. Le Paris Saint-Germain pourrait pr\u00e9senter le nouveau maillot 22-23 lors du dernier match de la saison contre Metz le 21 mai 2022. Si c'est le cas, ils le porteront s\u00fbrement avec le logo ACC. Les logos sur le maillot Paris Saint-Germain 22-23 sont plac\u00e9s au centre, avec le swoosh visible en dessous du badge du club.<\/p>\n<p>Conseils pour l'impression : Si le nom et le num\u00e9ro figurant sur l'image correspondent exactement \u00e0 ce que vous souhaitez, vous ne devez pas les saisir \u00e0 nouveau. Si ce n'est pas le cas, vous devez saisir le nom et le num\u00e9ro que vous souhaitez.<\/p>\n<p>Conseils pour le lavage : Il est recommand\u00e9 de laver les maillots de football \u00e0 la main. Si vous souhaitez utiliser la machine \u00e0 laver, pensez \u00e0 retourner les maillots de football avant de les laver. Remplissez la machine avec de l'eau froide et utilisez un cycle de lavage d\u00e9licat pour mieux prot\u00e9ger les couleurs.<\/p>","protected":false},"excerpt":{"rendered":"<p>Le maillot PSG 22-23 a un look inspir\u00e9 du style classique de Hechter, mais avec le blanc et le rouge \u00e9chang\u00e9s. Le nouveau maillot PSG 22-23 est le dernier d'une longue liste de maillots 22-23 r\u00e9cemment divulgu\u00e9s, la plupart plus d'un an avant leur sortie. Regarde [\u2026]<\/p>","protected":false},"featured_media":5538,"comment_status":"open","ping_status":"closed","template":"","meta":[],"product_brand":[],"product_cat":[39],"product_tag":[20,43,21,22,23,24,44,41,244],"class_list":{"0":"post-5500","1":"product","2":"type-product","3":"status-publish","4":"has-post-thumbnail","6":"product_cat-paris-saint-germain","7":"product_tag-coole-fussballtrikots","8":"product_tag-fussballkleidung","9":"product_tag-fussballtrikot-fuer-herren","10":"product_tag-fussballtrikot-guenstig-kaufen","11":"product_tag-fussballtrikot-kurzarm","12":"product_tag-guenstiges-fussballtrikot","13":"product_tag-paris-saint-germain-auswaertstrikot","14":"product_tag-paris-saint-germain-trikots","15":"product_tag-psg-trikot-2022-23","17":"first","18":"instock","19":"shipping-taxable","20":"purchasable","21":"product-type-variable"},"_links":{"self":[{"href":"https:\/\/www.billigtrikotde.com\/fr\/wp-json\/wp\/v2\/product\/5500","targetHints":{"allow":["GET"]}}],"collection":[{"href":"https:\/\/www.billigtrikotde.com\/fr\/wp-json\/wp\/v2\/product"}],"about":[{"href":"https:\/\/www.billigtrikotde.com\/fr\/wp-json\/wp\/v2\/types\/product"}],"replies":[{"embeddable":true,"href":"https:\/\/www.billigtrikotde.com\/fr\/wp-json\/wp\/v2\/comments?post=5500"}],"wp:featuredmedia":[{"embeddable":true,"href":"https:\/\/www.billigtrikotde.com\/fr\/wp-json\/wp\/v2\/media\/5538"}],"wp:attachment":[{"href":"https:\/\/www.billigtrikotde.com\/fr\/wp-json\/wp\/v2\/media?parent=5500"}],"wp:term":[{"taxonomy":"product_brand","embeddable":true,"href":"https:\/\/www.billigtrikotde.com\/fr\/wp-json\/wp\/v2\/product_brand?post=5500"},{"taxonomy":"product_cat","embeddable":true,"href":"https:\/\/www.billigtrikotde.com\/fr\/wp-json\/wp\/v2\/product_cat?post=5500"},{"taxonomy":"product_tag","embeddable":true,"href":"https:\/\/www.billigtrikotde.com\/fr\/wp-json\/wp\/v2\/product_tag?post=5500"}],"curies":[{"name":"wp","href":"https:\/\/api.w.org\/{rel}","templated":true}]}}