{"id":5414,"date":"2024-10-23T16:53:44","date_gmt":"2024-10-23T14:53:44","guid":{"rendered":"http:\/\/billigtrikots.com\/?post_type=product&#038;p=5414"},"modified":"2025-06-09T04:42:48","modified_gmt":"2025-06-09T02:42:48","slug":"herren-arsenal-2022-23-heimtrikot-rot-weiss-trikotsatz-kurzarm-kurze-hosen-willian-12","status":"publish","type":"product","link":"https:\/\/www.billigtrikotde.com\/fr\/herren-arsenal-2022-23-heimtrikot-rot-weiss-trikotsatz-kurzarm-kurze-hosen-willian-12\/","title":{"rendered":"Dames Arsenal 2022\/23 Maillot domicile, rouge et blanc, ensemble de maillots \u00e0 manches courtes + shorts WILLIAN 12"},"content":{"rendered":"<p>Le maillot Arsenal 22-23 sera lanc\u00e9 le 19 mai 2022. Il est pr\u00e9vu que l'\u00e9quipe premi\u00e8re le porte lors du dernier match contre Everton le 22 mai. Comme lors d'autres saisons, le nouveau maillot ext\u00e9rieur pour la saison 2022-23 sera lanc\u00e9 dans le cadre de la tourn\u00e9e aux \u00c9tats-Unis en juillet. Il sera probablement pr\u00e9sent\u00e9 pour la premi\u00e8re fois contre Everton (16 juillet). Arsenal pourrait \u00e9galement le porter contre Orlando City (20 juillet) et Chelsea (23 juillet).<\/p>\n<p>Conseils pour l'impression : Si le nom et le num\u00e9ro figurant sur l'image correspondent exactement \u00e0 ce que vous souhaitez, vous ne devez pas les saisir \u00e0 nouveau. Si ce n'est pas le cas, vous devez saisir le nom et le num\u00e9ro que vous souhaitez.<\/p>\n<p>Conseils pour le lavage : Il est recommand\u00e9 de laver les maillots de football \u00e0 la main. Si vous souhaitez utiliser la machine \u00e0 laver, pensez \u00e0 retourner les maillots de football avant de les laver. Remplissez la machine avec de l'eau froide et utilisez un cycle de lavage d\u00e9licat pour mieux prot\u00e9ger les couleurs.<\/p>","protected":false},"excerpt":{"rendered":"<p>Le maillot Arsenal 22-23 sera lanc\u00e9 le 19 mai 2022. Il est pr\u00e9vu que la premi\u00e8re \u00e9quipe le portera lors du dernier match contre Everton le 22 mai. Comme lors d'autres saisons, le nouveau maillot ext\u00e9rieur pour la saison 2022-23 sera lanc\u00e9 dans le cadre de la tourn\u00e9e aux \u00c9tats-Unis en juillet. Il [\u2026]<\/p>","protected":false},"featured_media":5453,"comment_status":"open","ping_status":"closed","template":"","meta":[],"product_brand":[],"product_cat":[55],"product_tag":[243,20,21,22,23,54,24],"class_list":{"0":"post-5414","1":"product","2":"type-product","3":"status-publish","4":"has-post-thumbnail","6":"product_cat-arsenal","7":"product_tag-arsenal-2022-2023-heimtrikot","8":"product_tag-coole-fussballtrikots","9":"product_tag-fussballtrikot-fuer-herren","10":"product_tag-fussballtrikot-guenstig-kaufen","11":"product_tag-fussballtrikot-kurzarm","12":"product_tag-fussballtrikot-set","13":"product_tag-guenstiges-fussballtrikot","15":"first","16":"instock","17":"shipping-taxable","18":"purchasable","19":"product-type-variable"},"_links":{"self":[{"href":"https:\/\/www.billigtrikotde.com\/fr\/wp-json\/wp\/v2\/product\/5414","targetHints":{"allow":["GET"]}}],"collection":[{"href":"https:\/\/www.billigtrikotde.com\/fr\/wp-json\/wp\/v2\/product"}],"about":[{"href":"https:\/\/www.billigtrikotde.com\/fr\/wp-json\/wp\/v2\/types\/product"}],"replies":[{"embeddable":true,"href":"https:\/\/www.billigtrikotde.com\/fr\/wp-json\/wp\/v2\/comments?post=5414"}],"wp:featuredmedia":[{"embeddable":true,"href":"https:\/\/www.billigtrikotde.com\/fr\/wp-json\/wp\/v2\/media\/5453"}],"wp:attachment":[{"href":"https:\/\/www.billigtrikotde.com\/fr\/wp-json\/wp\/v2\/media?parent=5414"}],"wp:term":[{"taxonomy":"product_brand","embeddable":true,"href":"https:\/\/www.billigtrikotde.com\/fr\/wp-json\/wp\/v2\/product_brand?post=5414"},{"taxonomy":"product_cat","embeddable":true,"href":"https:\/\/www.billigtrikotde.com\/fr\/wp-json\/wp\/v2\/product_cat?post=5414"},{"taxonomy":"product_tag","embeddable":true,"href":"https:\/\/www.billigtrikotde.com\/fr\/wp-json\/wp\/v2\/product_tag?post=5414"}],"curies":[{"name":"wp","href":"https:\/\/api.w.org\/{rel}","templated":true}]}}