{"id":5244,"date":"2024-10-23T16:45:53","date_gmt":"2024-10-23T14:45:53","guid":{"rendered":"http:\/\/billigtrikots.com\/?post_type=product&#038;p=5244"},"modified":"2025-10-16T16:04:26","modified_gmt":"2025-10-16T14:04:26","slug":"herren-y-3-real-madrid-viertes-fussballtrikot-schwarz-fuer-die-saison-2021-2022-kroos-8","status":"publish","type":"product","link":"https:\/\/www.billigtrikotde.com\/fr\/herren-y-3-real-madrid-viertes-fussballtrikot-schwarz-fuer-die-saison-2021-2022-kroos-8\/","title":{"rendered":"Herren Y-3 Real Madrid Quatri\u00e8me maillot de football noir pour la saison 2021-2022 KROOS 8"},"content":{"rendered":"<p>20 ans de Y-3 rencontrent 120 ans de football de haut niveau. Y-3 et Real Madrid se sont \u00e0 nouveau associ\u00e9s \u00e0 l'occasion de leurs anniversaires, et ce quatri\u00e8me maillot pour enfants et adolescents a \u00e9t\u00e9 cr\u00e9\u00e9, \u00e9quip\u00e9 de la technologie rafra\u00eechissante HEAT.RDY. La fusion parfaite entre mode et v\u00eatements de sport, interpr\u00e9t\u00e9e dans un graphique discret de lignes dynamiques et crois\u00e9es. Sur la poitrine, le logo Y-3 marque une nouveaut\u00e9 absolue : c'est la premi\u00e8re fois qu'il remplace le logo adidas sur un maillot. Et au-dessus de l'ourlet, un label extra-large compl\u00e8te avec style cette collaboration exceptionnelle.<\/p>\n<p>Conseils pour l'impression : Si le nom et le num\u00e9ro figurant sur l'image correspondent exactement \u00e0 ce que vous souhaitez, vous ne devez pas les saisir \u00e0 nouveau. Si ce n'est pas le cas, vous devez saisir le nom et le num\u00e9ro que vous souhaitez.<\/p>\n<p>Conseils pour le lavage : Il est recommand\u00e9 de laver les maillots de football \u00e0 la main. Si vous souhaitez utiliser la machine \u00e0 laver, pensez \u00e0 retourner les maillots de football avant de les laver. Remplissez la machine avec de l'eau froide et utilisez un cycle de lavage d\u00e9licat pour mieux prot\u00e9ger les couleurs.<\/p>","protected":false},"excerpt":{"rendered":"<p>20 ans de Y-3 rencontrent 120 ans de football de haut niveau. Y-3 et Real Madrid se sont \u00e0 nouveau associ\u00e9s \u00e0 l'occasion de leurs anniversaires, et ce quatri\u00e8me maillot pour enfants et adolescents a \u00e9t\u00e9 cr\u00e9\u00e9, \u00e9quip\u00e9 de la technologie rafra\u00eechissante HEAT.RDY. La fusion parfaite entre mode et v\u00eatements de sport, interpr\u00e9t\u00e9e dans un graphique discret de lignes dynamiques et crois\u00e9es. Sur [\u2026]<\/p>","protected":false},"featured_media":5276,"comment_status":"open","ping_status":"closed","template":"","meta":[],"product_brand":[],"product_cat":[45],"product_tag":[20,38,21,228,24,47],"class_list":{"0":"post-5244","1":"product","2":"type-product","3":"status-publish","4":"has-post-thumbnail","6":"product_cat-real-madrid","7":"product_tag-coole-fussballtrikots","8":"product_tag-fussball-trikot-langarm","9":"product_tag-fussballtrikot-fuer-herren","10":"product_tag-guenstige-fussballtrikot","11":"product_tag-guenstiges-fussballtrikot","12":"product_tag-real-madrid-trikots","14":"first","15":"instock","16":"shipping-taxable","17":"purchasable","18":"product-type-variable"},"_links":{"self":[{"href":"https:\/\/www.billigtrikotde.com\/fr\/wp-json\/wp\/v2\/product\/5244","targetHints":{"allow":["GET"]}}],"collection":[{"href":"https:\/\/www.billigtrikotde.com\/fr\/wp-json\/wp\/v2\/product"}],"about":[{"href":"https:\/\/www.billigtrikotde.com\/fr\/wp-json\/wp\/v2\/types\/product"}],"replies":[{"embeddable":true,"href":"https:\/\/www.billigtrikotde.com\/fr\/wp-json\/wp\/v2\/comments?post=5244"}],"wp:featuredmedia":[{"embeddable":true,"href":"https:\/\/www.billigtrikotde.com\/fr\/wp-json\/wp\/v2\/media\/5276"}],"wp:attachment":[{"href":"https:\/\/www.billigtrikotde.com\/fr\/wp-json\/wp\/v2\/media?parent=5244"}],"wp:term":[{"taxonomy":"product_brand","embeddable":true,"href":"https:\/\/www.billigtrikotde.com\/fr\/wp-json\/wp\/v2\/product_brand?post=5244"},{"taxonomy":"product_cat","embeddable":true,"href":"https:\/\/www.billigtrikotde.com\/fr\/wp-json\/wp\/v2\/product_cat?post=5244"},{"taxonomy":"product_tag","embeddable":true,"href":"https:\/\/www.billigtrikotde.com\/fr\/wp-json\/wp\/v2\/product_tag?post=5244"}],"curies":[{"name":"wp","href":"https:\/\/api.w.org\/{rel}","templated":true}]}}