{"id":519,"date":"2024-10-23T12:52:50","date_gmt":"2024-10-23T10:52:50","guid":{"rendered":"http:\/\/billigtrikots.com\/?post_type=product&#038;p=519"},"modified":"2024-10-23T12:54:20","modified_gmt":"2024-10-23T10:54:20","slug":"fc-barcelona-herren-heimtrikot-21-22-miralem-pjanic-8-langarm-kurze-hosen","status":"publish","type":"product","link":"https:\/\/www.billigtrikotde.com\/fr\/fc-barcelona-herren-heimtrikot-21-22-miralem-pjanic-8-langarm-kurze-hosen\/","title":{"rendered":"FC Barcelone Maillot domicile homme 21\/22 Miralem Pjanic 8# Manche longue + Short"},"content":{"rendered":"<p>Montre ton appartenance \u00e0 ton \u00e9quipe avec le mod\u00e8le l\u00e9ger en bleu. Le maillot Nike suscite une v\u00e9ritable excitation. Plus de soutien, c'est difficile ! Avec ce maillot domicile du FC Barcelone, tu enrichis ta collection de fans avec un article port\u00e9 par les joueurs en Primera Division. La technologie tr\u00e8s confortable, qui \u00e9vacue la transpiration, respirante et l\u00e9g\u00e8re, le rend convaincant. Avec ce maillot de sport, tu es parfaitement \u00e9quip\u00e9 pour chaque s\u00e9ance. Il devient un v\u00e9ritable point d'orgue gr\u00e2ce au logo du club sur la poitrine. Ce mod\u00e8le \u00e9l\u00e9gant est parfait si tu recherches un haut de sport bleu avec un look.<\/p>\n<p>Conseils pour l'impression : Si le nom et le num\u00e9ro figurant sur l'image correspondent exactement \u00e0 ce que vous souhaitez, vous ne devez pas les saisir \u00e0 nouveau. Si ce n'est pas le cas, vous devez saisir le nom et le num\u00e9ro que vous souhaitez.<\/p>\n<p>Conseils pour le lavage : Il est recommand\u00e9 de laver les maillots de football \u00e0 la main. Si vous souhaitez utiliser la machine \u00e0 laver, pensez \u00e0 retourner les maillots de football avant de les laver. Remplissez la machine avec de l'eau froide et utilisez un cycle de lavage d\u00e9licat pour mieux prot\u00e9ger les couleurs.<\/p>","protected":false},"excerpt":{"rendered":"<p>Montre ton appartenance \u00e0 ton \u00e9quipe avec le mod\u00e8le l\u00e9ger en bleu. Le maillot Nike suscite une v\u00e9ritable excitation. Plus de soutien, c'est difficile ! Avec ce maillot domicile du FC Barcelone, tu enrichis ta collection de fans avec un article port\u00e9 par les joueurs en Primera Division. La technologie tr\u00e8s confortable, qui \u00e9vacue la transpiration, respirante et l\u00e9g\u00e8re, le rend convaincant. Avec [\u2026]<\/p>","protected":false},"featured_media":550,"comment_status":"open","ping_status":"closed","template":"","meta":[],"product_brand":[],"product_cat":[31],"product_tag":[20,33,38,21,24],"class_list":{"0":"post-519","1":"product","2":"type-product","3":"status-publish","4":"has-post-thumbnail","6":"product_cat-fc-barcelona","7":"product_tag-coole-fussballtrikots","8":"product_tag-fc-barcelona-trikots","9":"product_tag-fussball-trikot-langarm","10":"product_tag-fussballtrikot-fuer-herren","11":"product_tag-guenstiges-fussballtrikot","13":"first","14":"instock","15":"shipping-taxable","16":"purchasable","17":"product-type-variable"},"_links":{"self":[{"href":"https:\/\/www.billigtrikotde.com\/fr\/wp-json\/wp\/v2\/product\/519","targetHints":{"allow":["GET"]}}],"collection":[{"href":"https:\/\/www.billigtrikotde.com\/fr\/wp-json\/wp\/v2\/product"}],"about":[{"href":"https:\/\/www.billigtrikotde.com\/fr\/wp-json\/wp\/v2\/types\/product"}],"replies":[{"embeddable":true,"href":"https:\/\/www.billigtrikotde.com\/fr\/wp-json\/wp\/v2\/comments?post=519"}],"wp:featuredmedia":[{"embeddable":true,"href":"https:\/\/www.billigtrikotde.com\/fr\/wp-json\/wp\/v2\/media\/550"}],"wp:attachment":[{"href":"https:\/\/www.billigtrikotde.com\/fr\/wp-json\/wp\/v2\/media?parent=519"}],"wp:term":[{"taxonomy":"product_brand","embeddable":true,"href":"https:\/\/www.billigtrikotde.com\/fr\/wp-json\/wp\/v2\/product_brand?post=519"},{"taxonomy":"product_cat","embeddable":true,"href":"https:\/\/www.billigtrikotde.com\/fr\/wp-json\/wp\/v2\/product_cat?post=519"},{"taxonomy":"product_tag","embeddable":true,"href":"https:\/\/www.billigtrikotde.com\/fr\/wp-json\/wp\/v2\/product_tag?post=519"}],"curies":[{"name":"wp","href":"https:\/\/api.w.org\/{rel}","templated":true}]}}