{"id":5159,"date":"2024-10-23T16:26:34","date_gmt":"2024-10-23T14:26:34","guid":{"rendered":"http:\/\/billigtrikots.com\/?post_type=product&#038;p=5159"},"modified":"2024-10-23T16:28:44","modified_gmt":"2024-10-23T14:28:44","slug":"brasilien-2022-wm-heimtrikots-gelb-trikotsatz-kurzarm-kurze-hosen-ronaldinho-10","status":"publish","type":"product","link":"https:\/\/www.billigtrikotde.com\/fr\/brasilien-2022-wm-heimtrikots-gelb-trikotsatz-kurzarm-kurze-hosen-ronaldinho-10\/","title":{"rendered":"Br\u00e9sil 2022 maillot domicile Coupe du Monde jaune ensemble de maillots \u00e0 manches courtes + shorts RONALDINHO 10"},"content":{"rendered":"<p>Avant le match de demain entre le Br\u00e9sil et l'Argentine, nous avons obtenu des informations plus pr\u00e9cises sur le design du maillot domicile de la Coupe du monde 2022.Le maillot fabriqu\u00e9 par Nike pour la Coupe du monde 2022 sera pr\u00e9sent\u00e9 au cours du second semestre de l'ann\u00e9e et pr\u00e9sente un nouveau sch\u00e9ma de couleurs plus claires.Le maillot de football Nike Br\u00e9sil 2022 troque le jaune classique contre un jaune vif, officiellement appel\u00e9 \"Dynamic Yellow\". L'aspect de la couleur nous a \u00e9t\u00e9 d\u00e9crit comme \"presque jaune fluo\".<\/p>\n<p>En ce qui concerne le design, le maillot de la Coupe du monde 2022 au Br\u00e9sil aura un petit col traditionnel, de couleur jaune et orn\u00e9 d'une bande verte et d'une bande bleue. Notez que notre image ci-dessus n'est qu'un aper\u00e7u et que le design final du maillot pourrait \u00eatre diff\u00e9rent.Les couleurs du maillot Nike Br\u00e9sil 2022 de la Coupe du monde \u00e0 domicile rappellent le maillot du vainqueur de la Coupe du monde 2002 - il peut \u00eatre consid\u00e9r\u00e9 comme un hommage au 20e anniversaire de sa sortie.Nike associe le maillot Nike Br\u00e9sil 2022 \u00e0 des logos vert turquoise clair (Green Spark) et un bleu riche pour les d\u00e9tails (Paramount Blue).<\/p>\n<p>Conseils pour l'impression : Si le nom et le num\u00e9ro figurant sur l'image correspondent exactement \u00e0 ce que vous souhaitez, vous ne devez pas les saisir \u00e0 nouveau. Si ce n'est pas le cas, vous devez saisir le nom et le num\u00e9ro que vous souhaitez.<\/p>\n<p>Conseils pour le lavage : Il est recommand\u00e9 de laver les maillots de football \u00e0 la main. Si vous souhaitez utiliser la machine \u00e0 laver, pensez \u00e0 retourner les maillots de football avant de les laver. Remplissez la machine avec de l'eau froide et utilisez un cycle de lavage d\u00e9licat pour mieux prot\u00e9ger les couleurs.<\/p>","protected":false},"excerpt":{"rendered":"<p>Avant le match de demain entre le Br\u00e9sil et l'Argentine, nous avons obtenu des informations plus pr\u00e9cises sur le design du maillot domicile pour la Coupe du Monde 2022. Le maillot fabriqu\u00e9 par Nike pour la Coupe du Monde 2022 sera pr\u00e9sent\u00e9 dans la seconde moiti\u00e9 de l'ann\u00e9e et poss\u00e8de un nouveau sch\u00e9ma de couleurs plus clair. Le maillot de football Nike Br\u00e9sil 2022 remplace le jaune classique par un jaune vif, officiellement \u00ab Dynamic \u00bb...<\/p>","protected":false},"featured_media":5197,"comment_status":"open","ping_status":"closed","template":"","meta":[],"product_brand":[],"product_cat":[112],"product_tag":[20,210,114,222,21,22,23,24],"class_list":{"0":"post-5159","1":"product","2":"type-product","3":"status-publish","4":"has-post-thumbnail","6":"product_cat-brasilien-trikots","7":"product_tag-coole-fussballtrikots","8":"product_tag-brasilien-auswaertstrikot","9":"product_tag-brasilien-trikots","10":"product_tag-fussball-wm-2022-trikots","11":"product_tag-fussballtrikot-fuer-herren","12":"product_tag-fussballtrikot-guenstig-kaufen","13":"product_tag-fussballtrikot-kurzarm","14":"product_tag-guenstiges-fussballtrikot","16":"first","17":"instock","18":"shipping-taxable","19":"purchasable","20":"product-type-variable"},"_links":{"self":[{"href":"https:\/\/www.billigtrikotde.com\/fr\/wp-json\/wp\/v2\/product\/5159","targetHints":{"allow":["GET"]}}],"collection":[{"href":"https:\/\/www.billigtrikotde.com\/fr\/wp-json\/wp\/v2\/product"}],"about":[{"href":"https:\/\/www.billigtrikotde.com\/fr\/wp-json\/wp\/v2\/types\/product"}],"replies":[{"embeddable":true,"href":"https:\/\/www.billigtrikotde.com\/fr\/wp-json\/wp\/v2\/comments?post=5159"}],"wp:featuredmedia":[{"embeddable":true,"href":"https:\/\/www.billigtrikotde.com\/fr\/wp-json\/wp\/v2\/media\/5197"}],"wp:attachment":[{"href":"https:\/\/www.billigtrikotde.com\/fr\/wp-json\/wp\/v2\/media?parent=5159"}],"wp:term":[{"taxonomy":"product_brand","embeddable":true,"href":"https:\/\/www.billigtrikotde.com\/fr\/wp-json\/wp\/v2\/product_brand?post=5159"},{"taxonomy":"product_cat","embeddable":true,"href":"https:\/\/www.billigtrikotde.com\/fr\/wp-json\/wp\/v2\/product_cat?post=5159"},{"taxonomy":"product_tag","embeddable":true,"href":"https:\/\/www.billigtrikotde.com\/fr\/wp-json\/wp\/v2\/product_tag?post=5159"}],"curies":[{"name":"wp","href":"https:\/\/api.w.org\/{rel}","templated":true}]}}