{"id":5147,"date":"2024-10-23T16:25:59","date_gmt":"2024-10-23T14:25:59","guid":{"rendered":"http:\/\/billigtrikots.com\/?post_type=product&#038;p=5147"},"modified":"2024-10-23T16:28:12","modified_gmt":"2024-10-23T14:28:12","slug":"guenstige-inter-mailand-stadium-jersey-fussball-trikot-gelb-blau-kurzarm-kurze-hosen","status":"publish","type":"product","link":"https:\/\/www.billigtrikotde.com\/fr\/guenstige-inter-mailand-stadium-jersey-fussball-trikot-gelb-blau-kurzarm-kurze-hosen\/","title":{"rendered":"Maillot de stade Inter Milan \u00e9conomique jaune bleu manches courtes + short bleu"},"content":{"rendered":"<p>Les premi\u00e8res vraies images du T-shirt de la prochaine collection Nike x Inter ont \u00e9t\u00e9 divulgu\u00e9es. Inspir\u00e9 par le quatri\u00e8me maillot \u00e0 venir d'Inter, il pr\u00e9sente un design similaire \u00e0 celui du maillot. Le quatri\u00e8me maillot de Nike Inter Milan 2020-2021 se distingue par un design exceptionnel, combinant diff\u00e9rents motifs et graphiques dans un look mashup. Le Nike Inter [\u2026]<\/p>\n<p>La collection d'\u00e9t\u00e9 20-21 de Nike Inter Milan introduit de nouveaux looks frais. Inspir\u00e9e par le quatri\u00e8me maillot et la collection pr\u00e9-match 20-21 ainsi que la collection lifestyle du club, la collection d'\u00e9t\u00e9 20-21 de Nike Inter combine diff\u00e9rents designs pour un article.<\/p>\n<p>Conseils pour l'impression : Si le nom et le num\u00e9ro figurant sur l'image correspondent exactement \u00e0 ce que vous souhaitez, vous ne devez pas les saisir \u00e0 nouveau. Si ce n'est pas le cas, vous devez saisir le nom et le num\u00e9ro que vous souhaitez.<\/p>\n<p>Conseils pour le lavage : Il est recommand\u00e9 de laver les maillots de football \u00e0 la main. Si vous souhaitez utiliser la machine \u00e0 laver, pensez \u00e0 retourner les maillots de football avant de les laver. Remplissez la machine avec de l'eau froide et utilisez un cycle de lavage d\u00e9licat pour mieux prot\u00e9ger les couleurs.<\/p>","protected":false},"excerpt":{"rendered":"<p>Les premi\u00e8res vraies images du T-shirt de la prochaine collection Nike x Inter ont \u00e9t\u00e9 divulgu\u00e9es. Inspir\u00e9 par le quatri\u00e8me maillot \u00e0 venir d'Inter, il pr\u00e9sente un design similaire \u00e0 celui du maillot. Le quatri\u00e8me maillot de Nike Inter Milan 2020-2021 se distingue par un design exceptionnel, combinant diff\u00e9rents motifs et graphiques dans un look mashup. Le Nike Inter [\u2026]<\/p>","protected":false},"featured_media":5186,"comment_status":"open","ping_status":"closed","template":"","meta":[],"product_brand":[],"product_cat":[77],"product_tag":[20,21,22,23,24,241,78],"class_list":{"0":"post-5147","1":"product","2":"type-product","3":"status-publish","4":"has-post-thumbnail","6":"product_cat-inter-milan","7":"product_tag-coole-fussballtrikots","8":"product_tag-fussballtrikot-fuer-herren","9":"product_tag-fussballtrikot-guenstig-kaufen","10":"product_tag-fussballtrikot-kurzarm","11":"product_tag-guenstiges-fussballtrikot","12":"product_tag-inter-mailand-ausweichtrikot","13":"product_tag-inter-milan-trikots","15":"first","16":"instock","17":"shipping-taxable","18":"purchasable","19":"product-type-variable"},"_links":{"self":[{"href":"https:\/\/www.billigtrikotde.com\/fr\/wp-json\/wp\/v2\/product\/5147","targetHints":{"allow":["GET"]}}],"collection":[{"href":"https:\/\/www.billigtrikotde.com\/fr\/wp-json\/wp\/v2\/product"}],"about":[{"href":"https:\/\/www.billigtrikotde.com\/fr\/wp-json\/wp\/v2\/types\/product"}],"replies":[{"embeddable":true,"href":"https:\/\/www.billigtrikotde.com\/fr\/wp-json\/wp\/v2\/comments?post=5147"}],"wp:featuredmedia":[{"embeddable":true,"href":"https:\/\/www.billigtrikotde.com\/fr\/wp-json\/wp\/v2\/media\/5186"}],"wp:attachment":[{"href":"https:\/\/www.billigtrikotde.com\/fr\/wp-json\/wp\/v2\/media?parent=5147"}],"wp:term":[{"taxonomy":"product_brand","embeddable":true,"href":"https:\/\/www.billigtrikotde.com\/fr\/wp-json\/wp\/v2\/product_brand?post=5147"},{"taxonomy":"product_cat","embeddable":true,"href":"https:\/\/www.billigtrikotde.com\/fr\/wp-json\/wp\/v2\/product_cat?post=5147"},{"taxonomy":"product_tag","embeddable":true,"href":"https:\/\/www.billigtrikotde.com\/fr\/wp-json\/wp\/v2\/product_tag?post=5147"}],"curies":[{"name":"wp","href":"https:\/\/api.w.org\/{rel}","templated":true}]}}