{"id":5037,"date":"2024-10-23T16:19:47","date_gmt":"2024-10-23T14:19:47","guid":{"rendered":"http:\/\/billigtrikots.com\/?post_type=product&#038;p=5037"},"modified":"2024-10-23T16:21:59","modified_gmt":"2024-10-23T14:21:59","slug":"fc-barcelona-2022-23-heimtrikot-dunkles-blau-trikotsatz-kurzarm-mit-aufdruck-pique-3","status":"publish","type":"product","link":"https:\/\/www.billigtrikotde.com\/fr\/fc-barcelona-2022-23-heimtrikot-dunkles-blau-trikotsatz-kurzarm-mit-aufdruck-pique-3\/","title":{"rendered":"FC Barcelone 2022\/23 maillot domicile bleu fonc\u00e9 ensemble de maillots \u00e0 manches courtes avec impression PIQUE 3"},"content":{"rendered":"<p>Le maillot FC Barcelone 2022-23 introduit un look \u00e9l\u00e9gant en compl\u00e9tant les rayures traditionnelles Blaugrana par du bleu fonc\u00e9.<\/p>\n<p>Les manches et le col du maillot Barcelone 22-23 sont d'une couleur marine unie, tandis que le devant pr\u00e9sente des rayures assez larges en marine, bleu royal et rouge.<\/p>\n<p>Le nom officiel du bleu fonc\u00e9 sur le maillot est \u00ab Obsidien \u00bb, ce qui correspond \u00e9galement \u00e0 la couleur des logos sur le maillot ext\u00e9rieur dor\u00e9.<\/p>\n<p>Sur les rayures bleues et rouges du devant du maillot domicile Nike FC Barcelone 2022-2023, se trouve une impression discr\u00e8te, visible \u00e9galement sur plusieurs autres articles de la collection, y compris le maillot d'avant-match.<\/p>\n<p>Selon un rapport ant\u00e9rieur de SPORT, le design a \u00e9galement \u00e9t\u00e9 inspir\u00e9 par les Jeux Olympiques de 1992 \u00e0 Barcelone et par le changement que la ville a connu. Cette inspiration est encore plus visible sur le maillot ext\u00e9rieur, qui arbore des ornements dans le design des rubans de m\u00e9dailles olympiques d'il y a 30 ans.<\/p>\n<p>Le short et les chaussettes du maillot domicile Barcelone 22-23 refl\u00e8tent la couleur bleu fonc\u00e9, un th\u00e8me r\u00e9current dans l'histoire des maillots \u00e0 domicile du club catalan.<\/p>\n<p>Conseils pour l'impression : Si le nom et le num\u00e9ro figurant sur l'image correspondent exactement \u00e0 ce que vous souhaitez, vous ne devez pas les saisir \u00e0 nouveau. Si ce n'est pas le cas, vous devez saisir le nom et le num\u00e9ro que vous souhaitez.<\/p>\n<p>Conseils pour le lavage : Il est recommand\u00e9 de laver les maillots de football \u00e0 la main. Si vous souhaitez utiliser la machine \u00e0 laver, pensez \u00e0 retourner les maillots de football avant de les laver. Remplissez la machine avec de l'eau froide et utilisez un cycle de lavage d\u00e9licat pour mieux prot\u00e9ger les couleurs.<\/p>","protected":false},"excerpt":{"rendered":"<p>Le maillot FC Barcelone 2022-23 introduit un look \u00e9l\u00e9gant en compl\u00e9tant les rayures traditionnelles Blaugrana par du bleu fonc\u00e9. Les manches et le col du maillot Barcelone 22-23 sont unis en marine, tandis que le devant pr\u00e9sente des rayures assez larges en marine, bleu royal et rouge. Le nom officiel du bleu fonc\u00e9 sur le maillot est \u00ab Obsidien \u00bb, ce qui aussi la [\u2026]<\/p>","protected":false},"featured_media":5075,"comment_status":"open","ping_status":"closed","template":"","meta":[],"product_brand":[],"product_cat":[31],"product_tag":[32,20,33,21,22,23,24],"class_list":{"0":"post-5037","1":"product","2":"type-product","3":"status-publish","4":"has-post-thumbnail","6":"product_cat-fc-barcelona","7":"product_tag-barcelona-heimtrikot","8":"product_tag-coole-fussballtrikots","9":"product_tag-fc-barcelona-trikots","10":"product_tag-fussballtrikot-fuer-herren","11":"product_tag-fussballtrikot-guenstig-kaufen","12":"product_tag-fussballtrikot-kurzarm","13":"product_tag-guenstiges-fussballtrikot","15":"first","16":"instock","17":"shipping-taxable","18":"purchasable","19":"product-type-variable"},"_links":{"self":[{"href":"https:\/\/www.billigtrikotde.com\/fr\/wp-json\/wp\/v2\/product\/5037","targetHints":{"allow":["GET"]}}],"collection":[{"href":"https:\/\/www.billigtrikotde.com\/fr\/wp-json\/wp\/v2\/product"}],"about":[{"href":"https:\/\/www.billigtrikotde.com\/fr\/wp-json\/wp\/v2\/types\/product"}],"replies":[{"embeddable":true,"href":"https:\/\/www.billigtrikotde.com\/fr\/wp-json\/wp\/v2\/comments?post=5037"}],"wp:featuredmedia":[{"embeddable":true,"href":"https:\/\/www.billigtrikotde.com\/fr\/wp-json\/wp\/v2\/media\/5075"}],"wp:attachment":[{"href":"https:\/\/www.billigtrikotde.com\/fr\/wp-json\/wp\/v2\/media?parent=5037"}],"wp:term":[{"taxonomy":"product_brand","embeddable":true,"href":"https:\/\/www.billigtrikotde.com\/fr\/wp-json\/wp\/v2\/product_brand?post=5037"},{"taxonomy":"product_cat","embeddable":true,"href":"https:\/\/www.billigtrikotde.com\/fr\/wp-json\/wp\/v2\/product_cat?post=5037"},{"taxonomy":"product_tag","embeddable":true,"href":"https:\/\/www.billigtrikotde.com\/fr\/wp-json\/wp\/v2\/product_tag?post=5037"}],"curies":[{"name":"wp","href":"https:\/\/api.w.org\/{rel}","templated":true}]}}