{"id":4923,"date":"2024-10-23T16:13:26","date_gmt":"2024-10-23T14:13:26","guid":{"rendered":"http:\/\/billigtrikots.com\/?post_type=product&#038;p=4923"},"modified":"2024-10-23T16:15:43","modified_gmt":"2024-10-23T14:15:43","slug":"hummel-daenemark-2022-limited-edition-trikot-weiss-mit-roten","status":"publish","type":"product","link":"https:\/\/www.billigtrikotde.com\/fr\/hummel-daenemark-2022-limited-edition-trikot-weiss-mit-roten\/","title":{"rendered":"Hummel Danemark 2022 Limited-Edition Maillot Blanc avec Rouge"},"content":{"rendered":"<p>En collaboration avec la marque de mode BLS Hafnia, Hummel a con\u00e7u un nouveau maillot du Danemark en \u00e9dition limit\u00e9e, qui sera port\u00e9 lors du match amical contre la Serbie le 29 mars 2022. Le maillot est un hommage \u00e0 la nouvelle g\u00e9n\u00e9ration et fera partie d'une plus grande collection lifestyle de Hummel, BLS Hafnia et DBU.<br \/>\nLe maillot Danemark 2022 de Hummel en \u00e9dition limit\u00e9e est blanc avec des d\u00e9tails rouges. Le point fort r\u00e9side dans les rayures rouges, visibles aussi bien sur les \u00e9paules que sur les c\u00f4t\u00e9s du maillot Danemark 2022 en \u00e9dition limit\u00e9e de Hummel.<\/p>\n<p>Conseils pour l'impression : Si le nom et le num\u00e9ro figurant sur l'image correspondent exactement \u00e0 ce que vous souhaitez, vous ne devez pas les saisir \u00e0 nouveau. Si ce n'est pas le cas, vous devez saisir le nom et le num\u00e9ro que vous souhaitez.<\/p>\n<p>Conseils pour le lavage : Il est recommand\u00e9 de laver les maillots de football \u00e0 la main. Si vous souhaitez utiliser la machine \u00e0 laver, pensez \u00e0 retourner les maillots de football avant de les laver. Remplissez la machine avec de l'eau froide et utilisez un cycle de lavage d\u00e9licat pour mieux prot\u00e9ger les couleurs.<\/p>","protected":false},"excerpt":{"rendered":"<p>In Zusammenarbeit mit der Modemarke BLS Hafnia hat Hummel ein neues D\u00e4nemark-Trikot in limitierter Auflage entworfen, das beim Freundschaftsspiel gegen Serbien am 29. M\u00e4rz 2022 getragen wird.Das Trikot ist eine Hommage an die neue Generation und wird Teil einer gr\u00f6\u00dferen Lifestyle-Kollektion von Hummel, BLS Hafnia und DBU sein. Das Hummel D\u00e4nemark 2022 Trikot in limitierter [&hellip;]<\/p>","protected":false},"featured_media":4962,"comment_status":"open","ping_status":"closed","template":"","meta":[],"product_brand":[],"product_cat":[125],"product_tag":[20,126,22,23,238],"class_list":{"0":"post-4923","1":"product","2":"type-product","3":"status-publish","4":"has-post-thumbnail","6":"product_cat-daenemark-trikots","7":"product_tag-coole-fussballtrikots","8":"product_tag-daenemark-auswaertstrikot","9":"product_tag-fussballtrikot-guenstig-kaufen","10":"product_tag-fussballtrikot-kurzarm","11":"product_tag-hummel-daenemark-trikot","13":"first","14":"instock","15":"shipping-taxable","16":"purchasable","17":"product-type-variable"},"_links":{"self":[{"href":"https:\/\/www.billigtrikotde.com\/fr\/wp-json\/wp\/v2\/product\/4923","targetHints":{"allow":["GET"]}}],"collection":[{"href":"https:\/\/www.billigtrikotde.com\/fr\/wp-json\/wp\/v2\/product"}],"about":[{"href":"https:\/\/www.billigtrikotde.com\/fr\/wp-json\/wp\/v2\/types\/product"}],"replies":[{"embeddable":true,"href":"https:\/\/www.billigtrikotde.com\/fr\/wp-json\/wp\/v2\/comments?post=4923"}],"wp:featuredmedia":[{"embeddable":true,"href":"https:\/\/www.billigtrikotde.com\/fr\/wp-json\/wp\/v2\/media\/4962"}],"wp:attachment":[{"href":"https:\/\/www.billigtrikotde.com\/fr\/wp-json\/wp\/v2\/media?parent=4923"}],"wp:term":[{"taxonomy":"product_brand","embeddable":true,"href":"https:\/\/www.billigtrikotde.com\/fr\/wp-json\/wp\/v2\/product_brand?post=4923"},{"taxonomy":"product_cat","embeddable":true,"href":"https:\/\/www.billigtrikotde.com\/fr\/wp-json\/wp\/v2\/product_cat?post=4923"},{"taxonomy":"product_tag","embeddable":true,"href":"https:\/\/www.billigtrikotde.com\/fr\/wp-json\/wp\/v2\/product_tag?post=4923"}],"curies":[{"name":"wp","href":"https:\/\/api.w.org\/{rel}","templated":true}]}}