{"id":4793,"date":"2024-10-23T16:07:08","date_gmt":"2024-10-23T14:07:08","guid":{"rendered":"http:\/\/billigtrikots.com\/?post_type=product&#038;p=4793"},"modified":"2024-10-23T16:09:14","modified_gmt":"2024-10-23T14:09:14","slug":"spanien-auswaertstrikot-em-2021-weiss-kurzarm-kurze-hosen-morata-7","status":"publish","type":"product","link":"https:\/\/www.billigtrikotde.com\/fr\/spanien-auswaertstrikot-em-2021-weiss-kurzarm-kurze-hosen-morata-7\/","title":{"rendered":"Espagne Maillot Ext\u00e9rieur Euro 2021 Blanc Manches Courtes + Cuissard MORATA 7"},"content":{"rendered":"<p>Vous soutenez votre \u00e9quipe dans les bons comme dans les mauvais moments avec le mod\u00e8le respirant en blanc. S\u00fbr, la d\u00e9cision parfaite \u2013 le maillot d'adidas. En tant que vrai fan d'Espagne, vous avez besoin de ce maillot ext\u00e9rieur que les joueurs portent lors du championnat d'Europe. Le fonctionnement confortable, \u00e9vacuant la transpiration, respirant et l\u00e9ger vous convaincra. Une grande durabilit\u00e9 vous est offerte. Le superbe look de ce maillot est soulign\u00e9 par un logo de l'association sur la poitrine. \u00c9quip\u00e9 de ce maillot, vous montrez votre esprit d'\u00e9quipe et vous adoptez une silhouette sportive partout.<\/p>\n<p>Certains instants restent \u00e0 jamais grav\u00e9s dans les m\u00e9moires. Sans doute, chaque fan d'Espagne se souvient de l'euphorie de la victoire et des confettis lorsque l'\u00e9quipe a pu lever le troph\u00e9e en Afrique du Sud. Le maillot ext\u00e9rieur reprend cette image avec un design abstrait, peint \u00e0 la main. Le mat\u00e9riau doux et \u00e0 s\u00e9chage rapide assure aussi un confort de port sur le terrain ou au stade. Le logo tiss\u00e9 de l'association sur la poitrine montre pour quelle \u00e9quipe bat votre c\u0153ur.<\/p>\n<p>Conseils pour l'impression : Si le nom et le num\u00e9ro figurant sur l'image correspondent exactement \u00e0 ce que vous souhaitez, vous ne devez pas les saisir \u00e0 nouveau. Si ce n'est pas le cas, vous devez saisir le nom et le num\u00e9ro que vous souhaitez.<\/p>\n<p>Conseils pour le lavage : Il est recommand\u00e9 de laver les maillots de football \u00e0 la main. Si vous souhaitez utiliser la machine \u00e0 laver, pensez \u00e0 retourner les maillots de football avant de les laver. Remplissez la machine avec de l'eau froide et utilisez un cycle de lavage d\u00e9licat pour mieux prot\u00e9ger les couleurs.<\/p>","protected":false},"excerpt":{"rendered":"<p>Du unterst\u00fctzt dein Team in guten wie in schlechten Zeiten mit dem atmungsaktiven Modell in Wei\u00df. Sicher die perfekte Entscheidung \u2013 das Trikot von adidas. Als echter Spanien-Fan brauchst du dieses Ausw\u00e4rts-Trikot, das die Spieler bei der Europameisterschaft tragen. Die bequeme, schwei\u00dfableitende, atmungsaktive und leichte Funktionsweise l\u00e4sst es \u00fcberzeugen. Eine hohe Haltbarkeit wird dir geboten. [&hellip;]<\/p>","protected":false},"featured_media":4833,"comment_status":"open","ping_status":"closed","template":"","meta":[],"product_brand":[],"product_cat":[131],"product_tag":[20,21,22,23,24,132],"class_list":{"0":"post-4793","1":"product","2":"type-product","3":"status-publish","4":"has-post-thumbnail","6":"product_cat-spanien-trikots","7":"product_tag-coole-fussballtrikots","8":"product_tag-fussballtrikot-fuer-herren","9":"product_tag-fussballtrikot-guenstig-kaufen","10":"product_tag-fussballtrikot-kurzarm","11":"product_tag-guenstiges-fussballtrikot","12":"product_tag-spanien-heimtrikot","14":"first","15":"instock","16":"shipping-taxable","17":"purchasable","18":"product-type-variable"},"_links":{"self":[{"href":"https:\/\/www.billigtrikotde.com\/fr\/wp-json\/wp\/v2\/product\/4793","targetHints":{"allow":["GET"]}}],"collection":[{"href":"https:\/\/www.billigtrikotde.com\/fr\/wp-json\/wp\/v2\/product"}],"about":[{"href":"https:\/\/www.billigtrikotde.com\/fr\/wp-json\/wp\/v2\/types\/product"}],"replies":[{"embeddable":true,"href":"https:\/\/www.billigtrikotde.com\/fr\/wp-json\/wp\/v2\/comments?post=4793"}],"wp:featuredmedia":[{"embeddable":true,"href":"https:\/\/www.billigtrikotde.com\/fr\/wp-json\/wp\/v2\/media\/4833"}],"wp:attachment":[{"href":"https:\/\/www.billigtrikotde.com\/fr\/wp-json\/wp\/v2\/media?parent=4793"}],"wp:term":[{"taxonomy":"product_brand","embeddable":true,"href":"https:\/\/www.billigtrikotde.com\/fr\/wp-json\/wp\/v2\/product_brand?post=4793"},{"taxonomy":"product_cat","embeddable":true,"href":"https:\/\/www.billigtrikotde.com\/fr\/wp-json\/wp\/v2\/product_cat?post=4793"},{"taxonomy":"product_tag","embeddable":true,"href":"https:\/\/www.billigtrikotde.com\/fr\/wp-json\/wp\/v2\/product_tag?post=4793"}],"curies":[{"name":"wp","href":"https:\/\/api.w.org\/{rel}","templated":true}]}}