{"id":471,"date":"2024-10-23T12:50:40","date_gmt":"2024-10-23T10:50:40","guid":{"rendered":"http:\/\/billigtrikots.com\/?post_type=product&#038;p=471"},"modified":"2024-10-23T12:52:13","modified_gmt":"2024-10-23T10:52:13","slug":"fc-barcelona-herren-3rd-trikot-2021-22-dunkelblau-gelb-mit-aufdruck-jordi-alba-18","status":"publish","type":"product","link":"https:\/\/www.billigtrikotde.com\/fr\/fc-barcelona-herren-3rd-trikot-2021-22-dunkelblau-gelb-mit-aufdruck-jordi-alba-18\/","title":{"rendered":"Maillot third homme FC Barcelone 2021\/22 bleu fonc\u00e9\/jaune avec impression Jordi Alba 18"},"content":{"rendered":"<p>Comme d'autres maillots de notre collection de stade, le maillot du FC Barcelone associe des d\u00e9tails de conception reproduits \u00e0 un mat\u00e9riau qui \u00e9vacue la transpiration, pour vous offrir un look pr\u00eat \u00e0 jouer, inspir\u00e9 par votre \u00e9quipe favorite.<\/p>\n<p>Dieses Produkt besteht zu 100 % aus recycelten Polyesterfasern. Atmungsaktives Material mit Nike Dri-FIT-Technologie leitet Schwei\u00df von deiner Haut weg, damit es schneller verdunstet und du trocken und bequem bleibst.<\/p>\n<p>Das Replikat-Design ist dem nachempfunden, was die Profis auf dem Feld tragen.<\/p>\n<p>Conseils pour l'impression : Si le nom et le num\u00e9ro figurant sur l'image correspondent exactement \u00e0 ce que vous souhaitez, vous ne devez pas les saisir \u00e0 nouveau. Si ce n'est pas le cas, vous devez saisir le nom et le num\u00e9ro que vous souhaitez.<\/p>\n<p>Conseils pour le lavage : Il est recommand\u00e9 de laver les maillots de football \u00e0 la main. Si vous souhaitez utiliser la machine \u00e0 laver, pensez \u00e0 retourner les maillots de football avant de les laver. Remplissez la machine avec de l'eau froide et utilisez un cycle de lavage d\u00e9licat pour mieux prot\u00e9ger les couleurs.<\/p>","protected":false},"excerpt":{"rendered":"<p>Comme d'autres maillots de notre collection de stade, le maillot du FC Barcelone combine des d\u00e9tails de design reproduits avec un mat\u00e9riau qui \u00e9vacue la transpiration pour vous donner un look pr\u00eat \u00e0 jouer, inspir\u00e9 par votre \u00e9quipe favorite. Ce produit est compos\u00e9 \u00e0 100 % de fibres de polyester recycl\u00e9es. Un mat\u00e9riau respirant avec la technologie Nike Dri-FIT \u00e9vacue la transpiration de votre peau pour une \u00e9vaporation plus rapide et vous [...]<\/p>","protected":false},"featured_media":502,"comment_status":"open","ping_status":"closed","template":"","meta":[],"product_brand":[],"product_cat":[31],"product_tag":[20,37,33,21,22,23,24],"class_list":{"0":"post-471","1":"product","2":"type-product","3":"status-publish","4":"has-post-thumbnail","6":"product_cat-fc-barcelona","7":"product_tag-coole-fussballtrikots","8":"product_tag-fc-barcelona-ausweichtrikot","9":"product_tag-fc-barcelona-trikots","10":"product_tag-fussballtrikot-fuer-herren","11":"product_tag-fussballtrikot-guenstig-kaufen","12":"product_tag-fussballtrikot-kurzarm","13":"product_tag-guenstiges-fussballtrikot","15":"first","16":"instock","17":"shipping-taxable","18":"purchasable","19":"product-type-variable"},"_links":{"self":[{"href":"https:\/\/www.billigtrikotde.com\/fr\/wp-json\/wp\/v2\/product\/471","targetHints":{"allow":["GET"]}}],"collection":[{"href":"https:\/\/www.billigtrikotde.com\/fr\/wp-json\/wp\/v2\/product"}],"about":[{"href":"https:\/\/www.billigtrikotde.com\/fr\/wp-json\/wp\/v2\/types\/product"}],"replies":[{"embeddable":true,"href":"https:\/\/www.billigtrikotde.com\/fr\/wp-json\/wp\/v2\/comments?post=471"}],"wp:featuredmedia":[{"embeddable":true,"href":"https:\/\/www.billigtrikotde.com\/fr\/wp-json\/wp\/v2\/media\/502"}],"wp:attachment":[{"href":"https:\/\/www.billigtrikotde.com\/fr\/wp-json\/wp\/v2\/media?parent=471"}],"wp:term":[{"taxonomy":"product_brand","embeddable":true,"href":"https:\/\/www.billigtrikotde.com\/fr\/wp-json\/wp\/v2\/product_brand?post=471"},{"taxonomy":"product_cat","embeddable":true,"href":"https:\/\/www.billigtrikotde.com\/fr\/wp-json\/wp\/v2\/product_cat?post=471"},{"taxonomy":"product_tag","embeddable":true,"href":"https:\/\/www.billigtrikotde.com\/fr\/wp-json\/wp\/v2\/product_tag?post=471"}],"curies":[{"name":"wp","href":"https:\/\/api.w.org\/{rel}","templated":true}]}}