{"id":4705,"date":"2024-10-23T16:03:00","date_gmt":"2024-10-23T14:03:00","guid":{"rendered":"http:\/\/billigtrikots.com\/?post_type=product&#038;p=4705"},"modified":"2024-10-23T16:05:11","modified_gmt":"2024-10-23T14:05:11","slug":"manchester-city-21-22-drittes-trikot-marineblau-guenstige","status":"publish","type":"product","link":"https:\/\/www.billigtrikotde.com\/fr\/manchester-city-21-22-drittes-trikot-marineblau-guenstige\/","title":{"rendered":"Manchester City 21-22 Troisi\u00e8me Maillot Bleu Marine Pas Cher"},"content":{"rendered":"<p>Bas\u00e9 sur le design a\u00e9rodynamique du troisi\u00e8me maillot Puma 21-22, le troisi\u00e8me maillot Puma Manchester City 21-22 affiche le nom du club \u00e0 la place du blason. Sur le devant, se trouve l'inscription Man City, entour\u00e9e de deux lignes bleu ciel. Tous les autres logos sont blancs. Un motif de blason discret est appliqu\u00e9 sur l'ensemble du maillot, tandis que l'\u00e9cusson est \u00e9galement visible sur le haut du dos, juste en dessous du col.<\/p>\n<p>Conseils pour l'impression : Si le nom et le num\u00e9ro figurant sur l'image correspondent exactement \u00e0 ce que vous souhaitez, vous ne devez pas les saisir \u00e0 nouveau. Si ce n'est pas le cas, vous devez saisir le nom et le num\u00e9ro que vous souhaitez.<\/p>\n<p>Conseils pour le lavage : Il est recommand\u00e9 de laver les maillots de football \u00e0 la main. Si vous souhaitez utiliser la machine \u00e0 laver, pensez \u00e0 retourner les maillots de football avant de les laver. Remplissez la machine avec de l'eau froide et utilisez un cycle de lavage d\u00e9licat pour mieux prot\u00e9ger les couleurs.<\/p>","protected":false},"excerpt":{"rendered":"<p>Basierend auf dem stromlinienf\u00f6rmigen Puma 21-22 dritten Trikot Design, zeigt das Puma Manchester City 21-22 dritte Trikot den Vereinsnamen anstelle des Wappens.Auf der Vorderseite befindet sich der Schriftzug Man City, umgeben von zwei himmelblauen Linien. Alle anderen Logos sind wei\u00df.Ein dezentes Wappenmuster ist auf dem gesamten Trikot angebracht, w\u00e4hrend das Abzeichen auch auf dem oberen [&hellip;]<\/p>","protected":false},"featured_media":4739,"comment_status":"open","ping_status":"closed","template":"","meta":[],"product_brand":[],"product_cat":[82],"product_tag":[20,21,22,23,24,233,83,84],"class_list":{"0":"post-4705","1":"product","2":"type-product","3":"status-publish","4":"has-post-thumbnail","6":"product_cat-manchester-city","7":"product_tag-coole-fussballtrikots","8":"product_tag-fussballtrikot-fuer-herren","9":"product_tag-fussballtrikot-guenstig-kaufen","10":"product_tag-fussballtrikot-kurzarm","11":"product_tag-guenstiges-fussballtrikot","12":"product_tag-manchester-city-21-22-drittes-trikot","13":"product_tag-manchester-city-auswaertstrikot","14":"product_tag-manchester-city-trikots","16":"first","17":"instock","18":"shipping-taxable","19":"purchasable","20":"product-type-variable"},"_links":{"self":[{"href":"https:\/\/www.billigtrikotde.com\/fr\/wp-json\/wp\/v2\/product\/4705","targetHints":{"allow":["GET"]}}],"collection":[{"href":"https:\/\/www.billigtrikotde.com\/fr\/wp-json\/wp\/v2\/product"}],"about":[{"href":"https:\/\/www.billigtrikotde.com\/fr\/wp-json\/wp\/v2\/types\/product"}],"replies":[{"embeddable":true,"href":"https:\/\/www.billigtrikotde.com\/fr\/wp-json\/wp\/v2\/comments?post=4705"}],"wp:featuredmedia":[{"embeddable":true,"href":"https:\/\/www.billigtrikotde.com\/fr\/wp-json\/wp\/v2\/media\/4739"}],"wp:attachment":[{"href":"https:\/\/www.billigtrikotde.com\/fr\/wp-json\/wp\/v2\/media?parent=4705"}],"wp:term":[{"taxonomy":"product_brand","embeddable":true,"href":"https:\/\/www.billigtrikotde.com\/fr\/wp-json\/wp\/v2\/product_brand?post=4705"},{"taxonomy":"product_cat","embeddable":true,"href":"https:\/\/www.billigtrikotde.com\/fr\/wp-json\/wp\/v2\/product_cat?post=4705"},{"taxonomy":"product_tag","embeddable":true,"href":"https:\/\/www.billigtrikotde.com\/fr\/wp-json\/wp\/v2\/product_tag?post=4705"}],"curies":[{"name":"wp","href":"https:\/\/api.w.org\/{rel}","templated":true}]}}