{"id":4699,"date":"2024-10-23T16:02:30","date_gmt":"2024-10-23T14:02:30","guid":{"rendered":"http:\/\/billigtrikots.com\/?post_type=product&#038;p=4699"},"modified":"2024-10-23T16:04:40","modified_gmt":"2024-10-23T14:04:40","slug":"guenstige-fussballtrikots-brighton-hove-albion-21-22-trikot-blau-und-weiss","status":"publish","type":"product","link":"https:\/\/www.billigtrikotde.com\/fr\/guenstige-fussballtrikots-brighton-hove-albion-21-22-trikot-blau-und-weiss\/","title":{"rendered":"Maillots de football bon march\u00e9 Brighton &amp; Hove Albion 21-22 Maillot bleu et blanc"},"content":{"rendered":"<p>Le maillot de Brighton &amp; Hove Albion 2021-2022 a \u00e9t\u00e9 pr\u00e9sent\u00e9 ce soir, \u00e0 l'occasion de la premi\u00e8re au domicile en Premier League contre Manchester City. Le maillot Nike Brighton &amp; Hove Albion 21-22 ram\u00e8ne les rayures traditionnelles apr\u00e8s le look ray\u00e9 pinstripe 20-21. Il y a cinq rayures bleues et quatre rayures blanches sur le devant, les manches et le bas du dos du maillot de football Nike Brighton &amp; Hove Albion 2021-2022.<br \/>\nLe bleu et blanc est associ\u00e9 au jaune, utilis\u00e9 pour le swoosh ainsi que les rayures lat\u00e9rales et les d\u00e9tails sur le col \u2013 y compris le texte 10 Years at the Amex, qui c\u00e9l\u00e8bre le 10e anniversaire de l'ouverture du stade en 2011.<\/p>\n<p>Conseils pour l'impression : Si le nom et le num\u00e9ro figurant sur l'image correspondent exactement \u00e0 ce que vous souhaitez, vous ne devez pas les saisir \u00e0 nouveau. Si ce n'est pas le cas, vous devez saisir le nom et le num\u00e9ro que vous souhaitez.<\/p>\n<p>Conseils pour le lavage : Il est recommand\u00e9 de laver les maillots de football \u00e0 la main. Si vous souhaitez utiliser la machine \u00e0 laver, pensez \u00e0 retourner les maillots de football avant de les laver. Remplissez la machine avec de l'eau froide et utilisez un cycle de lavage d\u00e9licat pour mieux prot\u00e9ger les couleurs.<\/p>","protected":false},"excerpt":{"rendered":"<p>Le maillot de Brighton &amp; Hove Albion 2021-2022 a \u00e9t\u00e9 pr\u00e9sent\u00e9 ce soir, \u00e0 l'occasion de ses d\u00e9buts en ouverture de la Premier League \u00e0 domicile contre Manchester City. Le maillot Nike Brighton &amp; Hove Albion 21-22 ram\u00e8ne, apr\u00e8s l'apparence \u00e0 rayures fines de 20-21, les rayures traditionnelles. Il existe cinq rayures bleues et quatre rayures blanches sur l'avant, les manches et le bas du dos [...]<\/p>","protected":false},"featured_media":4738,"comment_status":"open","ping_status":"closed","template":"","meta":[],"product_brand":[],"product_cat":[15],"product_tag":[20,232,35,21,23,24],"class_list":{"0":"post-4699","1":"product","2":"type-product","3":"status-publish","4":"has-post-thumbnail","6":"product_cat-unkategorisiert","7":"product_tag-coole-fussballtrikots","8":"product_tag-brighton-hove-albion-21-22-trikot","9":"product_tag-fussball-torwarttrikots","10":"product_tag-fussballtrikot-fuer-herren","11":"product_tag-fussballtrikot-kurzarm","12":"product_tag-guenstiges-fussballtrikot","14":"first","15":"instock","16":"shipping-taxable","17":"purchasable","18":"product-type-variable"},"_links":{"self":[{"href":"https:\/\/www.billigtrikotde.com\/fr\/wp-json\/wp\/v2\/product\/4699","targetHints":{"allow":["GET"]}}],"collection":[{"href":"https:\/\/www.billigtrikotde.com\/fr\/wp-json\/wp\/v2\/product"}],"about":[{"href":"https:\/\/www.billigtrikotde.com\/fr\/wp-json\/wp\/v2\/types\/product"}],"replies":[{"embeddable":true,"href":"https:\/\/www.billigtrikotde.com\/fr\/wp-json\/wp\/v2\/comments?post=4699"}],"wp:featuredmedia":[{"embeddable":true,"href":"https:\/\/www.billigtrikotde.com\/fr\/wp-json\/wp\/v2\/media\/4738"}],"wp:attachment":[{"href":"https:\/\/www.billigtrikotde.com\/fr\/wp-json\/wp\/v2\/media?parent=4699"}],"wp:term":[{"taxonomy":"product_brand","embeddable":true,"href":"https:\/\/www.billigtrikotde.com\/fr\/wp-json\/wp\/v2\/product_brand?post=4699"},{"taxonomy":"product_cat","embeddable":true,"href":"https:\/\/www.billigtrikotde.com\/fr\/wp-json\/wp\/v2\/product_cat?post=4699"},{"taxonomy":"product_tag","embeddable":true,"href":"https:\/\/www.billigtrikotde.com\/fr\/wp-json\/wp\/v2\/product_tag?post=4699"}],"curies":[{"name":"wp","href":"https:\/\/api.w.org\/{rel}","templated":true}]}}