{"id":4666,"date":"2024-10-23T16:00:52","date_gmt":"2024-10-23T14:00:52","guid":{"rendered":"http:\/\/billigtrikots.com\/?post_type=product&#038;p=4666"},"modified":"2024-10-23T16:03:28","modified_gmt":"2024-10-23T14:03:28","slug":"argentina-world-cup-home-shirt-wm-trikot-2022","status":"publish","type":"product","link":"https:\/\/www.billigtrikotde.com\/fr\/argentina-world-cup-home-shirt-wm-trikot-2022\/","title":{"rendered":"Argentine maillot domicile Coupe du Monde WM-trikot 2022"},"content":{"rendered":"<p>L'Argentine entrera dans la Coupe du monde 2022 au Qatar avec de nouveaux maillots frais fabriqu\u00e9s par Adidas, la Albiceleste obtenant un design diff\u00e9rent cette fois. Le maillot domicile de la Coupe du monde 2022 de l'Argentine avec Adidas optant pour les habituels rayures bleues et blanches qui sont destin\u00e9es \u00e0 repr\u00e9senter le drapeau national de l'Argentine. Le domicile de l'Argentine [\u2026]<br \/>\nArgentina\u2019s home kit for the 2022 World Cup is predominantly white with a brand-new Adidas logo in black, which will make its football debut with the 2022 World Cup kits. The stripes on the new Argentina 2022 World Cup home football shirt are truly unusual \u2013 rather than featuring the same width, there are two thinner sky blue stripes in the center, with two wider ones on the outside of the shirt. These larger stripes are about three times as wide as the ones in the middle.<br \/>\nArgentinians across the world will be looking forward to seeing their players represent their motherland and hope they come back with the trophy. The competition is set to be Lionel Messi\u2019s last world cup and the Parisien will be looking to finish his international career on a high.<\/p>","protected":false},"excerpt":{"rendered":"<p>L'Argentine entrera dans la Coupe du monde 2022 au Qatar avec de nouveaux maillots frais fabriqu\u00e9s par Adidas, la Albiceleste obtenant un design diff\u00e9rent cette fois. Le maillot domicile de la Coupe du monde 2022 de l'Argentine avec Adidas optant pour les habituels rayures bleues et blanches qui sont destin\u00e9es \u00e0 repr\u00e9senter le drapeau national de l'Argentine. Le domicile de l'Argentine [\u2026]<\/p>","protected":false},"featured_media":4703,"comment_status":"open","ping_status":"closed","template":"","meta":[],"product_brand":[],"product_cat":[111],"product_tag":[231,20,222,21,22,23,24],"class_list":{"0":"post-4666","1":"product","2":"type-product","3":"status-publish","4":"has-post-thumbnail","6":"product_cat-nationaltrikot","7":"product_tag-argentina-trikots","8":"product_tag-coole-fussballtrikots","9":"product_tag-fussball-wm-2022-trikots","10":"product_tag-fussballtrikot-fuer-herren","11":"product_tag-fussballtrikot-guenstig-kaufen","12":"product_tag-fussballtrikot-kurzarm","13":"product_tag-guenstiges-fussballtrikot","15":"first","16":"instock","17":"shipping-taxable","18":"purchasable","19":"product-type-variable"},"_links":{"self":[{"href":"https:\/\/www.billigtrikotde.com\/fr\/wp-json\/wp\/v2\/product\/4666","targetHints":{"allow":["GET"]}}],"collection":[{"href":"https:\/\/www.billigtrikotde.com\/fr\/wp-json\/wp\/v2\/product"}],"about":[{"href":"https:\/\/www.billigtrikotde.com\/fr\/wp-json\/wp\/v2\/types\/product"}],"replies":[{"embeddable":true,"href":"https:\/\/www.billigtrikotde.com\/fr\/wp-json\/wp\/v2\/comments?post=4666"}],"wp:featuredmedia":[{"embeddable":true,"href":"https:\/\/www.billigtrikotde.com\/fr\/wp-json\/wp\/v2\/media\/4703"}],"wp:attachment":[{"href":"https:\/\/www.billigtrikotde.com\/fr\/wp-json\/wp\/v2\/media?parent=4666"}],"wp:term":[{"taxonomy":"product_brand","embeddable":true,"href":"https:\/\/www.billigtrikotde.com\/fr\/wp-json\/wp\/v2\/product_brand?post=4666"},{"taxonomy":"product_cat","embeddable":true,"href":"https:\/\/www.billigtrikotde.com\/fr\/wp-json\/wp\/v2\/product_cat?post=4666"},{"taxonomy":"product_tag","embeddable":true,"href":"https:\/\/www.billigtrikotde.com\/fr\/wp-json\/wp\/v2\/product_tag?post=4666"}],"curies":[{"name":"wp","href":"https:\/\/api.w.org\/{rel}","templated":true}]}}