{"id":4642,"date":"2024-10-23T15:59:41","date_gmt":"2024-10-23T13:59:41","guid":{"rendered":"http:\/\/billigtrikots.com\/?post_type=product&#038;p=4642"},"modified":"2024-10-23T16:02:19","modified_gmt":"2024-10-23T14:02:19","slug":"city-of-dreams-kit-la-galaxy-fans-home-shirt-2022-2023-football-jersey-pavon-10","status":"publish","type":"product","link":"https:\/\/www.billigtrikotde.com\/fr\/city-of-dreams-kit-la-galaxy-fans-home-shirt-2022-2023-football-jersey-pavon-10\/","title":{"rendered":"Kit City of Dreams LA Galaxy fans domicile maillot 2022-2023 maillot de football PAVON 10"},"content":{"rendered":"<p>Le kit de la ville des r\u00eaves rend hommage aux maillots blancs propres, classiques et \u00e9l\u00e9gants de l'histoire du Galaxy avec une touche LA pour repr\u00e9senter la ville des r\u00eaves et la ville des \u00e9toiles. La puissance et l'\u00e9nergie du quasar repr\u00e9sentent le c\u0153ur du Galaxy et les r\u00eaveurs, cr\u00e9ateurs et innovateurs qui composent Los [\u2026]<\/p>","protected":false},"excerpt":{"rendered":"<p>Le kit de la ville des r\u00eaves rend hommage aux maillots blancs propres, classiques et \u00e9l\u00e9gants de l'histoire du Galaxy avec une touche LA pour repr\u00e9senter la ville des r\u00eaves et la ville des \u00e9toiles. La puissance et l'\u00e9nergie du quasar repr\u00e9sentent le c\u0153ur du Galaxy et les r\u00eaveurs, cr\u00e9ateurs et innovateurs qui composent Los [\u2026]<\/p>","protected":false},"featured_media":4680,"comment_status":"open","ping_status":"closed","template":"","meta":[],"product_brand":[],"product_cat":[182],"product_tag":[20,21,22,23,24,183,184],"class_list":{"0":"post-4642","1":"product","2":"type-product","3":"status-publish","4":"has-post-thumbnail","6":"product_cat-la-galaxy","7":"product_tag-coole-fussballtrikots","8":"product_tag-fussballtrikot-fuer-herren","9":"product_tag-fussballtrikot-guenstig-kaufen","10":"product_tag-fussballtrikot-kurzarm","11":"product_tag-guenstiges-fussballtrikot","12":"product_tag-la-galaxy-away-shirt","13":"product_tag-la-galaxy-trikots","15":"first","16":"instock","17":"shipping-taxable","18":"purchasable","19":"product-type-variable"},"_links":{"self":[{"href":"https:\/\/www.billigtrikotde.com\/fr\/wp-json\/wp\/v2\/product\/4642","targetHints":{"allow":["GET"]}}],"collection":[{"href":"https:\/\/www.billigtrikotde.com\/fr\/wp-json\/wp\/v2\/product"}],"about":[{"href":"https:\/\/www.billigtrikotde.com\/fr\/wp-json\/wp\/v2\/types\/product"}],"replies":[{"embeddable":true,"href":"https:\/\/www.billigtrikotde.com\/fr\/wp-json\/wp\/v2\/comments?post=4642"}],"wp:featuredmedia":[{"embeddable":true,"href":"https:\/\/www.billigtrikotde.com\/fr\/wp-json\/wp\/v2\/media\/4680"}],"wp:attachment":[{"href":"https:\/\/www.billigtrikotde.com\/fr\/wp-json\/wp\/v2\/media?parent=4642"}],"wp:term":[{"taxonomy":"product_brand","embeddable":true,"href":"https:\/\/www.billigtrikotde.com\/fr\/wp-json\/wp\/v2\/product_brand?post=4642"},{"taxonomy":"product_cat","embeddable":true,"href":"https:\/\/www.billigtrikotde.com\/fr\/wp-json\/wp\/v2\/product_cat?post=4642"},{"taxonomy":"product_tag","embeddable":true,"href":"https:\/\/www.billigtrikotde.com\/fr\/wp-json\/wp\/v2\/product_tag?post=4642"}],"curies":[{"name":"wp","href":"https:\/\/api.w.org\/{rel}","templated":true}]}}